{"id":692348,"date":"2025-08-27T14:06:08","date_gmt":"2025-08-27T11:06:08","guid":{"rendered":"https:\/\/roveyayinevi.com.tr\/index.php\/urun\/hayat-sana-tesekkur-ederim\/"},"modified":"2026-04-08T02:03:26","modified_gmt":"2026-04-07T23:03:26","slug":"hayat-sana-tesekkur-ederim","status":"publish","type":"product","link":"https:\/\/roveyayinevi.com.tr\/index.php\/urun\/hayat-sana-tesekkur-ederim\/","title":{"rendered":"Hayat Sana Te\u015fekk\u00fcr Ederim"},"content":{"rendered":"<p>Te\u015fekk\u00fcr etmeyi bilin ki hayat\u0131n\u0131zda te\u015fekk\u00fcr edece\u011finiz \u015feyler \u00e7o\u011fals\u0131n. \u00c7o\u011fu insan, sahip olduklar\u0131n\u0131n de\u011ferini bilmek yerine sahip olmad\u0131klar\u0131na odaklanarak hay\u0131flan\u0131r ve bu y\u00fczden mutsuz olur, hatta ac\u0131 \u00e7eker. Oysa \u015f\u00fckran duymay\u0131 bilmek, sahip olduklar\u0131n\u0131n de\u011ferini bilerek hayata te\u015fekk\u00fcretmektir. \u201c\u015e\u00fckran, erdemlerin en b\u00fcy\u00fc\u011f\u00fc olmakla kalmaz, t\u00fcm erdemlerin de anas\u0131d\u0131r\u201d der \u00c7i\u00e7ero. \u015e\u00fckran duyman\u0131n, hayat\u0131n iyi yanlar\u0131na odaklanman\u0131n, ba\u011f\u0131\u015f\u0131kl\u0131k sistemini g\u00fc\u00e7lendirdi\u011fini biliyor musunuz? Ve tabii bunu bir ya\u015fam tarz\u0131 haline getirdi\u011finizde b\u00fct\u00fcn ili\u015fkilerinizin, hayat\u0131n\u0131z\u0131n ak\u0131\u015f\u0131n\u0131n de\u011fi\u015fmesi, d\u00f6n\u00fc\u015fmesi ka\u00e7\u0131n\u0131lmazd\u0131r. \u015e\u00fckran duymay\u0131 bilmek hayattan doyum alan mutlu insanlar\u0131n ortak tutumlar\u0131ndan biridir. Ger\u00e7ek bir ke\u015fif yolculu\u011fu i\u00e7in yeni yerler aramak de\u011fil, yeni g\u00f6zlerle bakmak gerekir. Janice Kaplan, bir y\u0131l boyunca her g\u00fcn ya\u015fad\u0131klar\u0131na farkl\u0131 bir \u015fekilde, yeni g\u00f6zlerle bakmaya karar verir&#8230; Ve elbette bu yeni bak\u0131\u015f a\u00e7\u0131s\u0131yla her g\u00fcn \u015f\u00fckran duyaca\u011f\u0131 bir \u015fey bulacakt\u0131r. Sonucun hayat\u0131n\u0131n kalitesine olumlu etkisi \u015fa\u015f\u0131rt\u0131c\u0131 boyutta olur. Evlili\u011fi, \u00e7ocuklar\u0131yla ve dostlar\u0131yla ili\u015fkileri, sa\u011fl\u0131\u011f\u0131, i\u015f hayat\u0131&#8230; her \u015fey ama her \u015fey art\u0131k \u00e7ok farkl\u0131d\u0131r. Bu de\u011fi\u015fim-d\u00f6n\u00fc\u015f\u00fcm s\u00fcrecini, ya\u015fad\u0131klar\u0131n\u0131, deneyimlerini e\u011flenceli bir dille, i\u00e7tenlikle anlatan yazar ilgin\u00e7 pratikler, y\u00f6ntemler \u00f6nerirken ayr\u0131ca \u00e7e\u015fitli bilim insanlar\u0131n\u0131n g\u00f6r\u00fc\u015flerini de payla\u015f\u0131yor. Her g\u00fcn \u015f\u00fckran duyaca\u011f\u0131n\u0131z bir \u015fey mutlaka vard\u0131r, bunu g\u00f6r\u00fcr ve k\u0131ymetini bilirseniz sizin de hayat\u0131n\u0131z de\u011fi\u015fir! <\/p>\n","protected":false},"excerpt":{"rendered":"<p>Te\u015fekk\u00fcr etmeyi bilin ki hayat\u0131n\u0131zda te\u015fekk\u00fcr edece\u011finiz \u015feyler \u00e7o\u011fals\u0131n. \u00c7o\u011fu insan, sahip olduklar\u0131n\u0131n de\u011ferini bilmek yerine sahip olmad\u0131klar\u0131na odaklanarak hay\u0131flan\u0131r ve bu y\u00fczden mutsuz olur, hatta<span class=\"excerpt-hellip\"> [\u2026]<\/span><\/p>\n","protected":false},"featured_media":0,"template":"","meta":{"_monsterinsights_skip_tracking":false,"_monsterinsights_sitenote_active":false,"_monsterinsights_sitenote_note":"","_monsterinsights_sitenote_category":0},"product_brand":[],"product_cat":[12364,12376],"product_tag":[],"class_list":{"0":"post-692348","1":"product","2":"type-product","3":"status-publish","5":"product_cat-genel-konular","6":"product_cat-kisisel-gelisim","7":"pa_tur-kitap","8":"pa_yayinevi-kuraldisi-yayinevi","9":"pa_yazar-janice-kaplan","11":"first","12":"instock","13":"sale","14":"shipping-taxable","15":"purchasable","16":"product-type-simple"},"_links":{"self":[{"href":"https:\/\/roveyayinevi.com.tr\/index.php\/wp-json\/wp\/v2\/product\/692348","targetHints":{"allow":["GET"]}}],"collection":[{"href":"https:\/\/roveyayinevi.com.tr\/index.php\/wp-json\/wp\/v2\/product"}],"about":[{"href":"https:\/\/roveyayinevi.com.tr\/index.php\/wp-json\/wp\/v2\/types\/product"}],"wp:attachment":[{"href":"https:\/\/roveyayinevi.com.tr\/index.php\/wp-json\/wp\/v2\/media?parent=692348"}],"wp:term":[{"taxonomy":"product_brand","embeddable":true,"href":"https:\/\/roveyayinevi.com.tr\/index.php\/wp-json\/wp\/v2\/product_brand?post=692348"},{"taxonomy":"product_cat","embeddable":true,"href":"https:\/\/roveyayinevi.com.tr\/index.php\/wp-json\/wp\/v2\/product_cat?post=692348"},{"taxonomy":"product_tag","embeddable":true,"href":"https:\/\/roveyayinevi.com.tr\/index.php\/wp-json\/wp\/v2\/product_tag?post=692348"}],"curies":[{"name":"wp","href":"https:\/\/api.w.org\/{rel}","templated":true}]}}