{"id":692347,"date":"2025-08-27T14:06:08","date_gmt":"2025-08-27T11:06:08","guid":{"rendered":"https:\/\/roveyayinevi.com.tr\/index.php\/urun\/millet-ve-milliyetcilik\/"},"modified":"2026-04-16T02:02:29","modified_gmt":"2026-04-15T23:02:29","slug":"millet-ve-milliyetcilik","status":"publish","type":"product","link":"https:\/\/roveyayinevi.com.tr\/index.php\/urun\/millet-ve-milliyetcilik\/","title":{"rendered":"Millet ve Milliyet\u00e7ilik"},"content":{"rendered":"<p>Bu kitab\u0131n amac\u0131, bilimin, millet ve milliyet\u00e7ilik hakk\u0131nda s\u00f6ylediklerini uzman olmayanlar\u0131n da anlayaca\u011f\u0131 bir dille a\u00e7\u0131klamakt\u0131r. <\/p>\n","protected":false},"excerpt":{"rendered":"<p>Bu kitab\u0131n amac\u0131, bilimin, millet ve milliyet\u00e7ilik hakk\u0131nda s\u00f6ylediklerini uzman olmayanlar\u0131n da anlayaca\u011f\u0131 bir dille a\u00e7\u0131klamakt\u0131r.<\/p>\n","protected":false},"featured_media":0,"template":"","meta":{"_monsterinsights_skip_tracking":false,"_monsterinsights_sitenote_active":false,"_monsterinsights_sitenote_note":"","_monsterinsights_sitenote_category":0},"product_brand":[],"product_cat":[13590,12337],"product_tag":[],"class_list":{"0":"post-692347","1":"product","2":"type-product","3":"status-publish","5":"product_cat-arastirma-inceleme-politika-siyaset","6":"product_cat-politika-siyaset","7":"pa_tur-kitap","8":"pa_yayinevi-panama-yayincilik","9":"pa_yazar-iskender-oksuz","11":"first","12":"instock","13":"sale","14":"shipping-taxable","15":"purchasable","16":"product-type-simple"},"_links":{"self":[{"href":"https:\/\/roveyayinevi.com.tr\/index.php\/wp-json\/wp\/v2\/product\/692347","targetHints":{"allow":["GET"]}}],"collection":[{"href":"https:\/\/roveyayinevi.com.tr\/index.php\/wp-json\/wp\/v2\/product"}],"about":[{"href":"https:\/\/roveyayinevi.com.tr\/index.php\/wp-json\/wp\/v2\/types\/product"}],"wp:attachment":[{"href":"https:\/\/roveyayinevi.com.tr\/index.php\/wp-json\/wp\/v2\/media?parent=692347"}],"wp:term":[{"taxonomy":"product_brand","embeddable":true,"href":"https:\/\/roveyayinevi.com.tr\/index.php\/wp-json\/wp\/v2\/product_brand?post=692347"},{"taxonomy":"product_cat","embeddable":true,"href":"https:\/\/roveyayinevi.com.tr\/index.php\/wp-json\/wp\/v2\/product_cat?post=692347"},{"taxonomy":"product_tag","embeddable":true,"href":"https:\/\/roveyayinevi.com.tr\/index.php\/wp-json\/wp\/v2\/product_tag?post=692347"}],"curies":[{"name":"wp","href":"https:\/\/api.w.org\/{rel}","templated":true}]}}