{"id":692345,"date":"2025-08-27T14:06:08","date_gmt":"2025-08-27T11:06:08","guid":{"rendered":"https:\/\/roveyayinevi.com.tr\/index.php\/urun\/avrupada-devrimin-yansimalari\/"},"modified":"2026-04-16T02:02:29","modified_gmt":"2026-04-15T23:02:29","slug":"avrupada-devrimin-yansimalari","status":"publish","type":"product","link":"https:\/\/roveyayinevi.com.tr\/index.php\/urun\/avrupada-devrimin-yansimalari\/","title":{"rendered":"Avrupa\u2019da Devrimin Yans\u0131malar\u0131"},"content":{"rendered":"<p>Bu kitab\u0131 okuyan herkes Avrupa\u2019ya g\u00f6\u00e7 eden M\u00fcsl\u00fcmanlar\u0131n oray\u0131 d\u00f6n\u00fc\u015ft\u00fcrd\u00fcklerinden \u015f\u00fcphe etmeyecek. <\/p>\n","protected":false},"excerpt":{"rendered":"<p>Bu kitab\u0131 okuyan herkes Avrupa\u2019ya g\u00f6\u00e7 eden M\u00fcsl\u00fcmanlar\u0131n oray\u0131 d\u00f6n\u00fc\u015ft\u00fcrd\u00fcklerinden \u015f\u00fcphe etmeyecek.<\/p>\n","protected":false},"featured_media":0,"template":"","meta":{"_monsterinsights_skip_tracking":false,"_monsterinsights_sitenote_active":false,"_monsterinsights_sitenote_note":"","_monsterinsights_sitenote_category":0},"product_brand":[],"product_cat":[12338,12337],"product_tag":[],"class_list":{"0":"post-692345","1":"product","2":"type-product","3":"status-publish","5":"product_cat-dunya-siyaseti-ve-politikasi","6":"product_cat-politika-siyaset","7":"pa_tur-kitap","8":"pa_yayinevi-profil-kitap","9":"pa_yazar-cristopher-caldwell","11":"first","12":"instock","13":"sale","14":"shipping-taxable","15":"purchasable","16":"product-type-simple"},"_links":{"self":[{"href":"https:\/\/roveyayinevi.com.tr\/index.php\/wp-json\/wp\/v2\/product\/692345","targetHints":{"allow":["GET"]}}],"collection":[{"href":"https:\/\/roveyayinevi.com.tr\/index.php\/wp-json\/wp\/v2\/product"}],"about":[{"href":"https:\/\/roveyayinevi.com.tr\/index.php\/wp-json\/wp\/v2\/types\/product"}],"wp:attachment":[{"href":"https:\/\/roveyayinevi.com.tr\/index.php\/wp-json\/wp\/v2\/media?parent=692345"}],"wp:term":[{"taxonomy":"product_brand","embeddable":true,"href":"https:\/\/roveyayinevi.com.tr\/index.php\/wp-json\/wp\/v2\/product_brand?post=692345"},{"taxonomy":"product_cat","embeddable":true,"href":"https:\/\/roveyayinevi.com.tr\/index.php\/wp-json\/wp\/v2\/product_cat?post=692345"},{"taxonomy":"product_tag","embeddable":true,"href":"https:\/\/roveyayinevi.com.tr\/index.php\/wp-json\/wp\/v2\/product_tag?post=692345"}],"curies":[{"name":"wp","href":"https:\/\/api.w.org\/{rel}","templated":true}]}}