{"id":692344,"date":"2025-08-27T14:06:07","date_gmt":"2025-08-27T11:06:07","guid":{"rendered":"https:\/\/roveyayinevi.com.tr\/index.php\/urun\/alparslanin-akincisi-alperen-esrarengiz-bilgin\/"},"modified":"2026-04-16T02:02:29","modified_gmt":"2026-04-15T23:02:29","slug":"alparslanin-akincisi-alperen-esrarengiz-bilgin","status":"publish","type":"product","link":"https:\/\/roveyayinevi.com.tr\/index.php\/urun\/alparslanin-akincisi-alperen-esrarengiz-bilgin\/","title":{"rendered":"Alparslan&#8217;\u0131n Ak\u0131nc\u0131s\u0131 Alperen &#8211; Esrarengiz Bilgin"},"content":{"rendered":"<p>Sel\u00e7uklu ak\u0131nc\u0131lar\u0131, Sultan Alparslan\u2019\u0131n Anadolu\u2019daki gizli kahramanlar\u0131&#8230; Gen\u00e7 ya\u015f\u0131nda ak\u0131nc\u0131 beyi olan Alperen de onlardan biri. Yel kadar h\u0131zl\u0131 at\u0131yla maceradan maceraya ko\u015fan bir yi\u011fit. Alperen, ba\u015fkent Rey\u2019deki karanl\u0131k olaylar\u0131 \u00e7\u00f6zmeye \u00e7al\u0131\u015f\u0131yor: K\u00f6pr\u00fc patl\u0131yor, k\u00fct\u00fcphane yan\u0131yor, bilginler \u00f6l\u00fcyor! Peki, \u015fehre yeni gelen Simyac\u0131\u2019n\u0131n t\u00fcm bunlarla ilgisi var m\u0131? Bu esrarengiz bilgini dikkatle izleyen Alperen\u2019le birlikte d\u00fc\u011f\u00fcm\u00fc \u00e7\u00f6zmek istiyorsan sen de ipu\u00e7lar\u0131n\u0131n izini s\u00fcr! <\/p>\n","protected":false},"excerpt":{"rendered":"<p>Sel\u00e7uklu ak\u0131nc\u0131lar\u0131, Sultan Alparslan\u2019\u0131n Anadolu\u2019daki gizli kahramanlar\u0131&#8230; Gen\u00e7 ya\u015f\u0131nda ak\u0131nc\u0131 beyi olan Alperen de onlardan biri. Yel kadar h\u0131zl\u0131 at\u0131yla maceradan maceraya ko\u015fan bir yi\u011fit. Alperen,<span class=\"excerpt-hellip\"> [\u2026]<\/span><\/p>\n","protected":false},"featured_media":0,"template":"","meta":{"_monsterinsights_skip_tracking":false,"_monsterinsights_sitenote_active":false,"_monsterinsights_sitenote_note":"","_monsterinsights_sitenote_category":0},"product_brand":[],"product_cat":[12291,15117],"product_tag":[],"class_list":{"0":"post-692344","1":"product","2":"type-product","3":"status-publish","5":"product_cat-edebiyat","6":"product_cat-genclik-edebiyati","7":"pa_cilt-ciltsiz","8":"pa_tur-kitap","9":"pa_yayinevi-genc-timas","10":"pa_yazar-ismail-bilgin","12":"first","13":"instock","14":"sale","15":"shipping-taxable","16":"purchasable","17":"product-type-simple"},"_links":{"self":[{"href":"https:\/\/roveyayinevi.com.tr\/index.php\/wp-json\/wp\/v2\/product\/692344","targetHints":{"allow":["GET"]}}],"collection":[{"href":"https:\/\/roveyayinevi.com.tr\/index.php\/wp-json\/wp\/v2\/product"}],"about":[{"href":"https:\/\/roveyayinevi.com.tr\/index.php\/wp-json\/wp\/v2\/types\/product"}],"wp:attachment":[{"href":"https:\/\/roveyayinevi.com.tr\/index.php\/wp-json\/wp\/v2\/media?parent=692344"}],"wp:term":[{"taxonomy":"product_brand","embeddable":true,"href":"https:\/\/roveyayinevi.com.tr\/index.php\/wp-json\/wp\/v2\/product_brand?post=692344"},{"taxonomy":"product_cat","embeddable":true,"href":"https:\/\/roveyayinevi.com.tr\/index.php\/wp-json\/wp\/v2\/product_cat?post=692344"},{"taxonomy":"product_tag","embeddable":true,"href":"https:\/\/roveyayinevi.com.tr\/index.php\/wp-json\/wp\/v2\/product_tag?post=692344"}],"curies":[{"name":"wp","href":"https:\/\/api.w.org\/{rel}","templated":true}]}}