{"id":692343,"date":"2025-08-27T14:06:07","date_gmt":"2025-08-27T11:06:07","guid":{"rendered":"https:\/\/roveyayinevi.com.tr\/index.php\/urun\/en-guzel-oykunu-yaz\/"},"modified":"2026-04-16T02:02:29","modified_gmt":"2026-04-15T23:02:29","slug":"en-guzel-oykunu-yaz","status":"publish","type":"product","link":"https:\/\/roveyayinevi.com.tr\/index.php\/urun\/en-guzel-oykunu-yaz\/","title":{"rendered":"En G\u00fczel \u00d6yk\u00fcn\u00fc Yaz!"},"content":{"rendered":"<p>Evet, yapabilirsin! \u0130\u015fte en iyi \u00f6yk\u00fcn\u00fc yazmak i\u00e7in ihtiyac\u0131n olan HER \u015eEY! -\u00d6yk\u00fcn\u00fcn konusunu se\u00e7: Bekledi\u011fin ilham bir t\u00fcrl\u00fc gelmiyor mu? R\u00fcyalar\u0131ndan kopya \u00e7ekmeye ne dersin?  -Etkileyici karakterler yarat: En k\u00f6t\u00fcler bile her zaman k\u00f6t\u00fc olmayabilir. Hat\u0131r sormak i\u00e7in her g\u00fcn babaannesini arayan zalim bir \u00e7ete lideri kula\u011fa nas\u0131l geliyor? -B\u00fcy\u00fcleyici kelimeler kullan: Hatta dilersen kendi kelimelerini yarat.  -Ve okuru sersemletecek bir sonla noktay\u0131 koy: Harika \u00f6yk\u00fcler harika sonlara ihtiya\u00e7 duyar. Yarat\u0131c\u0131l\u0131\u011f\u0131n\u0131 parlatacak \u00f6neriler, ilham verici fikirler, yazarken kesinlikle uzak durman gereken tuzaklar. Hemen \u015fimdi kalemi eline al\u0131p yazmaya ba\u015flaman i\u00e7in gereken her \u015fey bu harika alet \u00e7antas\u0131nda. \u0130ngiltere&#8217;de Oxford taraf\u0131ndan bas\u0131lan ve sadece \u00e7ocuklar\u0131n de\u011fil yeti\u015fkinlerin de b\u00fcy\u00fck be\u011fenisini toplayan En G\u00fczel \u00d6yk\u00fcn\u00fc Yaz, yak\u0131n zamanda pek \u00e7ok dile \u00e7evrilecek. <\/p>\n","protected":false},"excerpt":{"rendered":"<p>Evet, yapabilirsin! \u0130\u015fte en iyi \u00f6yk\u00fcn\u00fc yazmak i\u00e7in ihtiyac\u0131n olan HER \u015eEY! -\u00d6yk\u00fcn\u00fcn konusunu se\u00e7: Bekledi\u011fin ilham bir t\u00fcrl\u00fc gelmiyor mu? R\u00fcyalar\u0131ndan kopya \u00e7ekmeye ne dersin?<span class=\"excerpt-hellip\"> [\u2026]<\/span><\/p>\n","protected":false},"featured_media":0,"template":"","meta":{"_monsterinsights_skip_tracking":false,"_monsterinsights_sitenote_active":false,"_monsterinsights_sitenote_note":"","_monsterinsights_sitenote_category":0},"product_brand":[],"product_cat":[15563],"product_tag":[],"class_list":{"0":"post-692343","1":"product","2":"type-product","3":"status-publish","5":"product_cat-hobi","6":"pa_cilt-ciltsiz","7":"pa_tur-kitap","8":"pa_yayinevi-domingo-yayinevi","9":"pa_yazar-christopher-edge","11":"first","12":"instock","13":"sale","14":"shipping-taxable","15":"purchasable","16":"product-type-simple"},"_links":{"self":[{"href":"https:\/\/roveyayinevi.com.tr\/index.php\/wp-json\/wp\/v2\/product\/692343","targetHints":{"allow":["GET"]}}],"collection":[{"href":"https:\/\/roveyayinevi.com.tr\/index.php\/wp-json\/wp\/v2\/product"}],"about":[{"href":"https:\/\/roveyayinevi.com.tr\/index.php\/wp-json\/wp\/v2\/types\/product"}],"wp:attachment":[{"href":"https:\/\/roveyayinevi.com.tr\/index.php\/wp-json\/wp\/v2\/media?parent=692343"}],"wp:term":[{"taxonomy":"product_brand","embeddable":true,"href":"https:\/\/roveyayinevi.com.tr\/index.php\/wp-json\/wp\/v2\/product_brand?post=692343"},{"taxonomy":"product_cat","embeddable":true,"href":"https:\/\/roveyayinevi.com.tr\/index.php\/wp-json\/wp\/v2\/product_cat?post=692343"},{"taxonomy":"product_tag","embeddable":true,"href":"https:\/\/roveyayinevi.com.tr\/index.php\/wp-json\/wp\/v2\/product_tag?post=692343"}],"curies":[{"name":"wp","href":"https:\/\/api.w.org\/{rel}","templated":true}]}}