{"id":692340,"date":"2025-08-27T14:06:07","date_gmt":"2025-08-27T11:06:07","guid":{"rendered":"https:\/\/roveyayinevi.com.tr\/index.php\/urun\/isla-ve-mutlu-son\/"},"modified":"2026-04-16T02:02:14","modified_gmt":"2026-04-15T23:02:14","slug":"isla-ve-mutlu-son","status":"publish","type":"product","link":"https:\/\/roveyayinevi.com.tr\/index.php\/urun\/isla-ve-mutlu-son\/","title":{"rendered":"Isla ve Mutlu Son"},"content":{"rendered":"<p>Isla ve Mutlu Son, hem tatl\u0131 bir a\u015fk hem ger\u00e7ek\u00e7i bir dostluk hem de John Green ve Rainbow Rowell sevenlerin ellerinden b\u0131rakamayaca\u011f\u0131 bir \u201cilk a\u015fk\u201d hikayesi.A\u015fk onlar\u0131 bir yaz g\u00fcn\u00fc, asla uyumayan \u015fehrin sokaklar\u0131nda yakalam\u0131\u015ft\u0131\u2026 ama ya ona sahip \u00e7\u0131kmak d\u00fc\u015f\u00fcnd\u00fckleri kadar da kolay de\u011filse? Romantizme umutsuzca inanan Isla, lise birinci s\u0131n\u0131ftan beri kendini \u00e7izdi\u011fi karikat\u00fcrler aras\u0131nda kaybetmi\u015f Josh\u2019a a\u015f\u0131kt\u0131. Yaz tatili esnas\u0131nda Manhattan&#8217;da ya\u015fanan tesad\u00fcfi bir kar\u015f\u0131la\u015fma sonras\u0131nda Isla belki de a\u015fk\u0131n o kadar da uzakta olmad\u0131\u011f\u0131n\u0131 fark etmi\u015fti. Ancak yeni okul y\u0131l\u0131n\u0131n ba\u015flamas\u0131yla Isla ve Josh, her gen\u00e7 \u00e7iftin kar\u015f\u0131la\u015ft\u0131\u011f\u0131 g\u00fc\u00e7l\u00fcklerle y\u00fcz y\u00fcze gelmek zorunda kalm\u0131\u015flard\u0131: ailevi sorunlar, gelecek kayg\u0131s\u0131 ve birbirlerinden ayr\u0131lmak zorunda kalabilecekleri ger\u00e7e\u011fi. Bu i\u00e7inizi \u0131s\u0131tacak, tatl\u0131 a\u015fk hikayesi New York sokaklar\u0131n\u0131, Paris\u2019in b\u00fcy\u00fcl\u00fc havas\u0131n\u0131 ve Barcelona\u2019n\u0131n ate\u015fli atmosferini yans\u0131t\u0131rken, sevilen ba\u015fka iki \u00e7ifti de yeniden okurla bulu\u015fturuyor: Anna ve Etienne, Lola ve Cricket. \u201cGer\u00e7ek\u00e7i karakterler, zekice yaz\u0131lm\u0131\u015f diyaloglar ve b\u00fcy\u00fcleyici bir a\u015fk hik\u00e2yesiyle Isla ve Mutlu Son yazar\u0131n hayranlar\u0131n\u0131n g\u00f6n\u00fcllerini fethedece\u011fi gibi, yazara kesinlikle yeni hayranlar da kazand\u0131racak.\u201d &#8211; School Library Journal, starred review &#8220;Stephanie Perkins&#8217;in karakterleri tam da bizim istedi\u011fimiz gibi, ama ger\u00e7ekte ve temelli a\u015f\u0131k oluyorlar.&#8221; Rainbow Rowell, Eleanor ile Park ve Fangirl&#8217;\u00fcn \u00f6d\u00fcll\u00fc \u00e7oksatan yazar\u0131\u201cEtkileyici gen\u00e7 karakterler ve s\u00fcr\u00fckleyici bir a\u015fk hikayesi. \u0130lk a\u015fk\u0131n t\u00fcm fiziksel ve duygusal etkilerini okura yeniden ya\u015fatacak b\u00fcy\u00fcleyici bir roman.\u201d Kirkus Reviews \u201cBa\u015f d\u00f6nd\u00fcr\u00fcc\u00fc ve duygusal\u2026 Renkli ve haz\u0131r cevap karakterler, s\u00fcr\u00fckleyici bir kurgu, Stephanie Perkins her defas\u0131nda daha ba\u015far\u0131l\u0131 bir anlat\u0131mla geri d\u00f6n\u00fcyor.\u201d &#8211; RT Book Reviews, Top Pick <\/p>\n","protected":false},"excerpt":{"rendered":"<p>Isla ve Mutlu Son, hem tatl\u0131 bir a\u015fk hem ger\u00e7ek\u00e7i bir dostluk hem de John Green ve Rainbow Rowell sevenlerin ellerinden b\u0131rakamayaca\u011f\u0131 bir \u201cilk a\u015fk\u201d hikayesi.A\u015fk<span class=\"excerpt-hellip\"> [\u2026]<\/span><\/p>\n","protected":false},"featured_media":0,"template":"","meta":{"_monsterinsights_skip_tracking":false,"_monsterinsights_sitenote_active":false,"_monsterinsights_sitenote_note":"","_monsterinsights_sitenote_category":0},"product_brand":[],"product_cat":[12291,12711],"product_tag":[],"class_list":{"0":"post-692340","1":"product","2":"type-product","3":"status-publish","5":"product_cat-edebiyat","6":"product_cat-roman-oyku","7":"pa_cilt-ciltli","8":"pa_tur-kitap","9":"pa_yayinevi-yabanci-yayinevi","10":"pa_yazar-stephanie-perkins","12":"first","13":"instock","14":"sale","15":"shipping-taxable","16":"purchasable","17":"product-type-simple"},"_links":{"self":[{"href":"https:\/\/roveyayinevi.com.tr\/index.php\/wp-json\/wp\/v2\/product\/692340","targetHints":{"allow":["GET"]}}],"collection":[{"href":"https:\/\/roveyayinevi.com.tr\/index.php\/wp-json\/wp\/v2\/product"}],"about":[{"href":"https:\/\/roveyayinevi.com.tr\/index.php\/wp-json\/wp\/v2\/types\/product"}],"wp:attachment":[{"href":"https:\/\/roveyayinevi.com.tr\/index.php\/wp-json\/wp\/v2\/media?parent=692340"}],"wp:term":[{"taxonomy":"product_brand","embeddable":true,"href":"https:\/\/roveyayinevi.com.tr\/index.php\/wp-json\/wp\/v2\/product_brand?post=692340"},{"taxonomy":"product_cat","embeddable":true,"href":"https:\/\/roveyayinevi.com.tr\/index.php\/wp-json\/wp\/v2\/product_cat?post=692340"},{"taxonomy":"product_tag","embeddable":true,"href":"https:\/\/roveyayinevi.com.tr\/index.php\/wp-json\/wp\/v2\/product_tag?post=692340"}],"curies":[{"name":"wp","href":"https:\/\/api.w.org\/{rel}","templated":true}]}}