{"id":692336,"date":"2025-08-27T14:06:06","date_gmt":"2025-08-27T11:06:06","guid":{"rendered":"https:\/\/roveyayinevi.com.tr\/index.php\/urun\/dervis-zaim-uzerine-notlar\/"},"modified":"2026-04-16T02:02:14","modified_gmt":"2026-04-15T23:02:14","slug":"dervis-zaim-uzerine-notlar","status":"publish","type":"product","link":"https:\/\/roveyayinevi.com.tr\/index.php\/urun\/dervis-zaim-uzerine-notlar\/","title":{"rendered":"Dervi\u015f Zaim \u00dczerine Notlar"},"content":{"rendered":"<p>\u00dclkemiz sinemas\u0131n\u0131n 100.y\u0131l\u0131n\u0131 kutlad\u0131\u011f\u0131m\u0131z \u015fu g\u00fcnlerde ciddiyeti, samimiyeti, al\u00e7akg\u00f6n\u00fcll\u00fcl\u00fc\u011f\u00fc ve duyarl\u0131l\u0131\u011f\u0131yla sinemaya g\u00f6n\u00fcl vermi\u015f Dervi\u015f Zaim\u2019den bahsetmemek haks\u0131zl\u0131k olurdu. Dervi\u015f Zaim insanl\u0131\u011f\u0131n do\u011faya kar\u015f\u0131 yapt\u0131\u011f\u0131 hatalar\u0131 dile getirmekten \u00e7ekinmeyen bir sanat\u00e7\u0131. <\/p>\n","protected":false},"excerpt":{"rendered":"<p>\u00dclkemiz sinemas\u0131n\u0131n 100.y\u0131l\u0131n\u0131 kutlad\u0131\u011f\u0131m\u0131z \u015fu g\u00fcnlerde ciddiyeti, samimiyeti, al\u00e7akg\u00f6n\u00fcll\u00fcl\u00fc\u011f\u00fc ve duyarl\u0131l\u0131\u011f\u0131yla sinemaya g\u00f6n\u00fcl vermi\u015f Dervi\u015f Zaim\u2019den bahsetmemek haks\u0131zl\u0131k olurdu. Dervi\u015f Zaim insanl\u0131\u011f\u0131n do\u011faya kar\u015f\u0131 yapt\u0131\u011f\u0131 hatalar\u0131<span class=\"excerpt-hellip\"> [\u2026]<\/span><\/p>\n","protected":false},"featured_media":0,"template":"","meta":{"_monsterinsights_skip_tracking":false,"_monsterinsights_sitenote_active":false,"_monsterinsights_sitenote_note":"","_monsterinsights_sitenote_category":0},"product_brand":[],"product_cat":[12408],"product_tag":[],"class_list":{"0":"post-692336","1":"product","2":"type-product","3":"status-publish","5":"product_cat-sanat","6":"pa_tur-kitap","7":"pa_yayinevi-efil-yayinevi","8":"pa_yazar-sancar-seckiner","10":"first","11":"instock","12":"sale","13":"shipping-taxable","14":"purchasable","15":"product-type-simple"},"_links":{"self":[{"href":"https:\/\/roveyayinevi.com.tr\/index.php\/wp-json\/wp\/v2\/product\/692336","targetHints":{"allow":["GET"]}}],"collection":[{"href":"https:\/\/roveyayinevi.com.tr\/index.php\/wp-json\/wp\/v2\/product"}],"about":[{"href":"https:\/\/roveyayinevi.com.tr\/index.php\/wp-json\/wp\/v2\/types\/product"}],"wp:attachment":[{"href":"https:\/\/roveyayinevi.com.tr\/index.php\/wp-json\/wp\/v2\/media?parent=692336"}],"wp:term":[{"taxonomy":"product_brand","embeddable":true,"href":"https:\/\/roveyayinevi.com.tr\/index.php\/wp-json\/wp\/v2\/product_brand?post=692336"},{"taxonomy":"product_cat","embeddable":true,"href":"https:\/\/roveyayinevi.com.tr\/index.php\/wp-json\/wp\/v2\/product_cat?post=692336"},{"taxonomy":"product_tag","embeddable":true,"href":"https:\/\/roveyayinevi.com.tr\/index.php\/wp-json\/wp\/v2\/product_tag?post=692336"}],"curies":[{"name":"wp","href":"https:\/\/api.w.org\/{rel}","templated":true}]}}