{"id":692333,"date":"2025-08-27T14:06:05","date_gmt":"2025-08-27T11:06:05","guid":{"rendered":"https:\/\/roveyayinevi.com.tr\/index.php\/urun\/turk-seri-katiller\/"},"modified":"2025-10-20T02:21:19","modified_gmt":"2025-10-19T23:21:19","slug":"turk-seri-katiller","status":"publish","type":"product","link":"https:\/\/roveyayinevi.com.tr\/index.php\/urun\/turk-seri-katiller\/","title":{"rendered":"T\u00fcrk Seri Katiller"},"content":{"rendered":"<p>T\u00fcrk Seri Katiller \u2026K\u00f6t\u00fcl\u00fc\u011f\u00fcn karanl\u0131k akt\u00f6rleri\u2026Seri katilleri anlamak modern psikiyatrinin en \u00f6nemli konular\u0131ndan biri. Ak\u0131l sa\u011fl\u0131klar\u0131 yerinde oldu\u011fu halde, g\u00f6zlerini dahi k\u0131rpmadan \u00f6ld\u00fcrebilen bu insanlar kim?Her seri katilin, kendine has bir rit\u00fceli ve \u00f6ld\u00fcrme g\u00fcd\u00fcs\u00fc olsa da uzmanlara g\u00f6re ortak \u00f6zellikleri \u015funlar: Anormal ki\u015filik bozuklu\u011fu, seks\u00fcel i\u00e7erik, otuz g\u00fcnden uzun bir zaman diliminde cinayet ve en az \u00fc\u00e7 kurban.\u0130pucu program\u0131n\u0131n yap\u0131mc\u0131s\u0131 Sevin\u00e7 Yavuz, bu kriterler \u0131\u015f\u0131\u011f\u0131nda T\u00fcrkiye\u2019nin son elli y\u0131l\u0131n\u0131 tarad\u0131 ve b\u00fct\u00fcn seri katil profillerini elekten ge\u00e7irdi. Sonu\u00e7ta kimli\u011fi ve cinayetleri bilinen 23 seri katil ve bug\u00fcne kadar yakalanmayan ama i\u015fledi\u011fi cinayetler a\u00e7\u0131s\u0131ndan seri katil oldu\u011fu bilinen iki katil kitaba dahil edildi.Yavuz, 1960\u2019l\u0131 y\u0131llardan g\u00fcn\u00fcm\u00fcze kadar T\u00fcrkiye\u2019de ger\u00e7ekle\u015fen seri cinayetlerin neden i\u015flendiklerini, katillerin i\u00e7 d\u00fcnyalar\u0131n\u0131, \u00f6ld\u00fcrme g\u00fcd\u00fclerini ve hareket \u015fekillerini T\u00fcrk Seri Katiller\u2019de t\u00fcm detaylar\u0131ylaokuyucuya sunuyor. <\/p>\n","protected":false},"excerpt":{"rendered":"<p>T\u00fcrk Seri Katiller \u2026K\u00f6t\u00fcl\u00fc\u011f\u00fcn karanl\u0131k akt\u00f6rleri\u2026Seri katilleri anlamak modern psikiyatrinin en \u00f6nemli konular\u0131ndan biri. Ak\u0131l sa\u011fl\u0131klar\u0131 yerinde oldu\u011fu halde, g\u00f6zlerini dahi k\u0131rpmadan \u00f6ld\u00fcrebilen bu insanlar kim?Her<span class=\"excerpt-hellip\"> [\u2026]<\/span><\/p>\n","protected":false},"featured_media":0,"template":"","meta":{"_monsterinsights_skip_tracking":false,"_monsterinsights_sitenote_active":false,"_monsterinsights_sitenote_note":"","_monsterinsights_sitenote_category":0},"product_brand":[],"product_cat":[12312,12304],"product_tag":[],"class_list":{"0":"post-692333","1":"product","2":"type-product","3":"status-publish","5":"product_cat-diger","6":"product_cat-tarih","7":"pa_cilt-ciltsiz","8":"pa_tur-kitap","9":"pa_yayinevi-profil-kitap","10":"pa_yazar-sevinc-yavuz","12":"first","13":"instock","14":"sale","15":"shipping-taxable","16":"purchasable","17":"product-type-simple"},"_links":{"self":[{"href":"https:\/\/roveyayinevi.com.tr\/index.php\/wp-json\/wp\/v2\/product\/692333","targetHints":{"allow":["GET"]}}],"collection":[{"href":"https:\/\/roveyayinevi.com.tr\/index.php\/wp-json\/wp\/v2\/product"}],"about":[{"href":"https:\/\/roveyayinevi.com.tr\/index.php\/wp-json\/wp\/v2\/types\/product"}],"wp:attachment":[{"href":"https:\/\/roveyayinevi.com.tr\/index.php\/wp-json\/wp\/v2\/media?parent=692333"}],"wp:term":[{"taxonomy":"product_brand","embeddable":true,"href":"https:\/\/roveyayinevi.com.tr\/index.php\/wp-json\/wp\/v2\/product_brand?post=692333"},{"taxonomy":"product_cat","embeddable":true,"href":"https:\/\/roveyayinevi.com.tr\/index.php\/wp-json\/wp\/v2\/product_cat?post=692333"},{"taxonomy":"product_tag","embeddable":true,"href":"https:\/\/roveyayinevi.com.tr\/index.php\/wp-json\/wp\/v2\/product_tag?post=692333"}],"curies":[{"name":"wp","href":"https:\/\/api.w.org\/{rel}","templated":true}]}}