{"id":692332,"date":"2025-08-27T14:06:05","date_gmt":"2025-08-27T11:06:05","guid":{"rendered":"https:\/\/roveyayinevi.com.tr\/index.php\/urun\/bizans-tarihyaziminda-oteki-selcuklu-kimligi\/"},"modified":"2026-04-16T02:02:14","modified_gmt":"2026-04-15T23:02:14","slug":"bizans-tarihyaziminda-oteki-selcuklu-kimligi","status":"publish","type":"product","link":"https:\/\/roveyayinevi.com.tr\/index.php\/urun\/bizans-tarihyaziminda-oteki-selcuklu-kimligi\/","title":{"rendered":"Bizans Tarihyaz\u0131m\u0131nda \u00d6teki Sel\u00e7uklu Kimli\u011fi"},"content":{"rendered":"<p>Anadolu\u2019nun T\u00fcrkle\u015fmesi ve Anadolu T\u00fcrk kimli\u011finin olu\u015fumu s\u00fcrecinde, \u00fczerinde belki de daha \u00f6nce hi\u00e7 durulmam\u0131\u015f bir \u00e7al\u0131\u015fma y\u00f6ntemi ve ara\u015ft\u0131rmayla kar\u015f\u0131 kar\u015f\u0131yay\u0131z. \ufffcTan\u0131t\u0131m Metni<\/p>\n","protected":false},"excerpt":{"rendered":"<p>Anadolu\u2019nun T\u00fcrkle\u015fmesi ve Anadolu T\u00fcrk kimli\u011finin olu\u015fumu s\u00fcrecinde, \u00fczerinde belki de daha \u00f6nce hi\u00e7 durulmam\u0131\u015f bir \u00e7al\u0131\u015fma y\u00f6ntemi ve ara\u015ft\u0131rmayla kar\u015f\u0131 kar\u015f\u0131yay\u0131z. \ufffcTan\u0131t\u0131m Metni<\/p>\n","protected":false},"featured_media":0,"template":"","meta":{"_monsterinsights_skip_tracking":false,"_monsterinsights_sitenote_active":false,"_monsterinsights_sitenote_note":"","_monsterinsights_sitenote_category":0},"product_brand":[],"product_cat":[12370,12304],"product_tag":[],"class_list":{"0":"post-692332","1":"product","2":"type-product","3":"status-publish","5":"product_cat-arastirma-inceleme","6":"product_cat-tarih","7":"pa_cilt-ciltsiz","8":"pa_tur-kitap","9":"pa_yayinevi-dogu-bati-yayinlari","10":"pa_yazar-adem-tuluce","12":"first","13":"instock","14":"sale","15":"shipping-taxable","16":"purchasable","17":"product-type-simple"},"_links":{"self":[{"href":"https:\/\/roveyayinevi.com.tr\/index.php\/wp-json\/wp\/v2\/product\/692332","targetHints":{"allow":["GET"]}}],"collection":[{"href":"https:\/\/roveyayinevi.com.tr\/index.php\/wp-json\/wp\/v2\/product"}],"about":[{"href":"https:\/\/roveyayinevi.com.tr\/index.php\/wp-json\/wp\/v2\/types\/product"}],"wp:attachment":[{"href":"https:\/\/roveyayinevi.com.tr\/index.php\/wp-json\/wp\/v2\/media?parent=692332"}],"wp:term":[{"taxonomy":"product_brand","embeddable":true,"href":"https:\/\/roveyayinevi.com.tr\/index.php\/wp-json\/wp\/v2\/product_brand?post=692332"},{"taxonomy":"product_cat","embeddable":true,"href":"https:\/\/roveyayinevi.com.tr\/index.php\/wp-json\/wp\/v2\/product_cat?post=692332"},{"taxonomy":"product_tag","embeddable":true,"href":"https:\/\/roveyayinevi.com.tr\/index.php\/wp-json\/wp\/v2\/product_tag?post=692332"}],"curies":[{"name":"wp","href":"https:\/\/api.w.org\/{rel}","templated":true}]}}