{"id":692331,"date":"2025-08-27T14:06:05","date_gmt":"2025-08-27T11:06:05","guid":{"rendered":"https:\/\/roveyayinevi.com.tr\/index.php\/urun\/oklidin-penceresi\/"},"modified":"2026-04-16T02:02:14","modified_gmt":"2026-04-15T23:02:14","slug":"oklidin-penceresi","status":"publish","type":"product","link":"https:\/\/roveyayinevi.com.tr\/index.php\/urun\/oklidin-penceresi\/","title":{"rendered":"\u00d6klid&#8217;in Penceresi"},"content":{"rendered":"<p>Leonard Mlodinow \u00d6klid\u2019in Penceresi\u2019 nde bizi geometride ger\u00e7ekle\u015fen devrimler aras\u0131nda bir yolculu\u011fa \u00e7\u0131kar\u0131yor. Onun rehberli\u011finde eski Yunanlar\u0131n paralel do\u011frular kavram\u0131ndan hiperuzayla ilgili en son fikirlere dek uzanan geni\u015f bir matematiksel du\u0308\u015fu\u0308nce yelpazesini tan\u0131yoruz. Bu kitapta, herkesin ister Du\u0308nya\u2019da ister ba\u015fka bir galakside sorabilece\u011fi basit sorular\u0131n bilim ve teknolojideki en bu\u0308yu\u0308k geli\u015fmelerin motoru olabilece\u011fini g\u00f6steren, yeni, alternatif bir matematik tarihi bulacaks\u0131n\u0131z. Mlodinow\u2019un yo\u011fun tarihsel ara\u015ft\u0131rmalar\u0131na, Richard Feynman ve Kip Thorne gibi mesai arkada\u015flar\u0131yla yapt\u0131\u011f\u0131 \u00e7al\u0131\u015fmalara ve Murray Gell-Mann, Edward Witten ve Brian Greene gibi lider matematik\u00e7ilerle yapt\u0131\u011f\u0131 r\u00f6portajlara dayanan \u00d6klid\u2019in Penceresi geometrinin \u00f6nemini vurgulayan \u00f6yku\u0308leri bu\u0308yu\u0308k bir ustal\u0131kla bir araya getiriyor. \u00d6klid\u2019in penceresinden bakanlar art\u0131k uzay ile zaman\u0131 bir daha asla birbirinden ay\u0131ramayacaklar; 2 x 2\u2019nin 4 etmeyebilece\u011fini, paralel do\u011frular\u0131n kesi\u015febilece\u011fini ya da u\u0308\u00e7genin i\u00e7 a\u00e7\u0131lar\u0131 toplam\u0131n\u0131n 180 dereceden fazla olabilece\u011fini \u015fa\u015fk\u0131nl\u0131kla g\u00f6recekler. \ufffcTan\u0131t\u0131m Metni<\/p>\n","protected":false},"excerpt":{"rendered":"<p>Leonard Mlodinow \u00d6klid\u2019in Penceresi\u2019 nde bizi geometride ger\u00e7ekle\u015fen devrimler aras\u0131nda bir yolculu\u011fa \u00e7\u0131kar\u0131yor. Onun rehberli\u011finde eski Yunanlar\u0131n paralel do\u011frular kavram\u0131ndan hiperuzayla ilgili en son fikirlere dek<span class=\"excerpt-hellip\"> [\u2026]<\/span><\/p>\n","protected":false},"featured_media":0,"template":"","meta":{"_monsterinsights_skip_tracking":false,"_monsterinsights_sitenote_active":false,"_monsterinsights_sitenote_note":"","_monsterinsights_sitenote_category":0},"product_brand":[],"product_cat":[12312,12304],"product_tag":[],"class_list":{"0":"post-692331","1":"product","2":"type-product","3":"status-publish","5":"product_cat-diger","6":"product_cat-tarih","7":"pa_cilt-ciltsiz","8":"pa_tur-kitap","9":"pa_yayinevi-say-yayinlari","10":"pa_yazar-leonard-mlodinow","12":"first","13":"instock","14":"sale","15":"shipping-taxable","16":"purchasable","17":"product-type-simple"},"_links":{"self":[{"href":"https:\/\/roveyayinevi.com.tr\/index.php\/wp-json\/wp\/v2\/product\/692331","targetHints":{"allow":["GET"]}}],"collection":[{"href":"https:\/\/roveyayinevi.com.tr\/index.php\/wp-json\/wp\/v2\/product"}],"about":[{"href":"https:\/\/roveyayinevi.com.tr\/index.php\/wp-json\/wp\/v2\/types\/product"}],"wp:attachment":[{"href":"https:\/\/roveyayinevi.com.tr\/index.php\/wp-json\/wp\/v2\/media?parent=692331"}],"wp:term":[{"taxonomy":"product_brand","embeddable":true,"href":"https:\/\/roveyayinevi.com.tr\/index.php\/wp-json\/wp\/v2\/product_brand?post=692331"},{"taxonomy":"product_cat","embeddable":true,"href":"https:\/\/roveyayinevi.com.tr\/index.php\/wp-json\/wp\/v2\/product_cat?post=692331"},{"taxonomy":"product_tag","embeddable":true,"href":"https:\/\/roveyayinevi.com.tr\/index.php\/wp-json\/wp\/v2\/product_tag?post=692331"}],"curies":[{"name":"wp","href":"https:\/\/api.w.org\/{rel}","templated":true}]}}