{"id":692329,"date":"2025-08-27T14:06:04","date_gmt":"2025-08-27T11:06:04","guid":{"rendered":"https:\/\/roveyayinevi.com.tr\/index.php\/urun\/bir-sair-bisikletle\/"},"modified":"2026-04-16T02:02:14","modified_gmt":"2026-04-15T23:02:14","slug":"bir-sair-bisikletle","status":"publish","type":"product","link":"https:\/\/roveyayinevi.com.tr\/index.php\/urun\/bir-sair-bisikletle\/","title":{"rendered":"Bir \u015eair Bisikletle"},"content":{"rendered":"<p>Bir yudumda i\u00e7ilir ak\u015fam ezan\u0131 Sezer yolunu bir dua i\u00e7 denizlerde: \u2018Kabul et l\u00fctfen ilk oru\u00e7lar hatr\u0131na\u2019 Bir yudumda i\u00e7ilir ak\u015fam ezan\u0131 Hilal g\u00f6r\u00fcnd\u00fc, kara g\u00f6r\u00fcnd\u00fc, kurtulduk \u0130lk orucuyla s\u00fcsleniyor k\u0131z\u0131m aynada Bir \u00fcmmet anla\u015f\u0131yor \u0131\u015f\u0131k h\u0131z\u0131yla Hilal g\u00f6r\u00fcnd\u00fc, kara g\u00f6r\u00fcnd\u00fc, kurtulduk Ekmek s\u0131cak, Allah g\u00fczel, sen iyi Bu mar\u015fla aks\u0131n e-be\u015f trafi\u011fi Eve erken gelen baban\u0131n yuva yapar y\u00fcz\u00fcne Ekmek s\u0131cak, Allah g\u00fczel, sen iyi <\/p>\n","protected":false},"excerpt":{"rendered":"<p>Bir yudumda i\u00e7ilir ak\u015fam ezan\u0131 Sezer yolunu bir dua i\u00e7 denizlerde: \u2018Kabul et l\u00fctfen ilk oru\u00e7lar hatr\u0131na\u2019 Bir yudumda i\u00e7ilir ak\u015fam ezan\u0131 Hilal g\u00f6r\u00fcnd\u00fc, kara g\u00f6r\u00fcnd\u00fc,<span class=\"excerpt-hellip\"> [\u2026]<\/span><\/p>\n","protected":false},"featured_media":0,"template":"","meta":{"_monsterinsights_skip_tracking":false,"_monsterinsights_sitenote_active":false,"_monsterinsights_sitenote_note":"","_monsterinsights_sitenote_category":0},"product_brand":[],"product_cat":[12291,12509],"product_tag":[],"class_list":{"0":"post-692329","1":"product","2":"type-product","3":"status-publish","5":"product_cat-edebiyat","6":"product_cat-siir","7":"pa_tur-kitap","8":"pa_yayinevi-profil-kitap","9":"pa_yazar-ahmet-murat","11":"first","12":"instock","13":"sale","14":"shipping-taxable","15":"purchasable","16":"product-type-simple"},"_links":{"self":[{"href":"https:\/\/roveyayinevi.com.tr\/index.php\/wp-json\/wp\/v2\/product\/692329","targetHints":{"allow":["GET"]}}],"collection":[{"href":"https:\/\/roveyayinevi.com.tr\/index.php\/wp-json\/wp\/v2\/product"}],"about":[{"href":"https:\/\/roveyayinevi.com.tr\/index.php\/wp-json\/wp\/v2\/types\/product"}],"wp:attachment":[{"href":"https:\/\/roveyayinevi.com.tr\/index.php\/wp-json\/wp\/v2\/media?parent=692329"}],"wp:term":[{"taxonomy":"product_brand","embeddable":true,"href":"https:\/\/roveyayinevi.com.tr\/index.php\/wp-json\/wp\/v2\/product_brand?post=692329"},{"taxonomy":"product_cat","embeddable":true,"href":"https:\/\/roveyayinevi.com.tr\/index.php\/wp-json\/wp\/v2\/product_cat?post=692329"},{"taxonomy":"product_tag","embeddable":true,"href":"https:\/\/roveyayinevi.com.tr\/index.php\/wp-json\/wp\/v2\/product_tag?post=692329"}],"curies":[{"name":"wp","href":"https:\/\/api.w.org\/{rel}","templated":true}]}}