{"id":692327,"date":"2025-08-27T14:06:04","date_gmt":"2025-08-27T11:06:04","guid":{"rendered":"https:\/\/roveyayinevi.com.tr\/index.php\/urun\/kurklu-venus\/"},"modified":"2026-04-16T02:02:14","modified_gmt":"2026-04-15T23:02:14","slug":"kurklu-venus","status":"publish","type":"product","link":"https:\/\/roveyayinevi.com.tr\/index.php\/urun\/kurklu-venus\/","title":{"rendered":"K\u00fcrkl\u00fc Ven\u00fcs"},"content":{"rendered":"<p>\u0130nsani varolu\u015fun karanl\u0131k taraflar\u0131na \u0131\u015f\u0131k tutuluyor K\u00fcrkl\u00fc Ven\u00fcs\u2019te. Daha ilk sayfadan itibaren insan\u0131n arzular\u0131 ve tutkular\u0131, sald\u0131rganl\u0131\u011fa olan \u201ci\u00e7g\u00fcd\u00fcsel\u201d e\u011filimleri didik didik ediliyor. Yerle\u015fik de\u011ferleri ve anlamlar\u0131 sarsan, s\u0131n\u0131rlar\u0131 zorlayan k\u0131\u015fk\u0131rt\u0131c\u0131 bir roman K\u00fcrkl\u00fc Ven\u00fcs. \u0130\u00e7inde \u201csevginin\u201d, \u201cmerhametin\u201d, \u201c\u015fefkatin\u201d, \u201ccinselli\u011fin\u201d oldu\u011fu \u201ca\u015fk\u201d da siyasal bir egemenlik oyunundan ibaret: Goethe\u2019nin \u201cYa \u00e7eki\u00e7 olmal\u0131s\u0131n ya \u00f6rs\u201d laf\u0131 hi\u00e7bir yere kad\u0131n erkek ili\u015fkisine uydu\u011fu kadar iyi uymuyor, laf aras\u0131nda, r\u00fcyanda Bayan Ven\u00fcs de bunu g\u00f6stermi\u015fti sana. Erke\u011fin ihtiras\u0131nda kad\u0131n\u0131n g\u00fcc\u00fc sakl\u0131d\u0131r ve erkek dikkat etmezse kad\u0131n bu g\u00fcc\u00fc kullanmas\u0131n\u0131 bilir. Erke\u011fin bir tiran veya kad\u0131n\u0131n k\u00f6lesi olmak aras\u0131nda bir se\u00e7im yapmaktan ba\u015fka \u015fans\u0131 yoktur. Kendisini teslim etti\u011fi anda boyunduruk kafas\u0131na ge\u00e7irilmi\u015ftir ve k\u0131rbac\u0131 teninde hissedecektir&#8230; \u201cA\u015fk\u201d insan\u0131n tutkular\u0131ndan, \u00f6zellikle de egemenlik h\u0131rslar\u0131ndan ba\u011f\u0131ms\u0131z bir ruh hali de\u011fil; hatta efendi ve k\u00f6le aras\u0131ndaki kadim ili\u015fki a\u015fk\u0131 da belirleyen bir ili\u015fki\u2026  \ufffc<\/p>\n","protected":false},"excerpt":{"rendered":"<p>\u0130nsani varolu\u015fun karanl\u0131k taraflar\u0131na \u0131\u015f\u0131k tutuluyor K\u00fcrkl\u00fc Ven\u00fcs\u2019te. Daha ilk sayfadan itibaren insan\u0131n arzular\u0131 ve tutkular\u0131, sald\u0131rganl\u0131\u011fa olan \u201ci\u00e7g\u00fcd\u00fcsel\u201d e\u011filimleri didik didik ediliyor. Yerle\u015fik de\u011ferleri ve<span class=\"excerpt-hellip\"> [\u2026]<\/span><\/p>\n","protected":false},"featured_media":0,"template":"","meta":{"_monsterinsights_skip_tracking":false,"_monsterinsights_sitenote_active":false,"_monsterinsights_sitenote_note":"","_monsterinsights_sitenote_category":0},"product_brand":[],"product_cat":[12782,12291],"product_tag":[],"class_list":{"0":"post-692327","1":"product","2":"type-product","3":"status-publish","5":"product_cat-alman-edebiyati","6":"product_cat-edebiyat","7":"pa_cilt-ciltsiz","8":"pa_tur-kitap","9":"pa_yayinevi-ayrinti-yayinlari","10":"pa_yazar-leopold-von-sacher-masoch","12":"first","13":"instock","14":"sale","15":"shipping-taxable","16":"purchasable","17":"product-type-simple"},"_links":{"self":[{"href":"https:\/\/roveyayinevi.com.tr\/index.php\/wp-json\/wp\/v2\/product\/692327","targetHints":{"allow":["GET"]}}],"collection":[{"href":"https:\/\/roveyayinevi.com.tr\/index.php\/wp-json\/wp\/v2\/product"}],"about":[{"href":"https:\/\/roveyayinevi.com.tr\/index.php\/wp-json\/wp\/v2\/types\/product"}],"wp:attachment":[{"href":"https:\/\/roveyayinevi.com.tr\/index.php\/wp-json\/wp\/v2\/media?parent=692327"}],"wp:term":[{"taxonomy":"product_brand","embeddable":true,"href":"https:\/\/roveyayinevi.com.tr\/index.php\/wp-json\/wp\/v2\/product_brand?post=692327"},{"taxonomy":"product_cat","embeddable":true,"href":"https:\/\/roveyayinevi.com.tr\/index.php\/wp-json\/wp\/v2\/product_cat?post=692327"},{"taxonomy":"product_tag","embeddable":true,"href":"https:\/\/roveyayinevi.com.tr\/index.php\/wp-json\/wp\/v2\/product_tag?post=692327"}],"curies":[{"name":"wp","href":"https:\/\/api.w.org\/{rel}","templated":true}]}}