{"id":692326,"date":"2025-08-27T14:06:04","date_gmt":"2025-08-27T11:06:04","guid":{"rendered":"https:\/\/roveyayinevi.com.tr\/index.php\/urun\/tam-sifa\/"},"modified":"2026-04-16T02:02:14","modified_gmt":"2026-04-15T23:02:14","slug":"tam-sifa","status":"publish","type":"product","link":"https:\/\/roveyayinevi.com.tr\/index.php\/urun\/tam-sifa\/","title":{"rendered":"Tam \u015eifa"},"content":{"rendered":"<p>\u201cB\u00fct\u00fcnc\u00fcl t\u0131p yakla\u015f\u0131m\u0131nda sa\u011fl\u0131k sorunlar\u0131n\u0131n tek bir organ\u0131n veya sistemin hastal\u0131\u011f\u0131ndan ziyade, v\u00fccudun b\u00fct\u00fcn\u00fcnde bir soruna ba\u011fl\u0131 geli\u015fti\u011fi kabul edilmektedir. Bu g\u00f6r\u00fc\u015fe inanmam nedeni ile hastal\u0131klarda t\u0131bbi tedavinin yan\u0131 s\u0131ra beslenme tarz\u0131, ya\u015fam tarz\u0131, g\u0131da takviyeleri ve bitkisel destekleri de i\u00e7eren bir kitaba b\u00fcy\u00fck ihtiya\u00e7 duyuldu\u011funu g\u00f6rd\u00fcm. Y\u0131llarca yapt\u0131\u011f\u0131m ara\u015ft\u0131rma ve bilgilerimi sadece sa\u011fl\u0131k \u00e7al\u0131\u015fanlar\u0131na de\u011fil, b\u00fct\u00fcn insanlara a\u00e7\u0131k ve anla\u015f\u0131l\u0131r bir \u015fekilde sunmam gerekti\u011fine inand\u0131m. Ancak bu \u015fekilde beni destekleyen ve inanan insanlara hak ettikleri hizmeti verebilece\u011fimi d\u00fc\u015f\u00fcnd\u00fcm\u2026\u201dProf. Dr. Canfeza SezginAllah dert verip derman aratmas\u0131n\u2026 Neredeyse, t\u00fcm hastalar\u0131n ve hasta yak\u0131nlar\u0131n\u0131n dilinden d\u00fc\u015f\u00fcrmedi\u011fi bir duad\u0131r bu! Elinizdeki kitap, belki bu dualar\u0131n kar\u015f\u0131l\u0131\u011f\u0131 olarak ortaya \u00e7\u0131kt\u0131. Hastal\u0131k derdine derman ararken do\u011fru bir yol izlemek ad\u0131na \u2018tam\u2019 bir \u015fifa kayna\u011f\u0131&#8230;\u0130\u00e7 hastal\u0131klar\u0131 ve t\u0131bbi onkoloji uzman\u0131 olan Prof. Dr. Canfeza Sezgin, binlerce bilimsel yay\u0131n\u0131 tarand\u0131ktan sonra, hekimlik tecr\u00fcbelerini de katarak 2000\u2019i a\u015fk\u0131n referansla bu kitab\u0131 yazd\u0131.Tam \u015eifa bu anlamda hem d\u00fcnyada hem de \u00fclkemizde bir ilk!Gerek kapsam\u0131, gerek kolay anla\u015f\u0131l\u0131r sistemati\u011fi gerekse iyile\u015ftirici faydas\u0131 a\u00e7\u0131s\u0131ndan bir ilk.A\u2019dan Z\u2019ye t\u00fcm hastal\u0131klara kar\u015f\u0131 b\u00fct\u00fcnc\u00fcl korunma z\u0131rh\u0131 art\u0131k elinizde! Tam \u015fifa sizin elinizde! \u0130yile\u015fmenin anahtar\u0131 art\u0131k sizde! Elinizden d\u00fc\u015f\u00fcrmeyin! <\/p>\n","protected":false},"excerpt":{"rendered":"<p>\u201cB\u00fct\u00fcnc\u00fcl t\u0131p yakla\u015f\u0131m\u0131nda sa\u011fl\u0131k sorunlar\u0131n\u0131n tek bir organ\u0131n veya sistemin hastal\u0131\u011f\u0131ndan ziyade, v\u00fccudun b\u00fct\u00fcn\u00fcnde bir soruna ba\u011fl\u0131 geli\u015fti\u011fi kabul edilmektedir. Bu g\u00f6r\u00fc\u015fe inanmam nedeni ile hastal\u0131klarda<span class=\"excerpt-hellip\"> [\u2026]<\/span><\/p>\n","protected":false},"featured_media":0,"template":"","meta":{"_monsterinsights_skip_tracking":false,"_monsterinsights_sitenote_active":false,"_monsterinsights_sitenote_note":"","_monsterinsights_sitenote_category":0},"product_brand":[],"product_cat":[20313,13365],"product_tag":[],"class_list":{"0":"post-692326","1":"product","2":"type-product","3":"status-publish","5":"product_cat-basvuru-kitaplari-saglik","6":"product_cat-saglik","7":"pa_cilt-ciltsiz","8":"pa_tur-kitap","9":"pa_yayinevi-hayykitap","10":"pa_yazar-canfeza-sezgin","12":"first","13":"instock","14":"sale","15":"shipping-taxable","16":"purchasable","17":"product-type-simple"},"_links":{"self":[{"href":"https:\/\/roveyayinevi.com.tr\/index.php\/wp-json\/wp\/v2\/product\/692326","targetHints":{"allow":["GET"]}}],"collection":[{"href":"https:\/\/roveyayinevi.com.tr\/index.php\/wp-json\/wp\/v2\/product"}],"about":[{"href":"https:\/\/roveyayinevi.com.tr\/index.php\/wp-json\/wp\/v2\/types\/product"}],"wp:attachment":[{"href":"https:\/\/roveyayinevi.com.tr\/index.php\/wp-json\/wp\/v2\/media?parent=692326"}],"wp:term":[{"taxonomy":"product_brand","embeddable":true,"href":"https:\/\/roveyayinevi.com.tr\/index.php\/wp-json\/wp\/v2\/product_brand?post=692326"},{"taxonomy":"product_cat","embeddable":true,"href":"https:\/\/roveyayinevi.com.tr\/index.php\/wp-json\/wp\/v2\/product_cat?post=692326"},{"taxonomy":"product_tag","embeddable":true,"href":"https:\/\/roveyayinevi.com.tr\/index.php\/wp-json\/wp\/v2\/product_tag?post=692326"}],"curies":[{"name":"wp","href":"https:\/\/api.w.org\/{rel}","templated":true}]}}