{"id":692324,"date":"2025-08-27T14:06:03","date_gmt":"2025-08-27T11:06:03","guid":{"rendered":"https:\/\/roveyayinevi.com.tr\/index.php\/urun\/felsefeyle-saadet-olmaz\/"},"modified":"2026-04-16T02:02:14","modified_gmt":"2026-04-15T23:02:14","slug":"felsefeyle-saadet-olmaz","status":"publish","type":"product","link":"https:\/\/roveyayinevi.com.tr\/index.php\/urun\/felsefeyle-saadet-olmaz\/","title":{"rendered":"Felsefeyle Saadet Olmaz"},"content":{"rendered":"<p>Ger\u00e7ek mutlulu\u011fun ne oldu\u011fu, ona hangi yollardan ula\u015f\u0131labilece\u011fi felsefeyle anla\u015f\u0131l\u0131r\u2026 Bu mutlulu\u011fun nas\u0131l elde tutulaca\u011f\u0131n\u0131, korunabilece\u011fini ve uzun s\u00fcreli olabilece\u011fini bize felsefe \u00f6\u011fretir\u2026 Mutlu bir ya\u015fam\u0131n anahtar\u0131 felsefedir\u2026 <\/p>\n","protected":false},"excerpt":{"rendered":"<p>Ger\u00e7ek mutlulu\u011fun ne oldu\u011fu, ona hangi yollardan ula\u015f\u0131labilece\u011fi felsefeyle anla\u015f\u0131l\u0131r\u2026 Bu mutlulu\u011fun nas\u0131l elde tutulaca\u011f\u0131n\u0131, korunabilece\u011fini ve uzun s\u00fcreli olabilece\u011fini bize felsefe \u00f6\u011fretir\u2026 Mutlu bir ya\u015fam\u0131n<span class=\"excerpt-hellip\"> [\u2026]<\/span><\/p>\n","protected":false},"featured_media":0,"template":"","meta":{"_monsterinsights_skip_tracking":false,"_monsterinsights_sitenote_active":false,"_monsterinsights_sitenote_note":"","_monsterinsights_sitenote_category":0},"product_brand":[],"product_cat":[12389,12388],"product_tag":[],"class_list":{"0":"post-692324","1":"product","2":"type-product","3":"status-publish","5":"product_cat-diger-felsefe","6":"product_cat-felsefe","7":"pa_cilt-ciltsiz","8":"pa_tur-kitap","9":"pa_yayinevi-say-yayinlari","10":"pa_yazar-roger-pol-droit","12":"first","13":"instock","14":"sale","15":"shipping-taxable","16":"purchasable","17":"product-type-simple"},"_links":{"self":[{"href":"https:\/\/roveyayinevi.com.tr\/index.php\/wp-json\/wp\/v2\/product\/692324","targetHints":{"allow":["GET"]}}],"collection":[{"href":"https:\/\/roveyayinevi.com.tr\/index.php\/wp-json\/wp\/v2\/product"}],"about":[{"href":"https:\/\/roveyayinevi.com.tr\/index.php\/wp-json\/wp\/v2\/types\/product"}],"wp:attachment":[{"href":"https:\/\/roveyayinevi.com.tr\/index.php\/wp-json\/wp\/v2\/media?parent=692324"}],"wp:term":[{"taxonomy":"product_brand","embeddable":true,"href":"https:\/\/roveyayinevi.com.tr\/index.php\/wp-json\/wp\/v2\/product_brand?post=692324"},{"taxonomy":"product_cat","embeddable":true,"href":"https:\/\/roveyayinevi.com.tr\/index.php\/wp-json\/wp\/v2\/product_cat?post=692324"},{"taxonomy":"product_tag","embeddable":true,"href":"https:\/\/roveyayinevi.com.tr\/index.php\/wp-json\/wp\/v2\/product_tag?post=692324"}],"curies":[{"name":"wp","href":"https:\/\/api.w.org\/{rel}","templated":true}]}}