{"id":692323,"date":"2025-08-27T14:06:03","date_gmt":"2025-08-27T11:06:03","guid":{"rendered":"https:\/\/roveyayinevi.com.tr\/index.php\/urun\/gozluk-ciltli\/"},"modified":"2026-04-16T02:02:14","modified_gmt":"2026-04-15T23:02:14","slug":"gozluk-ciltli","status":"publish","type":"product","link":"https:\/\/roveyayinevi.com.tr\/index.php\/urun\/gozluk-ciltli\/","title":{"rendered":"G\u00f6zl\u00fck (Ciltli)"},"content":{"rendered":"<p>M\u00fczik dinler, s\u00f6yleyemeyip a\u011fz\u0131na m\u00fch\u00fcrledi\u011fi kelimeleri parmak u\u00e7lar\u0131ndan bloguna aktar\u0131rd\u0131. Ya\u011fmurlu bir g\u00fcnde s\u00f6ylenen bir ezginin ard\u0131na yaslanm\u0131\u015f yorgun ruh ile o g\u00fcn tan\u0131\u015ft\u0131. Ruhu kaybetmi\u015fti ama kalbi kazanmaya haz\u0131rd\u0131.Bir\u00e7ok insana g\u00f6re, s\u0131radan bir hayat\u0131 vard\u0131 Ege\u2019nin. Sosyalle\u015fme ad\u0131na yapt\u0131\u011f\u0131 her \u015fey elinde patlam\u0131\u015f ve kendini birdenbire kaybedenlerin taraf\u0131nda bulmu\u015ftu. Okulunda farkl\u0131l\u0131klar\u0131 y\u00fcz\u00fcnden sevilmeyen, d\u0131\u015flanan, alay edilen G\u00f6zl\u00fck&#8217;\u00fcn tekiydi. Arkada\u015f\u0131 yok muydu? Evet, bir tane vard\u0131. &#8220;Bu kadar melankoli insana zarar verir,&#8221; diyerek ba\u015flayan, &#8220;Sorma! \u00c7ark\u0131felek izlerken bile a\u011fl\u0131yorum!&#8221; ile devam eden bir internet arkada\u015fl\u0131\u011f\u0131yd\u0131 onunki.Bir yaz tatilinin ba\u015flang\u0131c\u0131nda, arkada\u015fl\u0131\u011f\u0131, umudu, \u00e2\u015f\u0131k olmay\u0131 \u00f6\u011frenece\u011fi bir maceraya at\u0131ld\u0131\u011f\u0131n\u0131n fark\u0131nda olmadan tak\u0131ld\u0131 Tu\u011f\u00e7e\u2019nin pe\u015fine. Okulun yaz kamp\u0131, beraberinde t\u00fcm soru i\u015faretlerini de getirdi. Aylard\u0131r internetten konu\u015ftu\u011fu Heiley17 isimli kullan\u0131c\u0131n\u0131n da ayn\u0131 kampta oldu\u011funu \u00f6\u011frendi\u011finde, kovalamaca ve oyunlar ba\u015flam\u0131\u015f oldu.Peki, Heiley17 kimdi ve neden saklan\u0131yordu? Kalbi ejderhan\u0131n ate\u015finde mi atacak, yoksa k\u0131rg\u0131n bir y\u00fcre\u011fe merhem mi olacakt\u0131?Ona yazmak, durduk yere gelen a\u011flama iste\u011fi gibiydi.\ufffc<\/p>\n","protected":false},"excerpt":{"rendered":"<p>M\u00fczik dinler, s\u00f6yleyemeyip a\u011fz\u0131na m\u00fch\u00fcrledi\u011fi kelimeleri parmak u\u00e7lar\u0131ndan bloguna aktar\u0131rd\u0131. Ya\u011fmurlu bir g\u00fcnde s\u00f6ylenen bir ezginin ard\u0131na yaslanm\u0131\u015f yorgun ruh ile o g\u00fcn tan\u0131\u015ft\u0131. Ruhu kaybetmi\u015fti<span class=\"excerpt-hellip\"> [\u2026]<\/span><\/p>\n","protected":false},"featured_media":0,"template":"","meta":{"_monsterinsights_skip_tracking":false,"_monsterinsights_sitenote_active":false,"_monsterinsights_sitenote_note":"","_monsterinsights_sitenote_category":0},"product_brand":[],"product_cat":[12291,12711],"product_tag":[],"class_list":{"0":"post-692323","1":"product","2":"type-product","3":"status-publish","5":"product_cat-edebiyat","6":"product_cat-roman-oyku","7":"pa_cilt-ciltli","8":"pa_tur-kitap","9":"pa_yayinevi-ephesus-yayinlari","10":"pa_yazar-koray-yersuren","12":"first","13":"instock","14":"sale","15":"shipping-taxable","16":"purchasable","17":"product-type-simple"},"_links":{"self":[{"href":"https:\/\/roveyayinevi.com.tr\/index.php\/wp-json\/wp\/v2\/product\/692323","targetHints":{"allow":["GET"]}}],"collection":[{"href":"https:\/\/roveyayinevi.com.tr\/index.php\/wp-json\/wp\/v2\/product"}],"about":[{"href":"https:\/\/roveyayinevi.com.tr\/index.php\/wp-json\/wp\/v2\/types\/product"}],"wp:attachment":[{"href":"https:\/\/roveyayinevi.com.tr\/index.php\/wp-json\/wp\/v2\/media?parent=692323"}],"wp:term":[{"taxonomy":"product_brand","embeddable":true,"href":"https:\/\/roveyayinevi.com.tr\/index.php\/wp-json\/wp\/v2\/product_brand?post=692323"},{"taxonomy":"product_cat","embeddable":true,"href":"https:\/\/roveyayinevi.com.tr\/index.php\/wp-json\/wp\/v2\/product_cat?post=692323"},{"taxonomy":"product_tag","embeddable":true,"href":"https:\/\/roveyayinevi.com.tr\/index.php\/wp-json\/wp\/v2\/product_tag?post=692323"}],"curies":[{"name":"wp","href":"https:\/\/api.w.org\/{rel}","templated":true}]}}