{"id":692321,"date":"2025-08-27T14:06:03","date_gmt":"2025-08-27T11:06:03","guid":{"rendered":"https:\/\/roveyayinevi.com.tr\/index.php\/urun\/zeytindagi-ozgun-metin\/"},"modified":"2026-04-16T02:02:14","modified_gmt":"2026-04-15T23:02:14","slug":"zeytindagi-ozgun-metin","status":"publish","type":"product","link":"https:\/\/roveyayinevi.com.tr\/index.php\/urun\/zeytindagi-ozgun-metin\/","title":{"rendered":"Zeytinda\u011f\u0131 -\u00d6zg\u00fcn Metin-"},"content":{"rendered":"<p>Zeytinda\u011f\u0131, insan\u0131n kan\u0131n\u0131 donduran tarihi bir s\u00fcreci, \u201cbir imparatorlu\u011fun \u00e7\u00f6k\u00fc\u015f\u00fcn\u00fc\u201d o zamana g\u00f6re en duru T\u00fcrk\u00e7e ile kar\u015f\u0131m\u0131za getiriyor. Kitapta Mehmet\u00e7ik\u2019in Yemen\u2019de, Aden\u2019de, Kanal\u2019da, Gazze\u2019de, Arap \u00e7\u00f6llerinde nas\u0131l k\u0131r\u0131ld\u0131\u011f\u0131n\u0131, yenilgiden sonra bir vagon dolusu \u201cmecidiye alt\u0131n\u0131n\u0131\u201d bile nas\u0131l b\u0131rakt\u0131\u011f\u0131m\u0131z\u0131 hayretler i\u00e7erisinde okuyacaks\u0131n\u0131z.     Cemal Pa\u015fa\u2019n\u0131n emir subay\u0131 olarak, o g\u00fcnlerde en yak\u0131n\u0131nda olan Falih R\u0131fk\u0131, Zeytinda\u011f\u0131 kitab\u0131yla tarihimize bir ibret belgesi b\u0131rak\u0131rken, her biri bir destan olabilecek, askerlerin g\u00fcnl\u00fckleri ve \u00e2deta kumar masas\u0131nda kaybedilen Ahmetlerin, Mehmetlerin hik\u00e2yeleri t\u00fcylerinizi \u00fcrpertecek.                                                   \u2022\u2022\u2022      \u2018\u2019Osmanl\u0131\u2019n\u0131n son d\u00f6nemlerini anlatan \u2018Zeytinda\u011f\u0131\u2019\u2019 kitab\u0131n\u0131 gen\u00e7lerimiz mutlaka okusunlar.\u2019\u2019   Recep Tayyip Erdo\u011fan (Cumhurba\u015fkan\u0131)       \u201cFalih R\u0131fk\u0131, Ortado\u011fu\u2019nun kan ve barutunu g\u00f6rd\u00fc; Bahriye Naz\u0131r\u0131 ve Suriye-Filistin Umum Kumandan\u0131 Cemal Pa\u015fa\u2019n\u0131n \u00f6zel kalem subay\u0131yd\u0131. Kendinden emin bir \u00fcsl\u00fbpla bu d\u00f6nemi ve ya\u015fad\u0131klar\u0131n\u0131 \u201cZeytinda\u011f\u0131\u201dnda anlat\u0131r. \u0130mparatorlu\u011fun y\u0131k\u0131l\u0131\u015f\u0131n\u0131 kaleme ald\u0131\u011f\u0131, herkesin defalarca okudu\u011fu  Zeytinda\u011f\u0131 bu d\u00f6nemin ve bu co\u011frafyadaki g\u00f6zlemlerinin eseridir. Kitap, d\u00f6nemin bir muhasebesiydi. Falih R\u0131fk\u0131 Atay\u2019\u0131n s\u00fcr\u00fckleyici, zengin muhteval\u0131, z\u0131t g\u00f6r\u00fcn\u00fcm ve olaylara dayanarak tezlerini savunan bir \u00fcsl\u00fbbu vard\u0131r.    Onu her zaman ya\u015fatacak ve sevdirecek olan kitaplar\u0131n\u0131n en birincisi \u201cZeytinda\u011f\u0131\u201dd\u0131r. Bu kitapta bir imparatorlu\u011fu, bir g\u00fcne\u015fin trajik bat\u0131\u015f\u0131n\u0131, keskin g\u00f6zlemleri, realist ama h\u00fcz\u00fcnl\u00fc bak\u0131\u015f\u0131yla anlat\u0131r.\u201d                                                                                                                        Prof. Dr. \u0130lber Ortayl\u0131       \u201cBu kitab\u0131 okumak \u00e2deta bir bor\u00e7tur ve bir vazifedir.\u201d                                                                                                                        Beh\u00e7et Kemal \u00c7a\u011flar       \u201cFalih R\u0131fk\u0131\u2019n\u0131n son eseri Zeytinda\u011f\u0131, Cumhuriyet devri edebiyat\u0131n\u0131n en b\u00fcy\u00fck hadiselerinden birini te\u015fkil etti. Falih R\u0131fk\u0131\u2019n\u0131n bize hat\u0131rlatt\u0131\u011f\u0131 devir, T\u00fcrk milletinin ge\u00e7irdi\u011fi ve ge\u00e7irebilece\u011fi felaket devirlerinin en facial\u0131s\u0131, en deh\u015fetlisi ve ruha en \u00e7ok bezginlik verenidir. E\u011fer, muharririn keskin ve y\u00fcksek zek\u00e2s\u0131 bu devir \u00fcst\u00fcne berrak bir ayd\u0131nl\u0131k gibi aksetmemi\u015f olsayd\u0131, biz ona do\u011fru ba\u015f\u0131m\u0131z\u0131 \u00e7evirip tekrar bakmak arzu ve cesaretini kendimizde bulamayacakt\u0131k.\u201d                                                                                                                  Yakup Kadri Karaosmano\u011flu       \u201cZeytinda\u011f\u0131\u2019n\u0131 seve seve okudum. Zaten ba\u015flad\u0131ktan sonra b\u0131rakmak kabil de\u011fil. Bence bu yeni kitab\u0131nda Falih R\u0131fk\u0131\u2019n\u0131n \u00fcslubu, \u00f6b\u00fcr kitaplar\u0131ndan daha g\u00f6z kama\u015ft\u0131r\u0131c\u0131d\u0131r ve zannedersem en g\u00fczel h\u00e2line vas\u0131l olmu\u015ftur. Zeytinda\u011f\u0131, bug\u00fcnk\u00fc T\u00fcrk\u00e7e ile ne kadar kuvvetli anlat\u0131m yap\u0131labilece\u011fine sa\u011flam bir delildir.\u201d                                                                                                                                        Nurullah Ata\u00e7 <\/p>\n","protected":false},"excerpt":{"rendered":"<p>Zeytinda\u011f\u0131, insan\u0131n kan\u0131n\u0131 donduran tarihi bir s\u00fcreci, \u201cbir imparatorlu\u011fun \u00e7\u00f6k\u00fc\u015f\u00fcn\u00fc\u201d o zamana g\u00f6re en duru T\u00fcrk\u00e7e ile kar\u015f\u0131m\u0131za getiriyor. Kitapta Mehmet\u00e7ik\u2019in Yemen\u2019de, Aden\u2019de, Kanal\u2019da, Gazze\u2019de, Arap<span class=\"excerpt-hellip\"> [\u2026]<\/span><\/p>\n","protected":false},"featured_media":0,"template":"","meta":{"_monsterinsights_skip_tracking":false,"_monsterinsights_sitenote_active":false,"_monsterinsights_sitenote_note":"","_monsterinsights_sitenote_category":0},"product_brand":[],"product_cat":[12530,12304],"product_tag":[],"class_list":{"0":"post-692321","1":"product","2":"type-product","3":"status-publish","5":"product_cat-mustafa-kemal-ataturk","6":"product_cat-tarih","7":"pa_cilt-ciltsiz","8":"pa_tur-kitap","9":"pa_yayinevi-pozitif-yayinlari","10":"pa_yazar-falih-rifki-atay","12":"first","13":"instock","14":"sale","15":"shipping-taxable","16":"purchasable","17":"product-type-simple"},"_links":{"self":[{"href":"https:\/\/roveyayinevi.com.tr\/index.php\/wp-json\/wp\/v2\/product\/692321","targetHints":{"allow":["GET"]}}],"collection":[{"href":"https:\/\/roveyayinevi.com.tr\/index.php\/wp-json\/wp\/v2\/product"}],"about":[{"href":"https:\/\/roveyayinevi.com.tr\/index.php\/wp-json\/wp\/v2\/types\/product"}],"wp:attachment":[{"href":"https:\/\/roveyayinevi.com.tr\/index.php\/wp-json\/wp\/v2\/media?parent=692321"}],"wp:term":[{"taxonomy":"product_brand","embeddable":true,"href":"https:\/\/roveyayinevi.com.tr\/index.php\/wp-json\/wp\/v2\/product_brand?post=692321"},{"taxonomy":"product_cat","embeddable":true,"href":"https:\/\/roveyayinevi.com.tr\/index.php\/wp-json\/wp\/v2\/product_cat?post=692321"},{"taxonomy":"product_tag","embeddable":true,"href":"https:\/\/roveyayinevi.com.tr\/index.php\/wp-json\/wp\/v2\/product_tag?post=692321"}],"curies":[{"name":"wp","href":"https:\/\/api.w.org\/{rel}","templated":true}]}}