{"id":692320,"date":"2025-08-27T14:06:03","date_gmt":"2025-08-27T11:06:03","guid":{"rendered":"https:\/\/roveyayinevi.com.tr\/index.php\/urun\/saygi\/"},"modified":"2026-04-16T02:02:14","modified_gmt":"2026-04-15T23:02:14","slug":"saygi","status":"publish","type":"product","link":"https:\/\/roveyayinevi.com.tr\/index.php\/urun\/saygi\/","title":{"rendered":"Sayg\u0131"},"content":{"rendered":"<p>Elinizdeki kitap T\u00fcrkiye toplumunun toplum olarak ya\u015fayabilmesi i\u00e7in gerekli olan temel bir ihtiyac\u0131na, &#8216;sayg\u0131&#8217; ihtiyac\u0131na odaklan\u0131yor. Bu ihtiya\u00e7 o denli b\u00fcy\u00fck ki, kitab\u0131n ad\u0131n\u0131 &#8216;sayg\u0131 a\u00e7l\u0131\u011f\u0131&#8217; koysak bu hi\u00e7 de abart\u0131l\u0131 olmazd\u0131. Bu ihtiya\u00e7 tespitini son y\u0131llarda Ortado\u011fu&#8217;da ve T\u00fcrkiye&#8217;de meydana gelen geli\u015fmelere bakarak yapmad\u0131k; sayg\u0131 meselesinin, T\u00fcrkiye&#8217;nin demokratikle\u015fememe tarihinin iyile\u015fmeyen bir yaras\u0131 olarak, \u00e7ok boyutlu ve \u00e7ok tarafl\u0131 bir mesele olarak ele al\u0131nmas\u0131n\u0131 istedik. T\u00fcrkiye&#8217;de bir felsefe gelene\u011fi olmad\u0131\u011f\u0131 hep s\u00f6ylene gelmi\u015ftir, ancak bu soyut konular\u0131n ve kavramlar\u0131n tart\u0131\u015f\u0131lmamas\u0131 i\u00e7in mazeret de\u011fil, olmamal\u0131.Dostlu\u011fu, sayg\u0131y\u0131, eme\u011fi, sevgiyi, devleti, toplumu, iyili\u011fi, vicdan\u0131, ahlak\u0131 hele hele \u00f6zg\u00fcrl\u00fc\u011f\u00fc daha s\u0131k ve daha \u00e7ok tart\u0131\u015fmal\u0131y\u0131z. Dar g\u00f6r\u00fc\u015fl\u00fc siyasetlerin t\u00fcketimci bireycilik, mezhep\u00e7ilik\/dincilik veya milliyet\u00e7ilikle toplumu par\u00e7alamas\u0131na, toplumun m\u00fczakereye ve uzla\u015fmaya dayal\u0131 geni\u015f siyasetten, farkl\u0131l\u0131klarla bir arada ya\u015fama sorunundan uzak tutulmas\u0131na engel olman\u0131n yollar\u0131ndan biri de budur.Sayg\u0131, bir\u00e7ok de\u011ferli bilim insan\u0131 ve yazar\u0131n yakla\u015f\u0131k iki y\u0131la yay\u0131lan yo\u011fun eme\u011fi sonucu ortaya \u00e7\u0131kt\u0131. \ufffc<\/p>\n","protected":false},"excerpt":{"rendered":"<p>Elinizdeki kitap T\u00fcrkiye toplumunun toplum olarak ya\u015fayabilmesi i\u00e7in gerekli olan temel bir ihtiyac\u0131na, &#8216;sayg\u0131&#8217; ihtiyac\u0131na odaklan\u0131yor. Bu ihtiya\u00e7 o denli b\u00fcy\u00fck ki, kitab\u0131n ad\u0131n\u0131 &#8216;sayg\u0131 a\u00e7l\u0131\u011f\u0131&#8217;<span class=\"excerpt-hellip\"> [\u2026]<\/span><\/p>\n","protected":false},"featured_media":0,"template":"","meta":{"_monsterinsights_skip_tracking":false,"_monsterinsights_sitenote_active":false,"_monsterinsights_sitenote_note":"","_monsterinsights_sitenote_category":0},"product_brand":[],"product_cat":[12777,12291],"product_tag":[],"class_list":{"0":"post-692320","1":"product","2":"type-product","3":"status-publish","5":"product_cat-deneme","6":"product_cat-edebiyat","7":"pa_cilt-ciltsiz","8":"pa_tur-kitap","9":"pa_yayinevi-ezgi-kitabevi-yayinlari","10":"pa_yazar-kolektif","12":"first","13":"instock","14":"sale","15":"shipping-taxable","16":"purchasable","17":"product-type-simple"},"_links":{"self":[{"href":"https:\/\/roveyayinevi.com.tr\/index.php\/wp-json\/wp\/v2\/product\/692320","targetHints":{"allow":["GET"]}}],"collection":[{"href":"https:\/\/roveyayinevi.com.tr\/index.php\/wp-json\/wp\/v2\/product"}],"about":[{"href":"https:\/\/roveyayinevi.com.tr\/index.php\/wp-json\/wp\/v2\/types\/product"}],"wp:attachment":[{"href":"https:\/\/roveyayinevi.com.tr\/index.php\/wp-json\/wp\/v2\/media?parent=692320"}],"wp:term":[{"taxonomy":"product_brand","embeddable":true,"href":"https:\/\/roveyayinevi.com.tr\/index.php\/wp-json\/wp\/v2\/product_brand?post=692320"},{"taxonomy":"product_cat","embeddable":true,"href":"https:\/\/roveyayinevi.com.tr\/index.php\/wp-json\/wp\/v2\/product_cat?post=692320"},{"taxonomy":"product_tag","embeddable":true,"href":"https:\/\/roveyayinevi.com.tr\/index.php\/wp-json\/wp\/v2\/product_tag?post=692320"}],"curies":[{"name":"wp","href":"https:\/\/api.w.org\/{rel}","templated":true}]}}