{"id":692319,"date":"2025-08-27T14:06:02","date_gmt":"2025-08-27T11:06:02","guid":{"rendered":"https:\/\/roveyayinevi.com.tr\/index.php\/urun\/atahunalp-urumgatlinin-amel-defteri\/"},"modified":"2026-04-16T02:02:14","modified_gmt":"2026-04-15T23:02:14","slug":"atahunalp-urumgatlinin-amel-defteri","status":"publish","type":"product","link":"https:\/\/roveyayinevi.com.tr\/index.php\/urun\/atahunalp-urumgatlinin-amel-defteri\/","title":{"rendered":"Atahunalp Urumgatl\u0131\u2019n\u0131n Amel Defteri"},"content":{"rendered":"<p>Bir g\u00fcn kendiniz olmad\u0131\u011f\u0131n\u0131z\u0131, haf\u0131za nakliyle bir ba\u015fkas\u0131n\u0131n ge\u00e7mi\u015fini ya\u015fad\u0131\u011f\u0131n\u0131z\u0131 anlad\u0131n\u0131z. Bitmedi&#8230; Bu nakledilen haf\u0131za en b\u00fcy\u00fck d\u00fc\u015fman\u0131n\u0131z\u0131nd\u0131 ve bir s\u0131rra ula\u015fmak istiyordunuz&#8230; \u00dcstelik siz d\u00fc\u015fman\u0131n\u0131za d\u00f6n\u00fc\u015fece\u011finizi asla tahmin edememi\u015ftiniz. Art\u0131k kar\u015f\u0131n\u0131zdaki d\u00fc\u015fman, nakilden \u00f6nceki sizsiniz.Akl\u0131n\u0131z kar\u0131\u015ft\u0131 de\u011fil mi? <\/p>\n","protected":false},"excerpt":{"rendered":"<p>Bir g\u00fcn kendiniz olmad\u0131\u011f\u0131n\u0131z\u0131, haf\u0131za nakliyle bir ba\u015fkas\u0131n\u0131n ge\u00e7mi\u015fini ya\u015fad\u0131\u011f\u0131n\u0131z\u0131 anlad\u0131n\u0131z. Bitmedi&#8230; Bu nakledilen haf\u0131za en b\u00fcy\u00fck d\u00fc\u015fman\u0131n\u0131z\u0131nd\u0131 ve bir s\u0131rra ula\u015fmak istiyordunuz&#8230; \u00dcstelik siz d\u00fc\u015fman\u0131n\u0131za<span class=\"excerpt-hellip\"> [\u2026]<\/span><\/p>\n","protected":false},"featured_media":0,"template":"","meta":{"_monsterinsights_skip_tracking":false,"_monsterinsights_sitenote_active":false,"_monsterinsights_sitenote_note":"","_monsterinsights_sitenote_category":0},"product_brand":[],"product_cat":[12291,12292],"product_tag":[],"class_list":{"0":"post-692319","1":"product","2":"type-product","3":"status-publish","5":"product_cat-edebiyat","6":"product_cat-turk-edebiyati","7":"pa_tur-kitap","8":"pa_yayinevi-profil-kitap","9":"pa_yazar-mehmet-mollaosmanoglu","11":"first","12":"instock","13":"sale","14":"shipping-taxable","15":"purchasable","16":"product-type-simple"},"_links":{"self":[{"href":"https:\/\/roveyayinevi.com.tr\/index.php\/wp-json\/wp\/v2\/product\/692319","targetHints":{"allow":["GET"]}}],"collection":[{"href":"https:\/\/roveyayinevi.com.tr\/index.php\/wp-json\/wp\/v2\/product"}],"about":[{"href":"https:\/\/roveyayinevi.com.tr\/index.php\/wp-json\/wp\/v2\/types\/product"}],"wp:attachment":[{"href":"https:\/\/roveyayinevi.com.tr\/index.php\/wp-json\/wp\/v2\/media?parent=692319"}],"wp:term":[{"taxonomy":"product_brand","embeddable":true,"href":"https:\/\/roveyayinevi.com.tr\/index.php\/wp-json\/wp\/v2\/product_brand?post=692319"},{"taxonomy":"product_cat","embeddable":true,"href":"https:\/\/roveyayinevi.com.tr\/index.php\/wp-json\/wp\/v2\/product_cat?post=692319"},{"taxonomy":"product_tag","embeddable":true,"href":"https:\/\/roveyayinevi.com.tr\/index.php\/wp-json\/wp\/v2\/product_tag?post=692319"}],"curies":[{"name":"wp","href":"https:\/\/api.w.org\/{rel}","templated":true}]}}