{"id":692317,"date":"2025-08-27T14:06:02","date_gmt":"2025-08-27T11:06:02","guid":{"rendered":"https:\/\/roveyayinevi.com.tr\/index.php\/urun\/ask-dusunce-yollara-2\/"},"modified":"2026-04-16T02:02:14","modified_gmt":"2026-04-15T23:02:14","slug":"ask-dusunce-yollara-2","status":"publish","type":"product","link":"https:\/\/roveyayinevi.com.tr\/index.php\/urun\/ask-dusunce-yollara-2\/","title":{"rendered":"A\u015fk D\u00fc\u015f\u00fcnce Yollara 2"},"content":{"rendered":"<p>\u2026 ve Rabia!G\u00fc\u00e7l\u00fc kurgusu, \u015fa\u015f\u0131rt\u0131c\u0131 karakterleri ve M\u00fcnib Engin Noyan\u2019\u0131n kendine has anlat\u0131m \u00fcslubuyla tadlanm\u0131\u015f \u201cA\u015fk D\u00fc\u015f\u00fcnce Yollara\u201d adl\u0131 roman \u00fc\u00e7lemesinin ikinci kitab\u0131 olan \u201cHikaye-i Rabia\u201dda onun ba\u015f\u0131na gelenleri \u00f6\u011freniyoruz! <\/p>\n","protected":false},"excerpt":{"rendered":"<p>\u2026 ve Rabia!G\u00fc\u00e7l\u00fc kurgusu, \u015fa\u015f\u0131rt\u0131c\u0131 karakterleri ve M\u00fcnib Engin Noyan\u2019\u0131n kendine has anlat\u0131m \u00fcslubuyla tadlanm\u0131\u015f \u201cA\u015fk D\u00fc\u015f\u00fcnce Yollara\u201d adl\u0131 roman \u00fc\u00e7lemesinin ikinci kitab\u0131 olan \u201cHikaye-i Rabia\u201dda<span class=\"excerpt-hellip\"> [\u2026]<\/span><\/p>\n","protected":false},"featured_media":0,"template":"","meta":{"_monsterinsights_skip_tracking":false,"_monsterinsights_sitenote_active":false,"_monsterinsights_sitenote_note":"","_monsterinsights_sitenote_category":0},"product_brand":[],"product_cat":[12291,12292],"product_tag":[],"class_list":{"0":"post-692317","1":"product","2":"type-product","3":"status-publish","5":"product_cat-edebiyat","6":"product_cat-turk-edebiyati","7":"pa_cilt-ciltsiz","8":"pa_tur-kitap","9":"pa_yayinevi-profil-kitap","10":"pa_yazar-munib-engin-noyan","12":"first","13":"instock","14":"sale","15":"shipping-taxable","16":"purchasable","17":"product-type-simple"},"_links":{"self":[{"href":"https:\/\/roveyayinevi.com.tr\/index.php\/wp-json\/wp\/v2\/product\/692317","targetHints":{"allow":["GET"]}}],"collection":[{"href":"https:\/\/roveyayinevi.com.tr\/index.php\/wp-json\/wp\/v2\/product"}],"about":[{"href":"https:\/\/roveyayinevi.com.tr\/index.php\/wp-json\/wp\/v2\/types\/product"}],"wp:attachment":[{"href":"https:\/\/roveyayinevi.com.tr\/index.php\/wp-json\/wp\/v2\/media?parent=692317"}],"wp:term":[{"taxonomy":"product_brand","embeddable":true,"href":"https:\/\/roveyayinevi.com.tr\/index.php\/wp-json\/wp\/v2\/product_brand?post=692317"},{"taxonomy":"product_cat","embeddable":true,"href":"https:\/\/roveyayinevi.com.tr\/index.php\/wp-json\/wp\/v2\/product_cat?post=692317"},{"taxonomy":"product_tag","embeddable":true,"href":"https:\/\/roveyayinevi.com.tr\/index.php\/wp-json\/wp\/v2\/product_tag?post=692317"}],"curies":[{"name":"wp","href":"https:\/\/api.w.org\/{rel}","templated":true}]}}