{"id":692316,"date":"2025-08-27T14:06:02","date_gmt":"2025-08-27T11:06:02","guid":{"rendered":"https:\/\/roveyayinevi.com.tr\/index.php\/urun\/agir-misafir\/"},"modified":"2026-04-16T02:02:14","modified_gmt":"2026-04-15T23:02:14","slug":"agir-misafir","status":"publish","type":"product","link":"https:\/\/roveyayinevi.com.tr\/index.php\/urun\/agir-misafir\/","title":{"rendered":"A\u011f\u0131r Misafir"},"content":{"rendered":"<p>Can\u0131m\u0131 yak\u0131yor d\u00fcnyan\u0131n g\u00fczelli\u011fi Yetmiyor \u00f6m\u00fcr, o b\u00fcy\u00fck \u015fiire. Rabbim, ne olursun S\u00f6z\u00fcm\u00fc kesme<\/p>\n","protected":false},"excerpt":{"rendered":"<p>Can\u0131m\u0131 yak\u0131yor d\u00fcnyan\u0131n g\u00fczelli\u011fi Yetmiyor \u00f6m\u00fcr, o b\u00fcy\u00fck \u015fiire. Rabbim, ne olursun S\u00f6z\u00fcm\u00fc kesme<\/p>\n","protected":false},"featured_media":0,"template":"","meta":{"_monsterinsights_skip_tracking":false,"_monsterinsights_sitenote_active":false,"_monsterinsights_sitenote_note":"","_monsterinsights_sitenote_category":0},"product_brand":[],"product_cat":[12291,12509],"product_tag":[],"class_list":{"0":"post-692316","1":"product","2":"type-product","3":"status-publish","5":"product_cat-edebiyat","6":"product_cat-siir","7":"pa_cilt-ciltsiz","8":"pa_tur-kitap","9":"pa_yayinevi-profil-kitap","10":"pa_yazar-ibrahim-tenekeci","12":"first","13":"instock","14":"sale","15":"shipping-taxable","16":"purchasable","17":"product-type-simple"},"_links":{"self":[{"href":"https:\/\/roveyayinevi.com.tr\/index.php\/wp-json\/wp\/v2\/product\/692316","targetHints":{"allow":["GET"]}}],"collection":[{"href":"https:\/\/roveyayinevi.com.tr\/index.php\/wp-json\/wp\/v2\/product"}],"about":[{"href":"https:\/\/roveyayinevi.com.tr\/index.php\/wp-json\/wp\/v2\/types\/product"}],"wp:attachment":[{"href":"https:\/\/roveyayinevi.com.tr\/index.php\/wp-json\/wp\/v2\/media?parent=692316"}],"wp:term":[{"taxonomy":"product_brand","embeddable":true,"href":"https:\/\/roveyayinevi.com.tr\/index.php\/wp-json\/wp\/v2\/product_brand?post=692316"},{"taxonomy":"product_cat","embeddable":true,"href":"https:\/\/roveyayinevi.com.tr\/index.php\/wp-json\/wp\/v2\/product_cat?post=692316"},{"taxonomy":"product_tag","embeddable":true,"href":"https:\/\/roveyayinevi.com.tr\/index.php\/wp-json\/wp\/v2\/product_tag?post=692316"}],"curies":[{"name":"wp","href":"https:\/\/api.w.org\/{rel}","templated":true}]}}