{"id":692312,"date":"2025-08-27T14:06:01","date_gmt":"2025-08-27T11:06:01","guid":{"rendered":"https:\/\/roveyayinevi.com.tr\/index.php\/urun\/ekonomi-rehberi\/"},"modified":"2026-04-16T02:02:14","modified_gmt":"2026-04-15T23:02:14","slug":"ekonomi-rehberi","status":"publish","type":"product","link":"https:\/\/roveyayinevi.com.tr\/index.php\/urun\/ekonomi-rehberi\/","title":{"rendered":"Ekonomi Rehberi"},"content":{"rendered":"<p>Ekonomi Rehberi para ve piyasa gibi basit kavramlardan ba\u015flay\u0131p yat\u0131r\u0131m bankac\u0131l\u0131\u011f\u0131 ve likidite krizi gibi daha karma\u015f\u0131k konulara var\u0131ncaya de\u011fin ekonomiyi A\u2019dan Z\u2019ye t\u00fcm y\u00f6nleriyle ele al\u0131yor. Terim ve kavramlar\u0131n yan\u0131 s\u0131ra klasik ekonomi, neo-klasik ekonomi, Marksist ekonomi, kalk\u0131nmac\u0131l\u0131k ve neo-liberalizm gibi belli ba\u015fl\u0131 ekonomi anlay\u0131\u015flar\u0131na ele\u015ftirel bir bak\u0131\u015f a\u00e7\u0131s\u0131yla yakla\u015fan Koreli kalk\u0131nma uzman\u0131 Ha-Joon Chang, ekonomide tek bir do\u011fru olmad\u0131\u011f\u0131n\u0131, farkl\u0131 do\u011frular\u0131 savunan farkl\u0131 okullar bulundu\u011funu belirtiyor. Yazara g\u00f6re e\u011fer ekonomide tek bir do\u011fru yan\u0131t yoksa o zaman ekonomiyi sadece uzmanlara b\u0131rakamazs\u0131n\u0131z. Bu da her sorumlu vatanda\u015f\u0131n biraz ekonomi \u00f6\u011frenmesi gerekti\u011fi anlam\u0131na gelir. K\u0131sacas\u0131 ekonomiyi ekonomistlere b\u0131rakmamal\u0131s\u0131n\u0131z ki kendi siyasal ve ahlaki g\u00f6r\u00fc\u015flerini size bilim diye yutturmas\u0131nlar. <\/p>\n","protected":false},"excerpt":{"rendered":"<p>Ekonomi Rehberi para ve piyasa gibi basit kavramlardan ba\u015flay\u0131p yat\u0131r\u0131m bankac\u0131l\u0131\u011f\u0131 ve likidite krizi gibi daha karma\u015f\u0131k konulara var\u0131ncaya de\u011fin ekonomiyi A\u2019dan Z\u2019ye t\u00fcm y\u00f6nleriyle ele<span class=\"excerpt-hellip\"> [\u2026]<\/span><\/p>\n","protected":false},"featured_media":0,"template":"","meta":{"_monsterinsights_skip_tracking":false,"_monsterinsights_sitenote_active":false,"_monsterinsights_sitenote_note":"","_monsterinsights_sitenote_category":0},"product_brand":[],"product_cat":[12312,12304],"product_tag":[],"class_list":{"0":"post-692312","1":"product","2":"type-product","3":"status-publish","5":"product_cat-diger","6":"product_cat-tarih","7":"pa_cilt-ciltsiz","8":"pa_tur-kitap","9":"pa_yayinevi-say-yayinlari","10":"pa_yazar-ha-joon-chang","12":"first","13":"instock","14":"sale","15":"shipping-taxable","16":"purchasable","17":"product-type-simple"},"_links":{"self":[{"href":"https:\/\/roveyayinevi.com.tr\/index.php\/wp-json\/wp\/v2\/product\/692312","targetHints":{"allow":["GET"]}}],"collection":[{"href":"https:\/\/roveyayinevi.com.tr\/index.php\/wp-json\/wp\/v2\/product"}],"about":[{"href":"https:\/\/roveyayinevi.com.tr\/index.php\/wp-json\/wp\/v2\/types\/product"}],"wp:attachment":[{"href":"https:\/\/roveyayinevi.com.tr\/index.php\/wp-json\/wp\/v2\/media?parent=692312"}],"wp:term":[{"taxonomy":"product_brand","embeddable":true,"href":"https:\/\/roveyayinevi.com.tr\/index.php\/wp-json\/wp\/v2\/product_brand?post=692312"},{"taxonomy":"product_cat","embeddable":true,"href":"https:\/\/roveyayinevi.com.tr\/index.php\/wp-json\/wp\/v2\/product_cat?post=692312"},{"taxonomy":"product_tag","embeddable":true,"href":"https:\/\/roveyayinevi.com.tr\/index.php\/wp-json\/wp\/v2\/product_tag?post=692312"}],"curies":[{"name":"wp","href":"https:\/\/api.w.org\/{rel}","templated":true}]}}