{"id":692311,"date":"2025-08-27T14:06:01","date_gmt":"2025-08-27T11:06:01","guid":{"rendered":"https:\/\/roveyayinevi.com.tr\/index.php\/urun\/soguk\/"},"modified":"2026-04-16T02:02:14","modified_gmt":"2026-04-15T23:02:14","slug":"soguk","status":"publish","type":"product","link":"https:\/\/roveyayinevi.com.tr\/index.php\/urun\/soguk\/","title":{"rendered":"So\u011fuk"},"content":{"rendered":"<p>Thomas Bernhard hayat\u0131n\u0131n en karanl\u0131k, en k\u0131s\u0131tlay\u0131c\u0131 ve kurucu d\u00f6nemlerine tan\u0131k etmeye devam ediyor okuru. \u0130kinci D\u00fcnya Sava\u015f\u0131 sonras\u0131n\u0131n bask\u0131c\u0131 ve bo\u011fucu atmosferinde verem gibi \u00f6l\u00fcmc\u00fcl bir hastal\u0131kla bo\u011fu\u015fmak, hem kendini hem de toplumu sorgulatan bir deneyim haline d\u00f6n\u00fc\u015fm\u00fc\u015ft\u00fcr. Bernhard son derece ilkel ko\u015fullarda, toplumun \u00e7e\u015fitli kesimlerinden insanlarla birlikte \u00f6l\u00fcm\u00fc beklerken, doktorlar\u0131n ve onlar\u0131n hem bilgisiz hem duygusuz yakla\u015f\u0131mlar\u0131n\u0131n, yanl\u0131\u015f te\u015fhis ve tedavilerinin kendinde her anlamda yaratt\u0131\u011f\u0131 hasara kar\u015f\u0131 koyabilme g\u00fcc\u00fcn\u00fc yine kendinden alacakt\u0131r. \ufffcTan\u0131t\u0131m Metni<\/p>\n","protected":false},"excerpt":{"rendered":"<p>Thomas Bernhard hayat\u0131n\u0131n en karanl\u0131k, en k\u0131s\u0131tlay\u0131c\u0131 ve kurucu d\u00f6nemlerine tan\u0131k etmeye devam ediyor okuru. \u0130kinci D\u00fcnya Sava\u015f\u0131 sonras\u0131n\u0131n bask\u0131c\u0131 ve bo\u011fucu atmosferinde verem gibi \u00f6l\u00fcmc\u00fcl<span class=\"excerpt-hellip\"> [\u2026]<\/span><\/p>\n","protected":false},"featured_media":0,"template":"","meta":{"_monsterinsights_skip_tracking":false,"_monsterinsights_sitenote_active":false,"_monsterinsights_sitenote_note":"","_monsterinsights_sitenote_category":0},"product_brand":[],"product_cat":[12777,12291],"product_tag":[],"class_list":{"0":"post-692311","1":"product","2":"type-product","3":"status-publish","5":"product_cat-deneme","6":"product_cat-edebiyat","7":"pa_tur-kitap","8":"pa_yayinevi-sel-yayincilik","9":"pa_yazar-thomas-bernhard","11":"first","12":"instock","13":"sale","14":"shipping-taxable","15":"purchasable","16":"product-type-simple"},"_links":{"self":[{"href":"https:\/\/roveyayinevi.com.tr\/index.php\/wp-json\/wp\/v2\/product\/692311","targetHints":{"allow":["GET"]}}],"collection":[{"href":"https:\/\/roveyayinevi.com.tr\/index.php\/wp-json\/wp\/v2\/product"}],"about":[{"href":"https:\/\/roveyayinevi.com.tr\/index.php\/wp-json\/wp\/v2\/types\/product"}],"wp:attachment":[{"href":"https:\/\/roveyayinevi.com.tr\/index.php\/wp-json\/wp\/v2\/media?parent=692311"}],"wp:term":[{"taxonomy":"product_brand","embeddable":true,"href":"https:\/\/roveyayinevi.com.tr\/index.php\/wp-json\/wp\/v2\/product_brand?post=692311"},{"taxonomy":"product_cat","embeddable":true,"href":"https:\/\/roveyayinevi.com.tr\/index.php\/wp-json\/wp\/v2\/product_cat?post=692311"},{"taxonomy":"product_tag","embeddable":true,"href":"https:\/\/roveyayinevi.com.tr\/index.php\/wp-json\/wp\/v2\/product_tag?post=692311"}],"curies":[{"name":"wp","href":"https:\/\/api.w.org\/{rel}","templated":true}]}}