{"id":692309,"date":"2025-08-27T14:06:00","date_gmt":"2025-08-27T11:06:00","guid":{"rendered":"https:\/\/roveyayinevi.com.tr\/index.php\/urun\/benim-hikayem\/"},"modified":"2026-04-16T02:02:14","modified_gmt":"2026-04-15T23:02:14","slug":"benim-hikayem","status":"publish","type":"product","link":"https:\/\/roveyayinevi.com.tr\/index.php\/urun\/benim-hikayem\/","title":{"rendered":"Benim Hikayem"},"content":{"rendered":"<p>Onu bu lakaplarla tan\u0131yorsunuz ve muhtemelen efsanevi basketbol kariyeri hakk\u0131nda da bilginiz var. D\u00f6rt kez NBA \u015fampiyonu olan ve Finallerde \u00fc\u00e7 kez En De\u011ferli Oyuncu se\u00e7ilen Shaquille \u201cShaq\u201d O\u2019Neal. Louisiana Devlet \u00dcniversitesi\u2019nde ba\u015flayan kariyeri, 1992 y\u0131l\u0131nda NBA\u2019de birinci turda se\u00e7ilmesiyle devam etti ve on dokuz y\u0131ll\u0131k oyunculuk hayat\u0131 boyunca 28.596 kariyer puan\u0131 toplay\u0131p on be\u015f kez All-Star kadrosunda yer ald\u0131.\ufffcTan\u0131t\u0131m Metni<\/p>\n","protected":false},"excerpt":{"rendered":"<p>Onu bu lakaplarla tan\u0131yorsunuz ve muhtemelen efsanevi basketbol kariyeri hakk\u0131nda da bilginiz var. D\u00f6rt kez NBA \u015fampiyonu olan ve Finallerde \u00fc\u00e7 kez En De\u011ferli Oyuncu se\u00e7ilen<span class=\"excerpt-hellip\"> [\u2026]<\/span><\/p>\n","protected":false},"featured_media":0,"template":"","meta":{"_monsterinsights_skip_tracking":false,"_monsterinsights_sitenote_active":false,"_monsterinsights_sitenote_note":"","_monsterinsights_sitenote_category":0},"product_brand":[],"product_cat":[15563,15564],"product_tag":[],"class_list":{"0":"post-692309","1":"product","2":"type-product","3":"status-publish","5":"product_cat-hobi","6":"product_cat-spor","7":"pa_cilt-ciltsiz","8":"pa_tur-kitap","9":"pa_yayinevi-profil-kitap","10":"pa_yazar-shaquille-oneal","12":"first","13":"instock","14":"sale","15":"shipping-taxable","16":"purchasable","17":"product-type-simple"},"_links":{"self":[{"href":"https:\/\/roveyayinevi.com.tr\/index.php\/wp-json\/wp\/v2\/product\/692309","targetHints":{"allow":["GET"]}}],"collection":[{"href":"https:\/\/roveyayinevi.com.tr\/index.php\/wp-json\/wp\/v2\/product"}],"about":[{"href":"https:\/\/roveyayinevi.com.tr\/index.php\/wp-json\/wp\/v2\/types\/product"}],"wp:attachment":[{"href":"https:\/\/roveyayinevi.com.tr\/index.php\/wp-json\/wp\/v2\/media?parent=692309"}],"wp:term":[{"taxonomy":"product_brand","embeddable":true,"href":"https:\/\/roveyayinevi.com.tr\/index.php\/wp-json\/wp\/v2\/product_brand?post=692309"},{"taxonomy":"product_cat","embeddable":true,"href":"https:\/\/roveyayinevi.com.tr\/index.php\/wp-json\/wp\/v2\/product_cat?post=692309"},{"taxonomy":"product_tag","embeddable":true,"href":"https:\/\/roveyayinevi.com.tr\/index.php\/wp-json\/wp\/v2\/product_tag?post=692309"}],"curies":[{"name":"wp","href":"https:\/\/api.w.org\/{rel}","templated":true}]}}