{"id":692306,"date":"2025-08-27T14:06:00","date_gmt":"2025-08-27T11:06:00","guid":{"rendered":"https:\/\/roveyayinevi.com.tr\/index.php\/urun\/gokkusagi-yazi\/"},"modified":"2026-04-16T02:02:14","modified_gmt":"2026-04-15T23:02:14","slug":"gokkusagi-yazi","status":"publish","type":"product","link":"https:\/\/roveyayinevi.com.tr\/index.php\/urun\/gokkusagi-yazi\/","title":{"rendered":"G\u00f6kku\u015fa\u011f\u0131 Yaz\u0131"},"content":{"rendered":"<p>Otizmli bir karde\u015f, bir fil ve bir kaykayc\u0131! Gel \u00e7\u0131k i\u015fin i\u00e7inden!\u00c7al\u0131\u015fma hayat\u0131na g\u00f6m\u00fclm\u00fc\u015f anne babas\u0131n\u0131n g\u00f6revlerini \u00fcstlenmi\u015f Melisa, ko\u015fup oynama iste\u011fini \u00f6telemek, otizmli karde\u015fiyle ilgilenmek zorundad\u0131r. \u00dcstelik, aksilikler de pe\u015fini b\u0131rakmaz. Ama o yaz, ya\u015fam\u0131na aniden giren Bubik adl\u0131 fil ve kaykayc\u0131 \u00e7ocuk, yedi rengi de beraberinde getirir. Melisa ve yeni arkada\u015f\u0131, yeti\u015fkinlerin karma\u015f\u0131k d\u00fcnyas\u0131n\u0131 anlamaya \u00e7abalarken, kendilerini tan\u0131ma yolunda da cesur ad\u0131mlar atarlar\u2026 <\/p>\n","protected":false},"excerpt":{"rendered":"<p>Otizmli bir karde\u015f, bir fil ve bir kaykayc\u0131! Gel \u00e7\u0131k i\u015fin i\u00e7inden!\u00c7al\u0131\u015fma hayat\u0131na g\u00f6m\u00fclm\u00fc\u015f anne babas\u0131n\u0131n g\u00f6revlerini \u00fcstlenmi\u015f Melisa, ko\u015fup oynama iste\u011fini \u00f6telemek, otizmli karde\u015fiyle ilgilenmek<span class=\"excerpt-hellip\"> [\u2026]<\/span><\/p>\n","protected":false},"featured_media":0,"template":"","meta":{"_monsterinsights_skip_tracking":false,"_monsterinsights_sitenote_active":false,"_monsterinsights_sitenote_note":"","_monsterinsights_sitenote_category":0},"product_brand":[],"product_cat":[12274,12284],"product_tag":[],"class_list":{"0":"post-692306","1":"product","2":"type-product","3":"status-publish","5":"product_cat-cocuk-ve-genclik-kitaplari","6":"product_cat-hikayeler","7":"pa_cilt-ciltsiz","8":"pa_tur-kitap","9":"pa_yayinevi-gunisigi-kitapligi","10":"pa_yazar-sevim-ak","12":"first","13":"instock","14":"sale","15":"shipping-taxable","16":"purchasable","17":"product-type-simple"},"_links":{"self":[{"href":"https:\/\/roveyayinevi.com.tr\/index.php\/wp-json\/wp\/v2\/product\/692306","targetHints":{"allow":["GET"]}}],"collection":[{"href":"https:\/\/roveyayinevi.com.tr\/index.php\/wp-json\/wp\/v2\/product"}],"about":[{"href":"https:\/\/roveyayinevi.com.tr\/index.php\/wp-json\/wp\/v2\/types\/product"}],"wp:attachment":[{"href":"https:\/\/roveyayinevi.com.tr\/index.php\/wp-json\/wp\/v2\/media?parent=692306"}],"wp:term":[{"taxonomy":"product_brand","embeddable":true,"href":"https:\/\/roveyayinevi.com.tr\/index.php\/wp-json\/wp\/v2\/product_brand?post=692306"},{"taxonomy":"product_cat","embeddable":true,"href":"https:\/\/roveyayinevi.com.tr\/index.php\/wp-json\/wp\/v2\/product_cat?post=692306"},{"taxonomy":"product_tag","embeddable":true,"href":"https:\/\/roveyayinevi.com.tr\/index.php\/wp-json\/wp\/v2\/product_tag?post=692306"}],"curies":[{"name":"wp","href":"https:\/\/api.w.org\/{rel}","templated":true}]}}