{"id":692303,"date":"2025-08-27T14:05:59","date_gmt":"2025-08-27T11:05:59","guid":{"rendered":"https:\/\/roveyayinevi.com.tr\/index.php\/urun\/vav-ugruna\/"},"modified":"2026-04-16T02:02:14","modified_gmt":"2026-04-15T23:02:14","slug":"vav-ugruna","status":"publish","type":"product","link":"https:\/\/roveyayinevi.com.tr\/index.php\/urun\/vav-ugruna\/","title":{"rendered":"Vav U\u011fruna"},"content":{"rendered":"<p>\u0130nsan, vav \u015feklinde do\u011farVav gibi do\u011fup vav gibi kalmak Muhammed\u2019in \u00fcmmetine has bir eylemdir.Elif gibi dik durmak i\u00e7in imtihanlara muktedir olmak gerek.H\u00fcz\u00fcn,Allah&#8217;\u0131n zarif g\u00f6n\u00fcllere sundu\u011fu bir l\u00fctuftur.Bununla gururlanmak, bununla ya\u015famak gerek.O ki, hayat\u0131 boyunca kahkaha atmayan mahzun peygamber!O ki, k\u00e2inat\u0131n g\u00f6z bebe\u011fi,O ki, g\u00fczellik \u015fahikas\u0131,O ki, d\u00fcnyan\u0131n varolu\u015f sebebi iken,Hayat\u0131 boyunca vav gibi iki b\u00fckl\u00fcm ya\u015fam\u0131\u015fken,\u0130nsan nas\u0131l olur da yak\u0131\u015ft\u0131r\u0131r kendine elif gibi dik durmay\u0131?\u0130nsan, elif gibi dimdik bakmay\u0131 istese de hayata, her zaman vav gibi iki b\u00fckl\u00fcm kalaca\u011f\u0131 \u00e7aresiz anlar\u0131 olacakt\u0131r. \u00c7aresizlik, Allah\u2019a s\u0131\u011f\u0131nmak, \u00e7areyi O\u2019nda bulmakt\u0131r.Ve nihayetinde vav, A\u015fk\u2019t\u0131r. A\u015fk ise Allah\u2019\u0131n ta kendisidir! <\/p>\n","protected":false},"excerpt":{"rendered":"<p>\u0130nsan, vav \u015feklinde do\u011farVav gibi do\u011fup vav gibi kalmak Muhammed\u2019in \u00fcmmetine has bir eylemdir.Elif gibi dik durmak i\u00e7in imtihanlara muktedir olmak gerek.H\u00fcz\u00fcn,Allah&#8217;\u0131n zarif g\u00f6n\u00fcllere sundu\u011fu bir<span class=\"excerpt-hellip\"> [\u2026]<\/span><\/p>\n","protected":false},"featured_media":0,"template":"","meta":{"_monsterinsights_skip_tracking":false,"_monsterinsights_sitenote_active":false,"_monsterinsights_sitenote_note":"","_monsterinsights_sitenote_category":0},"product_brand":[],"product_cat":[12718,12719,12720],"product_tag":[],"class_list":{"0":"post-692303","1":"product","2":"type-product","3":"status-publish","5":"product_cat-din","6":"product_cat-islam","7":"product_cat-tasavvuf-mezhepler-tarikatlar","8":"pa_cilt-ciltsiz","9":"pa_tur-kitap","10":"pa_yayinevi-hayykitap","11":"pa_yazar-faruk-yigit-araz","13":"first","14":"instock","15":"sale","16":"shipping-taxable","17":"purchasable","18":"product-type-simple"},"_links":{"self":[{"href":"https:\/\/roveyayinevi.com.tr\/index.php\/wp-json\/wp\/v2\/product\/692303","targetHints":{"allow":["GET"]}}],"collection":[{"href":"https:\/\/roveyayinevi.com.tr\/index.php\/wp-json\/wp\/v2\/product"}],"about":[{"href":"https:\/\/roveyayinevi.com.tr\/index.php\/wp-json\/wp\/v2\/types\/product"}],"wp:attachment":[{"href":"https:\/\/roveyayinevi.com.tr\/index.php\/wp-json\/wp\/v2\/media?parent=692303"}],"wp:term":[{"taxonomy":"product_brand","embeddable":true,"href":"https:\/\/roveyayinevi.com.tr\/index.php\/wp-json\/wp\/v2\/product_brand?post=692303"},{"taxonomy":"product_cat","embeddable":true,"href":"https:\/\/roveyayinevi.com.tr\/index.php\/wp-json\/wp\/v2\/product_cat?post=692303"},{"taxonomy":"product_tag","embeddable":true,"href":"https:\/\/roveyayinevi.com.tr\/index.php\/wp-json\/wp\/v2\/product_tag?post=692303"}],"curies":[{"name":"wp","href":"https:\/\/api.w.org\/{rel}","templated":true}]}}