{"id":692301,"date":"2025-08-27T14:05:59","date_gmt":"2025-08-27T11:05:59","guid":{"rendered":"https:\/\/roveyayinevi.com.tr\/index.php\/urun\/citir-citir-felsefe-serisi-29-hatirlamak-ve-unutmak\/"},"modified":"2026-04-16T02:02:14","modified_gmt":"2026-04-15T23:02:14","slug":"citir-citir-felsefe-serisi-29-hatirlamak-ve-unutmak","status":"publish","type":"product","link":"https:\/\/roveyayinevi.com.tr\/index.php\/urun\/citir-citir-felsefe-serisi-29-hatirlamak-ve-unutmak\/","title":{"rendered":"\u00c7\u0131t\u0131r \u00c7\u0131t\u0131r Felsefe Serisi 29 &#8211; Hat\u0131rlamak ve Unutmak"},"content":{"rendered":"<p>\u0130nsan an\u0131lardan olu\u015fur ve her insan bir haf\u0131zad\u0131r. Felsefeyi \u00e7ocuklar\u0131n g\u00fcndelik ya\u015fam\u0131na ustal\u0131kla yerle\u015ftiren ve d\u00fcnyada milyonlarca okura ula\u015fan \u00c7\u0131t\u0131r \u00c7\u0131t\u0131r Felsefe dizisinin 29. kitab\u0131, birbirinin z\u0131tt\u0131 gibi g\u00f6r\u00fcnse de i\u00e7 i\u00e7e ge\u00e7en hat\u0131rlamak ve unutmak kavramlar\u0131 \u00fczerine d\u00fc\u015f\u00fcnd\u00fcr\u00fcyor. Dizinin yarat\u0131c\u0131s\u0131 Brigitte Labbe, insan belle\u011finin \u00e7ok y\u00f6nl\u00fc ve \u015fa\u015f\u0131rt\u0131c\u0131 i\u015fleyi\u015fini, bilgisayardan fark\u0131n\u0131, \u00f6rnekler ve sorular e\u015fli\u011finde irdeliyor. Bir yandan hem ki\u015fisel hem de toplumsal a\u00e7\u0131dan hat\u0131rlaman\u0131n \u00f6nemine dikkat \u00e7eken kitap, di\u011fer yandan an\u0131larla ya\u015faman\u0131n etkisini an\u0131msat\u0131yor. Jacques Azam&#8217;\u0131n karikat\u00fcr tad\u0131ndaki desenleri de, okul \u00e7a\u011f\u0131ndaki filozoflar\u0131n \u00e7oklu d\u00fc\u015f\u00fcnmesine katk\u0131da bulunuyor. Her ya\u015ftan okuru etkileyen, sorular sormay\u0131 g\u00fcndelik ya\u015fam\u0131n bir prati\u011fi haline getirmeye \u00f6zendiren, e\u011fitimcilerin ve ebeveynlerin ilk okuma \u00f6nerileri aras\u0131ndaki dizi, yeni kitaplar\u0131yla zenginle\u015fiyor. <\/p>\n","protected":false},"excerpt":{"rendered":"<p>\u0130nsan an\u0131lardan olu\u015fur ve her insan bir haf\u0131zad\u0131r. Felsefeyi \u00e7ocuklar\u0131n g\u00fcndelik ya\u015fam\u0131na ustal\u0131kla yerle\u015ftiren ve d\u00fcnyada milyonlarca okura ula\u015fan \u00c7\u0131t\u0131r \u00c7\u0131t\u0131r Felsefe dizisinin 29. kitab\u0131, birbirinin<span class=\"excerpt-hellip\"> [\u2026]<\/span><\/p>\n","protected":false},"featured_media":0,"template":"","meta":{"_monsterinsights_skip_tracking":false,"_monsterinsights_sitenote_active":false,"_monsterinsights_sitenote_note":"","_monsterinsights_sitenote_category":0},"product_brand":[],"product_cat":[12274,12631],"product_tag":[],"class_list":{"0":"post-692301","1":"product","2":"type-product","3":"status-publish","5":"product_cat-cocuk-ve-genclik-kitaplari","6":"product_cat-diger-cocuk-ve-genclik-kitaplari","7":"pa_cilt-ciltsiz","8":"pa_tur-kitap","9":"pa_yayinevi-gunisigi-kitapligi","10":"pa_yazar-brigitte-labbe","12":"first","13":"instock","14":"sale","15":"shipping-taxable","16":"purchasable","17":"product-type-simple"},"_links":{"self":[{"href":"https:\/\/roveyayinevi.com.tr\/index.php\/wp-json\/wp\/v2\/product\/692301","targetHints":{"allow":["GET"]}}],"collection":[{"href":"https:\/\/roveyayinevi.com.tr\/index.php\/wp-json\/wp\/v2\/product"}],"about":[{"href":"https:\/\/roveyayinevi.com.tr\/index.php\/wp-json\/wp\/v2\/types\/product"}],"wp:attachment":[{"href":"https:\/\/roveyayinevi.com.tr\/index.php\/wp-json\/wp\/v2\/media?parent=692301"}],"wp:term":[{"taxonomy":"product_brand","embeddable":true,"href":"https:\/\/roveyayinevi.com.tr\/index.php\/wp-json\/wp\/v2\/product_brand?post=692301"},{"taxonomy":"product_cat","embeddable":true,"href":"https:\/\/roveyayinevi.com.tr\/index.php\/wp-json\/wp\/v2\/product_cat?post=692301"},{"taxonomy":"product_tag","embeddable":true,"href":"https:\/\/roveyayinevi.com.tr\/index.php\/wp-json\/wp\/v2\/product_tag?post=692301"}],"curies":[{"name":"wp","href":"https:\/\/api.w.org\/{rel}","templated":true}]}}