{"id":692299,"date":"2025-08-27T14:05:58","date_gmt":"2025-08-27T11:05:58","guid":{"rendered":"https:\/\/roveyayinevi.com.tr\/index.php\/urun\/yazarlarin-istanbulu\/"},"modified":"2026-04-16T02:02:13","modified_gmt":"2026-04-15T23:02:13","slug":"yazarlarin-istanbulu","status":"publish","type":"product","link":"https:\/\/roveyayinevi.com.tr\/index.php\/urun\/yazarlarin-istanbulu\/","title":{"rendered":"Yazarlar\u0131n \u0130stanbul\u2019u"},"content":{"rendered":"<p>\u0130lber ORTAYLI, Muazzez \u0130lmiye \u00c7I\u011e, Ahmet \u00dcM\u0130T, Buket UZUNER, Semavi EY\u0130CE, Emre KONGAR, Ayd\u0131n BOYSAN, H\u0131fz\u0131 TOPUZ, Artun \u00dcNSAL, \u00c7etin ALTAN, Ara G\u00dcLER ve Sunay AKIN ile, gazeteci Ne\u015fe MESUTO\u011eLU&#8217;nun \u0130stanbul \u00fczerine yapt\u0131\u011f\u0131 r\u00f6portajlar\u0131 i\u00e7eren bu kitap, \u0130stanbul\u2019un d\u00fcn\u00fc, bug\u00fcn\u00fc ve yar\u0131n\u0131na dair bamba\u015fka bir pencere a\u00e7\u0131yor.   O pencereden i\u00e7eriyi seyrederken; \u0130lber Ortayl\u0131 ile \u0130stanbul&#8217;a \u201cdo\u011fru\u201d bakman\u0131n yolunu ke\u015ffedecek, Semavi Eyice ile bir zaman t\u00fcnelinden ge\u00e7erek tarih \u00f6ncesinden bug\u00fcne \u0130stanbul&#8217;u seyre dalaca\u011f\u0131z. Buket Uzuner ile ilham perisi \u0130stanbul\u2019u yakalamaya \u00e7al\u0131\u015facak, Ahmet \u00dcmit\u2019in \u0130stanbul&#8217;a dair hayallerinin pe\u015fine d\u00fc\u015fece\u011fiz. Sunay Ak\u0131n\u2019la oyundan m\u00fczeye kocaman bir d\u00fcnya olan \u0130stanbul&#8217;a bakarken, Muazzez \u0130lmiye \u00c7\u0131\u011f ile \u0130stanbul&#8217;u d\u0131\u015far\u0131dan gelenlerin g\u00f6z\u00fcyle g\u00f6rece\u011fiz. Ara G\u00fcler&#8217;in kendisini \u201c\u0130stanbul&#8217;un simgesi\u201d ilan etmesine tan\u0131kl\u0131k edecek, H\u0131fz\u0131 Topuz\u2019un Naz\u0131m Hikmet\u2019li, Bedri Rahmi\u2019li, Abidin Dino\u2019lu, Fikret Mualla&#8217;l\u0131 sanat dolu y\u0131llar\u0131na g\u00f6z ataca\u011f\u0131z. Emre Kongar\u2019dan \u0130stanbul&#8217;da ya\u015fama sanat\u0131na dair tavsiyeleri al\u0131rken, \u00c7etin Altan ile 2112&#8217;nin \u0130stanbul\u2019una yolculuk yapaca\u011f\u0131z. Ayd\u0131n Boysan ile bir \u0130stanbul sofras\u0131nda \u0130stanbul&#8217;un mimari ser\u00fcveninin sohbetine oturacak, Artun \u00dcnsal ile \u0130stanbul\u2019un e\u015fsiz lezzetlerinin tad\u0131na varaca\u011f\u0131z. Ustalar\u0131n anlat\u0131m\u0131yla \u0130stanbul\u2019u okurken, bu kenti tan\u0131man\u0131n ve anlaman\u0131n b\u00fcy\u00fcs\u00fcne kap\u0131lacak ve \u0130stanbul hi\u00e7 bu kadar g\u00fczel anlat\u0131lmad\u0131 diyeceksiniz&#8230;  <\/p>\n","protected":false},"excerpt":{"rendered":"<p>\u0130lber ORTAYLI, Muazzez \u0130lmiye \u00c7I\u011e, Ahmet \u00dcM\u0130T, Buket UZUNER, Semavi EY\u0130CE, Emre KONGAR, Ayd\u0131n BOYSAN, H\u0131fz\u0131 TOPUZ, Artun \u00dcNSAL, \u00c7etin ALTAN, Ara G\u00dcLER ve Sunay AKIN<span class=\"excerpt-hellip\"> [\u2026]<\/span><\/p>\n","protected":false},"featured_media":0,"template":"","meta":{"_monsterinsights_skip_tracking":false,"_monsterinsights_sitenote_active":false,"_monsterinsights_sitenote_note":"","_monsterinsights_sitenote_category":0},"product_brand":[],"product_cat":[13054,20153],"product_tag":[],"class_list":{"0":"post-692299","1":"product","2":"type-product","3":"status-publish","5":"product_cat-gezi-ve-rehber-kitaplari","6":"product_cat-istanbul-rehberi","7":"pa_cilt-ciltsiz","8":"pa_tur-kitap","9":"pa_yayinevi-pozitif-yayinlari","10":"pa_yazar-kolektif","12":"first","13":"instock","14":"sale","15":"shipping-taxable","16":"purchasable","17":"product-type-simple"},"_links":{"self":[{"href":"https:\/\/roveyayinevi.com.tr\/index.php\/wp-json\/wp\/v2\/product\/692299","targetHints":{"allow":["GET"]}}],"collection":[{"href":"https:\/\/roveyayinevi.com.tr\/index.php\/wp-json\/wp\/v2\/product"}],"about":[{"href":"https:\/\/roveyayinevi.com.tr\/index.php\/wp-json\/wp\/v2\/types\/product"}],"wp:attachment":[{"href":"https:\/\/roveyayinevi.com.tr\/index.php\/wp-json\/wp\/v2\/media?parent=692299"}],"wp:term":[{"taxonomy":"product_brand","embeddable":true,"href":"https:\/\/roveyayinevi.com.tr\/index.php\/wp-json\/wp\/v2\/product_brand?post=692299"},{"taxonomy":"product_cat","embeddable":true,"href":"https:\/\/roveyayinevi.com.tr\/index.php\/wp-json\/wp\/v2\/product_cat?post=692299"},{"taxonomy":"product_tag","embeddable":true,"href":"https:\/\/roveyayinevi.com.tr\/index.php\/wp-json\/wp\/v2\/product_tag?post=692299"}],"curies":[{"name":"wp","href":"https:\/\/api.w.org\/{rel}","templated":true}]}}