{"id":692297,"date":"2025-08-27T14:05:58","date_gmt":"2025-08-27T11:05:58","guid":{"rendered":"https:\/\/roveyayinevi.com.tr\/index.php\/urun\/frankenstein-ya-da-modern-prometheus\/"},"modified":"2026-04-16T02:02:13","modified_gmt":"2026-04-15T23:02:13","slug":"frankenstein-ya-da-modern-prometheus","status":"publish","type":"product","link":"https:\/\/roveyayinevi.com.tr\/index.php\/urun\/frankenstein-ya-da-modern-prometheus\/","title":{"rendered":"Frankenstein ya da Modern Prometheus"},"content":{"rendered":"<p>Mary Shelley (1797-1851): Ya\u015fad\u0131klar\u0131 zaman\u0131n en \u00f6nemli yazar ve filozoflar\u0131ndan olan William Godwin ile Mary Wollstonecraft\u2019\u0131n k\u0131z\u0131d\u0131r. 1816 y\u0131l\u0131nda eserleri \u00fczerinde b\u00fcy\u00fck etkisi olan, \u0130ngiliz \u015fiirinin sayg\u0131n isimlerinden Percy Bysshe Shelley ile evlendi. 1818\u2019de epey gen\u00e7 bir ya\u015fta kaleme ald\u0131\u011f\u0131, ilk bilimkurgu \u00f6rneklerinden biri say\u0131lan Frankenstein ya da Modern Prometheus ile b\u00fcy\u00fck bir \u00fcne kavu\u015ftu. Yay\u0131mland\u0131\u011f\u0131 d\u00f6nemde gerek konusu, gerekse yazar\u0131n\u0131n kad\u0131n olmas\u0131 nedeniyle b\u00fcy\u00fck ilgi g\u00f6ren Frankenstein, yakla\u015f\u0131k iki as\u0131rd\u0131r d\u00fcnya edebiyat\u0131n\u0131 ve di\u011fer t\u00fcm k\u00fclt\u00fcr \u00fcr\u00fcnlerini etkilemeyi s\u00fcrd\u00fcrmektedir. <\/p>\n","protected":false},"excerpt":{"rendered":"<p>Mary Shelley (1797-1851): Ya\u015fad\u0131klar\u0131 zaman\u0131n en \u00f6nemli yazar ve filozoflar\u0131ndan olan William Godwin ile Mary Wollstonecraft\u2019\u0131n k\u0131z\u0131d\u0131r. 1816 y\u0131l\u0131nda eserleri \u00fczerinde b\u00fcy\u00fck etkisi olan, \u0130ngiliz \u015fiirinin<span class=\"excerpt-hellip\"> [\u2026]<\/span><\/p>\n","protected":false},"featured_media":0,"template":"","meta":{"_monsterinsights_skip_tracking":false,"_monsterinsights_sitenote_active":false,"_monsterinsights_sitenote_note":"","_monsterinsights_sitenote_category":0},"product_brand":[],"product_cat":[12291,12866],"product_tag":[],"class_list":{"0":"post-692297","1":"product","2":"type-product","3":"status-publish","5":"product_cat-edebiyat","6":"product_cat-ingiliz-edebiyati","7":"pa_cilt-ciltsiz","8":"pa_tur-kitap","9":"pa_yayinevi-is-bankasi-kultur-yayinlari","10":"pa_yazar-mary-shelley","12":"first","13":"instock","14":"sale","15":"shipping-taxable","16":"purchasable","17":"product-type-simple"},"_links":{"self":[{"href":"https:\/\/roveyayinevi.com.tr\/index.php\/wp-json\/wp\/v2\/product\/692297","targetHints":{"allow":["GET"]}}],"collection":[{"href":"https:\/\/roveyayinevi.com.tr\/index.php\/wp-json\/wp\/v2\/product"}],"about":[{"href":"https:\/\/roveyayinevi.com.tr\/index.php\/wp-json\/wp\/v2\/types\/product"}],"wp:attachment":[{"href":"https:\/\/roveyayinevi.com.tr\/index.php\/wp-json\/wp\/v2\/media?parent=692297"}],"wp:term":[{"taxonomy":"product_brand","embeddable":true,"href":"https:\/\/roveyayinevi.com.tr\/index.php\/wp-json\/wp\/v2\/product_brand?post=692297"},{"taxonomy":"product_cat","embeddable":true,"href":"https:\/\/roveyayinevi.com.tr\/index.php\/wp-json\/wp\/v2\/product_cat?post=692297"},{"taxonomy":"product_tag","embeddable":true,"href":"https:\/\/roveyayinevi.com.tr\/index.php\/wp-json\/wp\/v2\/product_tag?post=692297"}],"curies":[{"name":"wp","href":"https:\/\/api.w.org\/{rel}","templated":true}]}}