{"id":692296,"date":"2025-08-27T14:05:58","date_gmt":"2025-08-27T11:05:58","guid":{"rendered":"https:\/\/roveyayinevi.com.tr\/index.php\/urun\/lazistana-yolculuk\/"},"modified":"2026-04-16T02:02:13","modified_gmt":"2026-04-15T23:02:13","slug":"lazistana-yolculuk","status":"publish","type":"product","link":"https:\/\/roveyayinevi.com.tr\/index.php\/urun\/lazistana-yolculuk\/","title":{"rendered":"Lazistan&#8217;a Yolculuk"},"content":{"rendered":"<p>\u00dcnl\u00fc Rus dilbilimci Nikolay Marr\u2019\u0131n Laz dilini kay\u0131t alt\u0131na almak i\u00e7in 20. y\u00fczy\u0131l\u0131n ba\u015f\u0131nda \u00f6\u011frencisi ve yaveri Tihonov\u2019la birlikte T\u00fcrkiye Lazistan\u0131\u2019na yapt\u0131\u011f\u0131 yolculu\u011fun notlar\u0131 ilk kez T\u00fcrk\u00e7ede. 1910 y\u0131l\u0131nda \u0130mparatorluk Bilimler Akademisi B\u00fclteni\u2019nce yay\u0131mlanan, Marr\u2019\u0131n bug\u00fcnk\u00fc Do\u011fu Trabzon, Rize ve Artvin\u2019i kapsayan T\u00fcrkiye Lazistan\u0131\u2019na dair g\u00f6zlemlerini i\u00e7eren raporda, sadece yazar\u0131n Lazca ile ilgili tespitleri de\u011fil, ayn\u0131 zamanda y\u00f6redeki ya\u015fant\u0131yla ilgili hazine de\u011ferindeki aktar\u0131mlar\u0131 da yer al\u0131yor. B\u00f6lgeyi y\u00fcz y\u0131l \u00f6ncesinin ko\u015fullar\u0131yla deneyimleyen Marr, dilbilim \u00e7al\u0131\u015fmalar\u0131n\u0131 Laz halk\u0131yla Lazca konu\u015farak s\u00fcrd\u00fcrmeye \u00e7al\u0131\u015f\u0131rken, bir yandan da y\u00f6reye dair izlenimlerini kay\u0131t alt\u0131na ald\u0131. Marr\u2019\u0131n raporunda payla\u015ft\u0131\u011f\u0131 bu tan\u0131kl\u0131klar aras\u0131nda \u00e7e\u015fitli portreler, farkl\u0131 halk gruplar\u0131n\u0131n birbirleriyle ili\u015fkileri, k\u00fclt\u00fcrel ve folklorik \u00f6\u011feler, g\u00fcnl\u00fck ya\u015fam ayr\u0131nt\u0131lar\u0131, ekonomi ve siyasi durum da yer al\u0131yor. Metin, bilimsel bir rapor olarak da, bir seyahatname olarak da son derece e\u011flenceli, doyurucu bir okuma vaat ediyor.  <\/p>\n","protected":false},"excerpt":{"rendered":"<p>\u00dcnl\u00fc Rus dilbilimci Nikolay Marr\u2019\u0131n Laz dilini kay\u0131t alt\u0131na almak i\u00e7in 20. y\u00fczy\u0131l\u0131n ba\u015f\u0131nda \u00f6\u011frencisi ve yaveri Tihonov\u2019la birlikte T\u00fcrkiye Lazistan\u0131\u2019na yapt\u0131\u011f\u0131 yolculu\u011fun notlar\u0131 ilk kez<span class=\"excerpt-hellip\"> [\u2026]<\/span><\/p>\n","protected":false},"featured_media":0,"template":"","meta":{"_monsterinsights_skip_tracking":false,"_monsterinsights_sitenote_active":false,"_monsterinsights_sitenote_note":"","_monsterinsights_sitenote_category":0},"product_brand":[],"product_cat":[12370,12304],"product_tag":[],"class_list":{"0":"post-692296","1":"product","2":"type-product","3":"status-publish","5":"product_cat-arastirma-inceleme","6":"product_cat-tarih","7":"pa_cilt-ciltsiz","8":"pa_tur-kitap","9":"pa_yayinevi-aras-yayinlari","10":"pa_yazar-nikolay-marr","12":"first","13":"instock","14":"sale","15":"shipping-taxable","16":"purchasable","17":"product-type-simple"},"_links":{"self":[{"href":"https:\/\/roveyayinevi.com.tr\/index.php\/wp-json\/wp\/v2\/product\/692296","targetHints":{"allow":["GET"]}}],"collection":[{"href":"https:\/\/roveyayinevi.com.tr\/index.php\/wp-json\/wp\/v2\/product"}],"about":[{"href":"https:\/\/roveyayinevi.com.tr\/index.php\/wp-json\/wp\/v2\/types\/product"}],"wp:attachment":[{"href":"https:\/\/roveyayinevi.com.tr\/index.php\/wp-json\/wp\/v2\/media?parent=692296"}],"wp:term":[{"taxonomy":"product_brand","embeddable":true,"href":"https:\/\/roveyayinevi.com.tr\/index.php\/wp-json\/wp\/v2\/product_brand?post=692296"},{"taxonomy":"product_cat","embeddable":true,"href":"https:\/\/roveyayinevi.com.tr\/index.php\/wp-json\/wp\/v2\/product_cat?post=692296"},{"taxonomy":"product_tag","embeddable":true,"href":"https:\/\/roveyayinevi.com.tr\/index.php\/wp-json\/wp\/v2\/product_tag?post=692296"}],"curies":[{"name":"wp","href":"https:\/\/api.w.org\/{rel}","templated":true}]}}