{"id":692295,"date":"2025-08-27T14:05:58","date_gmt":"2025-08-27T11:05:58","guid":{"rendered":"https:\/\/roveyayinevi.com.tr\/index.php\/urun\/bir-zamanlar-bursaydi\/"},"modified":"2026-04-16T02:02:13","modified_gmt":"2026-04-15T23:02:13","slug":"bir-zamanlar-bursaydi","status":"publish","type":"product","link":"https:\/\/roveyayinevi.com.tr\/index.php\/urun\/bir-zamanlar-bursaydi\/","title":{"rendered":"Bir Zamanlar Bursa&#8217;yd\u0131"},"content":{"rendered":"<p>Bursa\u2019n\u0131n manevi havas\u0131n\u0131n her manada teneff\u00fcs edildi\u011fi ah\u015fab bir tekke&#8230;  As\u0131rlar i\u00e7inden s\u00fcz\u00fcl\u00fcp gelen T\u00fcrk-\u0130sl\u00e2m tasavvuf ve vak\u0131f gelene\u011finin muhafaza edilmeye \u00e7al\u0131\u015f\u0131ld\u0131\u011f\u0131 bir aile oca\u011f\u0131&#8230; Ve bu ruhaniyet i\u00e7inde yeti\u015fmi\u015f bir restorat\u00f6r: Mehmed Safiy\u00fcddin Erhan&#8230; Yazar-restorat\u00f6r, hususen Bursa\u2019n\u0131n paha bi\u00e7ilemez k\u0131ymetlerinin tarih i\u00e7inde eriyip gitmesinin \u0131zd\u0131rab\u0131yla ailesi vesilesiyle yak\u0131ndan tan\u0131ma imkan\u0131 buldu\u011fu Bursa\u2019daki dergahlar ve onlar\u0131n muhitinden ald\u0131\u011f\u0131 maddi-manevi terbiyeyi yine bu tekkeleri, hazireleri ve camileri sahiplenmeye, ihyaya hasretmi\u015f&#8230; Y\u0131k\u0131lmaya y\u00fcz tutmu\u015f, restorasyon ad\u0131 alt\u0131nda \u00f6zensiz ellerde asli h\u00fcviyetini kaybetmi\u015f bu binalar\u0131n ihyas\u0131nda bizzat \u00e7al\u0131\u015farak, gelecek nesillere asl\u0131yla intikalini vazife bilmi\u015f&#8230; Kitap, bu sahiplenme ve ihya faaliyetlerinin tab\u2018a b\u00fcr\u00fcnm\u00fc\u015f halidir. Kimi zaman bir caminin kubbesinde, kimi zaman bir hazirede mezarta\u015flar\u0131n\u0131n aras\u0131nda, kimi zaman bir dergah\u0131n \u015fimdi yok tevhidhanesinde, kimi zaman da ah\u015fab bir kona\u011f\u0131n kaybolup gitmi\u015f odalar\u0131nda T\u00fcrk-\u0130slam medeniyetinin izlerini arayan yazar, bu binalar\u0131n \u015fahsiyetine yani \u015fahsiyetimize sahip \u00e7\u0131kmay\u0131 teklif ediyor. \u00c7\u00fcnk\u00fc bu binalar cans\u0131z ta\u015flar de\u011fil, y\u00fcksek ahlak timsali kimselerin ruhaniyet ve zevk-i selimlerinin sindi\u011fi, bizlere emanet edilmi\u015f, eserleridir. <\/p>\n","protected":false},"excerpt":{"rendered":"<p>Bursa\u2019n\u0131n manevi havas\u0131n\u0131n her manada teneff\u00fcs edildi\u011fi ah\u015fab bir tekke&#8230; As\u0131rlar i\u00e7inden s\u00fcz\u00fcl\u00fcp gelen T\u00fcrk-\u0130sl\u00e2m tasavvuf ve vak\u0131f gelene\u011finin muhafaza edilmeye \u00e7al\u0131\u015f\u0131ld\u0131\u011f\u0131 bir aile oca\u011f\u0131&#8230; Ve<span class=\"excerpt-hellip\"> [\u2026]<\/span><\/p>\n","protected":false},"featured_media":0,"template":"","meta":{"_monsterinsights_skip_tracking":false,"_monsterinsights_sitenote_active":false,"_monsterinsights_sitenote_note":"","_monsterinsights_sitenote_category":0},"product_brand":[],"product_cat":[12718,12719,12720],"product_tag":[],"class_list":{"0":"post-692295","1":"product","2":"type-product","3":"status-publish","5":"product_cat-din","6":"product_cat-islam","7":"product_cat-tasavvuf-mezhepler-tarikatlar","8":"pa_tur-kitap","9":"pa_yayinevi-sufi-kitap","10":"pa_yazar-safiyuddin-erhan","12":"first","13":"instock","14":"sale","15":"shipping-taxable","16":"purchasable","17":"product-type-simple"},"_links":{"self":[{"href":"https:\/\/roveyayinevi.com.tr\/index.php\/wp-json\/wp\/v2\/product\/692295","targetHints":{"allow":["GET"]}}],"collection":[{"href":"https:\/\/roveyayinevi.com.tr\/index.php\/wp-json\/wp\/v2\/product"}],"about":[{"href":"https:\/\/roveyayinevi.com.tr\/index.php\/wp-json\/wp\/v2\/types\/product"}],"wp:attachment":[{"href":"https:\/\/roveyayinevi.com.tr\/index.php\/wp-json\/wp\/v2\/media?parent=692295"}],"wp:term":[{"taxonomy":"product_brand","embeddable":true,"href":"https:\/\/roveyayinevi.com.tr\/index.php\/wp-json\/wp\/v2\/product_brand?post=692295"},{"taxonomy":"product_cat","embeddable":true,"href":"https:\/\/roveyayinevi.com.tr\/index.php\/wp-json\/wp\/v2\/product_cat?post=692295"},{"taxonomy":"product_tag","embeddable":true,"href":"https:\/\/roveyayinevi.com.tr\/index.php\/wp-json\/wp\/v2\/product_tag?post=692295"}],"curies":[{"name":"wp","href":"https:\/\/api.w.org\/{rel}","templated":true}]}}