{"id":692291,"date":"2025-08-27T14:05:57","date_gmt":"2025-08-27T11:05:57","guid":{"rendered":"https:\/\/roveyayinevi.com.tr\/index.php\/urun\/tek-sisman-beyniniz\/"},"modified":"2026-04-16T02:02:13","modified_gmt":"2026-04-15T23:02:13","slug":"tek-sisman-beyniniz","status":"publish","type":"product","link":"https:\/\/roveyayinevi.com.tr\/index.php\/urun\/tek-sisman-beyniniz\/","title":{"rendered":"Tek \u015ei\u015fman Beyniniz"},"content":{"rendered":"<p>Kilo vermek i\u00e7in hangi y\u00f6ntemi denerseniz deneyin, asl\u0131nda her \u015feyin beyinde ba\u015flad\u0131\u011f\u0131n\u0131 bu kitapla anl\u0131yorsunuz. -TRT- Bildi\u011finiz t\u00fcm ezberleri bozacak. -Sabah Gazetesi Oku, kilo ver. -Habert\u00fcrk Gazetesi Elinizdeki t\u00fcm diyet re\u00e7etelerini at\u0131n -Kanal D Magazin Piyasaya \u00e7\u0131kt\u0131\u011f\u0131 g\u00fcn \u00e7ok satanlar listesindeydi. -Star- Zay\u0131flamak i\u00e7in her \u015feyi yap\u0131p ba\u015faramad\u0131n\u0131z m\u0131? Bunu deneyin. -Skyt\u00fcrk- \ufffcTan\u0131t\u0131m Metni<\/p>\n","protected":false},"excerpt":{"rendered":"<p>Kilo vermek i\u00e7in hangi y\u00f6ntemi denerseniz deneyin, asl\u0131nda her \u015feyin beyinde ba\u015flad\u0131\u011f\u0131n\u0131 bu kitapla anl\u0131yorsunuz. -TRT- Bildi\u011finiz t\u00fcm ezberleri bozacak. -Sabah Gazetesi Oku, kilo ver. -Habert\u00fcrk<span class=\"excerpt-hellip\"> [\u2026]<\/span><\/p>\n","protected":false},"featured_media":0,"template":"","meta":{"_monsterinsights_skip_tracking":false,"_monsterinsights_sitenote_active":false,"_monsterinsights_sitenote_note":"","_monsterinsights_sitenote_category":0},"product_brand":[],"product_cat":[13402,13365],"product_tag":[],"class_list":{"0":"post-692291","1":"product","2":"type-product","3":"status-publish","5":"product_cat-beslenme-ve-diyet","6":"product_cat-saglik","7":"pa_cilt-ciltsiz","8":"pa_tur-kitap","9":"pa_yayinevi-pozitif-yayinlari","10":"pa_yazar-yasemin-soysal","12":"first","13":"instock","14":"sale","15":"shipping-taxable","16":"purchasable","17":"product-type-simple"},"_links":{"self":[{"href":"https:\/\/roveyayinevi.com.tr\/index.php\/wp-json\/wp\/v2\/product\/692291","targetHints":{"allow":["GET"]}}],"collection":[{"href":"https:\/\/roveyayinevi.com.tr\/index.php\/wp-json\/wp\/v2\/product"}],"about":[{"href":"https:\/\/roveyayinevi.com.tr\/index.php\/wp-json\/wp\/v2\/types\/product"}],"wp:attachment":[{"href":"https:\/\/roveyayinevi.com.tr\/index.php\/wp-json\/wp\/v2\/media?parent=692291"}],"wp:term":[{"taxonomy":"product_brand","embeddable":true,"href":"https:\/\/roveyayinevi.com.tr\/index.php\/wp-json\/wp\/v2\/product_brand?post=692291"},{"taxonomy":"product_cat","embeddable":true,"href":"https:\/\/roveyayinevi.com.tr\/index.php\/wp-json\/wp\/v2\/product_cat?post=692291"},{"taxonomy":"product_tag","embeddable":true,"href":"https:\/\/roveyayinevi.com.tr\/index.php\/wp-json\/wp\/v2\/product_tag?post=692291"}],"curies":[{"name":"wp","href":"https:\/\/api.w.org\/{rel}","templated":true}]}}