{"id":692290,"date":"2025-08-27T14:05:57","date_gmt":"2025-08-27T11:05:57","guid":{"rendered":"https:\/\/roveyayinevi.com.tr\/index.php\/urun\/bilgi-ve-deger\/"},"modified":"2026-04-16T02:02:13","modified_gmt":"2026-04-15T23:02:13","slug":"bilgi-ve-deger","status":"publish","type":"product","link":"https:\/\/roveyayinevi.com.tr\/index.php\/urun\/bilgi-ve-deger\/","title":{"rendered":"Bilgi ve De\u011fer"},"content":{"rendered":"<p>Hilmi Ziya \u00dclken\u2019in felsefi yolculu\u011fu Nietzsche\u2019nin tan\u0131mlamas\u0131yla b\u00fct\u00fcn \u201cde\u011ferlerin yeni ba\u015ftan de\u011ferlendirilmesi\u201cne denk d\u00fc\u015fen bir farkl\u0131l\u0131\u011f\u0131 i\u00e7erir. Bilginin k\u00f6keni ve de\u011ferlerin do\u011fas\u0131na ili\u015fkin acaba ne biliyoruz? T\u00fcm bildiklerimizi bir yana koyup onlar\u0131 felsefi d\u00fczlemde g\u00f6zden ge\u00e7irebilecek bir sorgulama ve cesarete sahip miyiz? \u0130\u015fte bu konuda T\u00fcrk d\u00fc\u015f\u00fcncesinde yaz\u0131lan ilk kapsaml\u0131 eserdir, Bilgi ve De\u011fer. \ufffcTan\u0131t\u0131m Metni<\/p>\n","protected":false},"excerpt":{"rendered":"<p>Hilmi Ziya \u00dclken\u2019in felsefi yolculu\u011fu Nietzsche\u2019nin tan\u0131mlamas\u0131yla b\u00fct\u00fcn \u201cde\u011ferlerin yeni ba\u015ftan de\u011ferlendirilmesi\u201cne denk d\u00fc\u015fen bir farkl\u0131l\u0131\u011f\u0131 i\u00e7erir. Bilginin k\u00f6keni ve de\u011ferlerin do\u011fas\u0131na ili\u015fkin acaba ne biliyoruz?<span class=\"excerpt-hellip\"> [\u2026]<\/span><\/p>\n","protected":false},"featured_media":0,"template":"","meta":{"_monsterinsights_skip_tracking":false,"_monsterinsights_sitenote_active":false,"_monsterinsights_sitenote_note":"","_monsterinsights_sitenote_category":0},"product_brand":[],"product_cat":[12389,12388],"product_tag":[],"class_list":{"0":"post-692290","1":"product","2":"type-product","3":"status-publish","5":"product_cat-diger-felsefe","6":"product_cat-felsefe","7":"pa_cilt-ciltsiz","8":"pa_tur-kitap","9":"pa_yayinevi-dogu-bati-yayinlari","10":"pa_yazar-hilmi-ziya-ulken","12":"first","13":"instock","14":"sale","15":"shipping-taxable","16":"purchasable","17":"product-type-simple"},"_links":{"self":[{"href":"https:\/\/roveyayinevi.com.tr\/index.php\/wp-json\/wp\/v2\/product\/692290","targetHints":{"allow":["GET"]}}],"collection":[{"href":"https:\/\/roveyayinevi.com.tr\/index.php\/wp-json\/wp\/v2\/product"}],"about":[{"href":"https:\/\/roveyayinevi.com.tr\/index.php\/wp-json\/wp\/v2\/types\/product"}],"wp:attachment":[{"href":"https:\/\/roveyayinevi.com.tr\/index.php\/wp-json\/wp\/v2\/media?parent=692290"}],"wp:term":[{"taxonomy":"product_brand","embeddable":true,"href":"https:\/\/roveyayinevi.com.tr\/index.php\/wp-json\/wp\/v2\/product_brand?post=692290"},{"taxonomy":"product_cat","embeddable":true,"href":"https:\/\/roveyayinevi.com.tr\/index.php\/wp-json\/wp\/v2\/product_cat?post=692290"},{"taxonomy":"product_tag","embeddable":true,"href":"https:\/\/roveyayinevi.com.tr\/index.php\/wp-json\/wp\/v2\/product_tag?post=692290"}],"curies":[{"name":"wp","href":"https:\/\/api.w.org\/{rel}","templated":true}]}}