{"id":692289,"date":"2025-08-27T14:05:56","date_gmt":"2025-08-27T11:05:56","guid":{"rendered":"https:\/\/roveyayinevi.com.tr\/index.php\/urun\/kuslar-bocekler-cicekler\/"},"modified":"2026-04-16T02:02:13","modified_gmt":"2026-04-15T23:02:13","slug":"kuslar-bocekler-cicekler","status":"publish","type":"product","link":"https:\/\/roveyayinevi.com.tr\/index.php\/urun\/kuslar-bocekler-cicekler\/","title":{"rendered":"Ku\u015flar B\u00f6cekler \u00c7i\u00e7ekler"},"content":{"rendered":"<p>Bir etimolojide genelde iki soruya cevap aran\u0131r: birincisi, etimolojisi yap\u0131lan kelimenin kaynak dili, ilk defa g\u00f6r\u00fcld\u00fc\u011f\u00fc dil, ait oldu\u011fu dil; ikincisi, t\u00fcremi\u015f bir kelimeyse, kelimenin k\u00f6k\u00fc ve o k\u00f6ke gelen eklerin ad\u0131 ve i\u015flevi. Klasik manada bir etimolojide \u00f6ncelikli olarak bu maddelerin cevab\u0131 beklenir, aran\u0131r.Etimolojiye, yaz\u0131lar\u0131 ile \u00fc\u00e7\u00fcnc\u00fc bir boyut katan, kelimeleri \u00fc\u00e7 boyutlu ve renkli g\u00f6rmemizi sa\u011flayan bir dilci vard\u0131r: Uwe Bl\u00e4sing. Ustam\u0131z, dil merakl\u0131lar\u0131n\u0131 dilcilerin elinden kurtar\u0131p bah\u00e7eye, k\u0131rlara \u00e7\u0131kart\u0131r, onlara nefes ald\u0131rt\u0131r. Uwe Bl\u00e4sing\u2019in, Ayder\u2019de bilinen ad\u0131yla \u2018Osman\u2019\u0131n, Hem\u015fin yaylalar\u0131ndan Kafkas da\u011flar\u0131n\u0131n i\u00e7lerine, oradan Kumuklara,Kalmuklara; Anadolu\u2019nun bozk\u0131r\u0131ndan Balkan da\u011flar\u0131na ula\u015fan geni\u015f bir etimoloji sahas\u0131 vard\u0131r. Bu sahay\u0131 bir b\u00fcrk\u00fct\u2019\u00fcn kanatlar\u0131nda a\u015f\u0131p Kazakistan\u2019a, Mo\u011folistan\u2019a kadar uzan\u0131r. Bahar gelip havalar iyice \u0131s\u0131n\u0131nca \u0130stanbul\u2019un eski parklar\u0131nda erguvanlar aras\u0131nda ferahl\u0131k duymam\u0131z\u0131 sa\u011flar.Uwe Blasing, Ku\u015flar, B\u00f6cekler, \u00c7i\u00e7ekler\u2019de bize ele ald\u0131\u011f\u0131 kelimelerin sadece k\u00f6kenini, yap\u0131s\u0131n\u0131 de\u011fil; tarihlerini, gezdikleri co\u011frafyalar\u0131, ge\u00e7irdikleri maceralar\u0131 bir tiyatro perdesinde \u00e7ok y\u00f6nl\u00fc olarak anlatmaktad\u0131r. <\/p>\n","protected":false},"excerpt":{"rendered":"<p>Bir etimolojide genelde iki soruya cevap aran\u0131r: birincisi, etimolojisi yap\u0131lan kelimenin kaynak dili, ilk defa g\u00f6r\u00fcld\u00fc\u011f\u00fc dil, ait oldu\u011fu dil; ikincisi, t\u00fcremi\u015f bir kelimeyse, kelimenin k\u00f6k\u00fc<span class=\"excerpt-hellip\"> [\u2026]<\/span><\/p>\n","protected":false},"featured_media":0,"template":"","meta":{"_monsterinsights_skip_tracking":false,"_monsterinsights_sitenote_active":false,"_monsterinsights_sitenote_note":"","_monsterinsights_sitenote_category":0},"product_brand":[],"product_cat":[20225,12291],"product_tag":[],"class_list":{"0":"post-692289","1":"product","2":"type-product","3":"status-publish","5":"product_cat-dil-bilim","6":"product_cat-edebiyat","7":"pa_cilt-ciltsiz","8":"pa_tur-kitap","9":"pa_yayinevi-bilgesu-yayincilik","10":"pa_yazar-uwe-blasing","12":"first","13":"instock","14":"sale","15":"shipping-taxable","16":"purchasable","17":"product-type-simple"},"_links":{"self":[{"href":"https:\/\/roveyayinevi.com.tr\/index.php\/wp-json\/wp\/v2\/product\/692289","targetHints":{"allow":["GET"]}}],"collection":[{"href":"https:\/\/roveyayinevi.com.tr\/index.php\/wp-json\/wp\/v2\/product"}],"about":[{"href":"https:\/\/roveyayinevi.com.tr\/index.php\/wp-json\/wp\/v2\/types\/product"}],"wp:attachment":[{"href":"https:\/\/roveyayinevi.com.tr\/index.php\/wp-json\/wp\/v2\/media?parent=692289"}],"wp:term":[{"taxonomy":"product_brand","embeddable":true,"href":"https:\/\/roveyayinevi.com.tr\/index.php\/wp-json\/wp\/v2\/product_brand?post=692289"},{"taxonomy":"product_cat","embeddable":true,"href":"https:\/\/roveyayinevi.com.tr\/index.php\/wp-json\/wp\/v2\/product_cat?post=692289"},{"taxonomy":"product_tag","embeddable":true,"href":"https:\/\/roveyayinevi.com.tr\/index.php\/wp-json\/wp\/v2\/product_tag?post=692289"}],"curies":[{"name":"wp","href":"https:\/\/api.w.org\/{rel}","templated":true}]}}