{"id":692288,"date":"2025-08-27T14:05:56","date_gmt":"2025-08-27T11:05:56","guid":{"rendered":"https:\/\/roveyayinevi.com.tr\/index.php\/urun\/buluslarim\/"},"modified":"2026-04-16T02:02:13","modified_gmt":"2026-04-15T23:02:13","slug":"buluslarim","status":"publish","type":"product","link":"https:\/\/roveyayinevi.com.tr\/index.php\/urun\/buluslarim\/","title":{"rendered":"Bulu\u015flar\u0131m"},"content":{"rendered":"<p>\u0130smi genellikle Thomas Edison\u2019la girdi\u011fi bilimsel m\u00fccadeleyle birlikte an\u0131lsa da Nikola Tesla, belki de gelmi\u015f ge\u00e7mi\u015f en \u00f6nemli mucitlerden biridir. Amerikal\u0131 mucit Edwin Armstrong, \u201cD\u00fcnya, Nikola Tesla gibi birinin bir kez daha gelmesi i\u00e7in \u00e7ok uzun bir s\u00fcre beklemelidir,\u201d der ve hakl\u0131d\u0131r da. D\u00f6nen manyetik alan, kablosuz enerji aktar\u0131m\u0131, uzaktan kumandal\u0131 model tekne, Tesla bobini ve transformat\u00f6r\u00fcn mucidi pek bilinmese de Tesla\u2019d\u0131r. Bulu\u015flar\u0131m: Bir D\u00e2hinin \u00d6zya\u015fam\u00f6yk\u00fcs\u00fc, Tesla\u2019n\u0131n kendi ya\u015fam\u0131n\u0131 anlatt\u0131\u011f\u0131 ve zaman\u0131n \u00f6tesinde bir zihne sahip oldu\u011funu kan\u0131tlad\u0131\u011f\u0131 muhte\u015fem bir eser. <\/p>\n","protected":false},"excerpt":{"rendered":"<p>\u0130smi genellikle Thomas Edison\u2019la girdi\u011fi bilimsel m\u00fccadeleyle birlikte an\u0131lsa da Nikola Tesla, belki de gelmi\u015f ge\u00e7mi\u015f en \u00f6nemli mucitlerden biridir. Amerikal\u0131 mucit Edwin Armstrong, \u201cD\u00fcnya, Nikola<span class=\"excerpt-hellip\"> [\u2026]<\/span><\/p>\n","protected":false},"featured_media":0,"template":"","meta":{"_monsterinsights_skip_tracking":false,"_monsterinsights_sitenote_active":false,"_monsterinsights_sitenote_note":"","_monsterinsights_sitenote_category":0},"product_brand":[],"product_cat":[13005,13006],"product_tag":[],"class_list":{"0":"post-692288","1":"product","2":"type-product","3":"status-publish","5":"product_cat-bilim-muhendislik","6":"product_cat-populer-bilim","7":"pa_cilt-ciltsiz","8":"pa_tur-kitap","9":"pa_yayinevi-say-yayinlari","10":"pa_yazar-nikola-tesla","12":"first","13":"instock","14":"sale","15":"shipping-taxable","16":"purchasable","17":"product-type-simple"},"_links":{"self":[{"href":"https:\/\/roveyayinevi.com.tr\/index.php\/wp-json\/wp\/v2\/product\/692288","targetHints":{"allow":["GET"]}}],"collection":[{"href":"https:\/\/roveyayinevi.com.tr\/index.php\/wp-json\/wp\/v2\/product"}],"about":[{"href":"https:\/\/roveyayinevi.com.tr\/index.php\/wp-json\/wp\/v2\/types\/product"}],"wp:attachment":[{"href":"https:\/\/roveyayinevi.com.tr\/index.php\/wp-json\/wp\/v2\/media?parent=692288"}],"wp:term":[{"taxonomy":"product_brand","embeddable":true,"href":"https:\/\/roveyayinevi.com.tr\/index.php\/wp-json\/wp\/v2\/product_brand?post=692288"},{"taxonomy":"product_cat","embeddable":true,"href":"https:\/\/roveyayinevi.com.tr\/index.php\/wp-json\/wp\/v2\/product_cat?post=692288"},{"taxonomy":"product_tag","embeddable":true,"href":"https:\/\/roveyayinevi.com.tr\/index.php\/wp-json\/wp\/v2\/product_tag?post=692288"}],"curies":[{"name":"wp","href":"https:\/\/api.w.org\/{rel}","templated":true}]}}