{"id":692285,"date":"2025-08-27T14:05:56","date_gmt":"2025-08-27T11:05:56","guid":{"rendered":"https:\/\/roveyayinevi.com.tr\/index.php\/urun\/uygulamali-tiyatro-egitimi\/"},"modified":"2026-04-16T02:02:13","modified_gmt":"2026-04-15T23:02:13","slug":"uygulamali-tiyatro-egitimi","status":"publish","type":"product","link":"https:\/\/roveyayinevi.com.tr\/index.php\/urun\/uygulamali-tiyatro-egitimi\/","title":{"rendered":"Uygulamal\u0131 Tiyatro E\u011fitimi"},"content":{"rendered":"<p>Tiyatro sanat\u0131, zor ve b\u00fcy\u00fck disiplin isteyen \u00e7al\u0131\u015fmalar\u0131n bir bile\u015fkesidir. Tiyatronun insana ve oyuncuya katt\u0131klar\u0131 \u00f6nemlidir. Rol yapmak, oynamay\u0131 \u00f6\u011frenmek, v\u00fccudunu bir enstr\u00fcman gibi kullanmak uzun bir \u00e7al\u0131\u015fma ve disiplin gerektirir. Tiyatro, hem ge\u00e7mi\u015fe \u0131\u015f\u0131k tutar hem de gelece\u011fi ayd\u0131nlat\u0131r. Bir oyuncu kendi v\u00fccudunu tan\u0131man\u0131n yan\u0131 s\u0131ra, t\u00fcm tiyatro tarzlar\u0131n\u0131 ve stillerini bilmek zorundad\u0131r. Bu kitapta ses e\u011fitimi, v\u00fccut e\u011fitimi, oyunculuk e\u011fitimi, Antik Yunan oyunculu\u011fu, Orta \u00c7a\u011f tiyatrosu, Shakespeare, Stanislawski, abs\u00fcrt, epik, deneysel oyunculuk, komedi oyunculu\u011fu, pantomim oyunculu\u011fu, sanat ve edebiyat ak\u0131mlar\u0131, karakter tahlilleri, tiratlar ve daha pek \u00e7ok teorik ve pratik bilginin yan\u0131 s\u0131ra 299 adet oyunculuk uygulamas\u0131 bulunmaktad\u0131r. <\/p>\n","protected":false},"excerpt":{"rendered":"<p>Tiyatro sanat\u0131, zor ve b\u00fcy\u00fck disiplin isteyen \u00e7al\u0131\u015fmalar\u0131n bir bile\u015fkesidir. Tiyatronun insana ve oyuncuya katt\u0131klar\u0131 \u00f6nemlidir. Rol yapmak, oynamay\u0131 \u00f6\u011frenmek, v\u00fccudunu bir enstr\u00fcman gibi kullanmak uzun<span class=\"excerpt-hellip\"> [\u2026]<\/span><\/p>\n","protected":false},"featured_media":0,"template":"","meta":{"_monsterinsights_skip_tracking":false,"_monsterinsights_sitenote_active":false,"_monsterinsights_sitenote_note":"","_monsterinsights_sitenote_category":0},"product_brand":[],"product_cat":[12409,12408],"product_tag":[],"class_list":{"0":"post-692285","1":"product","2":"type-product","3":"status-publish","5":"product_cat-fotograf-sinema-tiyatro","6":"product_cat-sanat","7":"pa_cilt-ciltsiz","8":"pa_tur-kitap","9":"pa_yayinevi-pozitif-yayinlari","10":"pa_yazar-yilmaz-arikan","12":"first","13":"instock","14":"sale","15":"shipping-taxable","16":"purchasable","17":"product-type-simple"},"_links":{"self":[{"href":"https:\/\/roveyayinevi.com.tr\/index.php\/wp-json\/wp\/v2\/product\/692285","targetHints":{"allow":["GET"]}}],"collection":[{"href":"https:\/\/roveyayinevi.com.tr\/index.php\/wp-json\/wp\/v2\/product"}],"about":[{"href":"https:\/\/roveyayinevi.com.tr\/index.php\/wp-json\/wp\/v2\/types\/product"}],"wp:attachment":[{"href":"https:\/\/roveyayinevi.com.tr\/index.php\/wp-json\/wp\/v2\/media?parent=692285"}],"wp:term":[{"taxonomy":"product_brand","embeddable":true,"href":"https:\/\/roveyayinevi.com.tr\/index.php\/wp-json\/wp\/v2\/product_brand?post=692285"},{"taxonomy":"product_cat","embeddable":true,"href":"https:\/\/roveyayinevi.com.tr\/index.php\/wp-json\/wp\/v2\/product_cat?post=692285"},{"taxonomy":"product_tag","embeddable":true,"href":"https:\/\/roveyayinevi.com.tr\/index.php\/wp-json\/wp\/v2\/product_tag?post=692285"}],"curies":[{"name":"wp","href":"https:\/\/api.w.org\/{rel}","templated":true}]}}