{"id":692284,"date":"2025-08-27T14:05:55","date_gmt":"2025-08-27T11:05:55","guid":{"rendered":"https:\/\/roveyayinevi.com.tr\/index.php\/urun\/tek-suclu-beyniniz\/"},"modified":"2026-04-16T02:02:13","modified_gmt":"2026-04-15T23:02:13","slug":"tek-suclu-beyniniz","status":"publish","type":"product","link":"https:\/\/roveyayinevi.com.tr\/index.php\/urun\/tek-suclu-beyniniz\/","title":{"rendered":"Tek Su\u00e7lu Beyniniz"},"content":{"rendered":"<p>Tek ihtiyac\u0131n\u0131z olan, ne kadar ola\u011fan\u00fcst\u00fc oldu\u011funuzu fark etmek. Yapman\u0131z gereken bilin\u00e7alt\u0131n\u0131z\u0131 ve zihninizi temizlemekten ba\u015fka bir \u015fey de\u011fil. \u015eimdi t\u00fcm bunlardan sonra ruhunuzun ve bedeninizin kap\u0131lar\u0131n\u0131 a\u00e7ma vakti.   Sinir sistemi ile ilgili son y\u0131llarda ortaya konan bilimsel veriler \u0131\u015f\u0131\u011f\u0131nda g\u00f6rsel unsurlarla desteklenmi\u015f, anla\u015f\u0131lmas\u0131 kolay, titiz bir \u00e7al\u0131\u015fma, ya\u015fant\u0131m\u0131z\u0131n her an\u0131nda uygulayabilece\u011fimiz metodik bir \u00f6\u011freti. &#8216;Yapabilirim&#8217; kavram\u0131n\u0131n nas\u0131l yap\u0131laca\u011f\u0131n\u0131 \u00f6\u011frenmek isteyenler i\u00e7in&#8230; \u00d6mer Tural (Beyin Cerrah\u0131)   E\u011fer tek bir ki\u015fisel geli\u015fim kitab\u0131 okuma \u015fans\u0131n var deselerdi kesinlikle tercihim \u2018Tek Su\u00e7lu Beyniniz\u2019 olurdu. Kontrol\u00fcn\u00fczden \u00e7\u0131kan hayat\u0131n\u0131z\u0131 \u2018tekrar nas\u0131l kontrol alt\u0131na alabilirim?\u2019 sorusuna cevap bulmak ve \u2018Yapabilirim\u2019 kavram\u0131n\u0131 teoriden prati\u011fe d\u00f6n\u00fc\u015ft\u00fcrmek istiyorsan\u0131z, emin olun arad\u0131\u011f\u0131n\u0131z kitap bu&#8230;                                                                           Muharrem Ka\u015f\u0131to\u011flu (Yay\u0131nc\u0131)   Hani insan bazen elinde bir mum ile karanl\u0131kta bir \u015fey arar, g\u00f6z\u00fcn\u00fcn \u00f6n\u00fcnde olan bir \u015feyi bile g\u00f6rmekte zorlan\u0131r. Sonra biri gelir ve \u0131\u015f\u0131\u011f\u0131 a\u00e7ar. \u2018hay Allah ne aptal\u0131m, ben niye ak\u0131l edemedim\u2019 dersiniz ve arad\u0131\u011f\u0131n\u0131z\u0131 bulursunuz ya. \u0130\u015fte bu kitap tam olarak o i\u015flevi g\u00f6r\u00fcyor ve asl\u0131nda burnumuzun dibinde olan ama g\u00f6remedi\u011fimiz \u015feyi bulmam\u0131z\u0131 sa\u011fl\u0131yor. Kural basit, inan\u0131n kal\u0131plar\u0131 k\u0131r\u0131n ve ba\u015far\u0131n.                                                                                                                                          B.Alt\u0131nok (Okur)   <\/p>\n","protected":false},"excerpt":{"rendered":"<p>Tek ihtiyac\u0131n\u0131z olan, ne kadar ola\u011fan\u00fcst\u00fc oldu\u011funuzu fark etmek. Yapman\u0131z gereken bilin\u00e7alt\u0131n\u0131z\u0131 ve zihninizi temizlemekten ba\u015fka bir \u015fey de\u011fil. \u015eimdi t\u00fcm bunlardan sonra ruhunuzun ve bedeninizin<span class=\"excerpt-hellip\"> [\u2026]<\/span><\/p>\n","protected":false},"featured_media":0,"template":"","meta":{"_monsterinsights_skip_tracking":false,"_monsterinsights_sitenote_active":false,"_monsterinsights_sitenote_note":"","_monsterinsights_sitenote_category":0},"product_brand":[],"product_cat":[12364,12376],"product_tag":[],"class_list":{"0":"post-692284","1":"product","2":"type-product","3":"status-publish","5":"product_cat-genel-konular","6":"product_cat-kisisel-gelisim","7":"pa_cilt-ciltsiz","8":"pa_tur-kitap","9":"pa_yayinevi-pozitif-yayinlari","10":"pa_yazar-yasemin-soysal","12":"first","13":"instock","14":"sale","15":"shipping-taxable","16":"purchasable","17":"product-type-simple"},"_links":{"self":[{"href":"https:\/\/roveyayinevi.com.tr\/index.php\/wp-json\/wp\/v2\/product\/692284","targetHints":{"allow":["GET"]}}],"collection":[{"href":"https:\/\/roveyayinevi.com.tr\/index.php\/wp-json\/wp\/v2\/product"}],"about":[{"href":"https:\/\/roveyayinevi.com.tr\/index.php\/wp-json\/wp\/v2\/types\/product"}],"wp:attachment":[{"href":"https:\/\/roveyayinevi.com.tr\/index.php\/wp-json\/wp\/v2\/media?parent=692284"}],"wp:term":[{"taxonomy":"product_brand","embeddable":true,"href":"https:\/\/roveyayinevi.com.tr\/index.php\/wp-json\/wp\/v2\/product_brand?post=692284"},{"taxonomy":"product_cat","embeddable":true,"href":"https:\/\/roveyayinevi.com.tr\/index.php\/wp-json\/wp\/v2\/product_cat?post=692284"},{"taxonomy":"product_tag","embeddable":true,"href":"https:\/\/roveyayinevi.com.tr\/index.php\/wp-json\/wp\/v2\/product_tag?post=692284"}],"curies":[{"name":"wp","href":"https:\/\/api.w.org\/{rel}","templated":true}]}}