{"id":692279,"date":"2025-08-27T14:05:54","date_gmt":"2025-08-27T11:05:54","guid":{"rendered":"https:\/\/roveyayinevi.com.tr\/index.php\/urun\/gregor-ve-felaket-kehaneti\/"},"modified":"2025-11-22T02:22:17","modified_gmt":"2025-11-21T23:22:17","slug":"gregor-ve-felaket-kehaneti","status":"publish","type":"product","link":"https:\/\/roveyayinevi.com.tr\/index.php\/urun\/gregor-ve-felaket-kehaneti\/","title":{"rendered":"Gregor ve Felaket Kehaneti"},"content":{"rendered":"<p>Tutkunu Oldu\u011funuz A\u00e7l\u0131k Oyunlar\u0131 Serisinin Yazar\u0131 Suzanne Collins&#8217;ten Farkl\u0131 Yeni Bir D\u00fcnya! Yeralt\u0131 G\u00fcnl\u00fckleri Artan Temposuyla Yepyeni Bir Macerada Devam Ediyor. <\/p>\n","protected":false},"excerpt":{"rendered":"<p>Tutkunu Oldu\u011funuz A\u00e7l\u0131k Oyunlar\u0131 Serisinin Yazar\u0131 Suzanne Collins&#8217;ten Farkl\u0131 Yeni Bir D\u00fcnya! Yeralt\u0131 G\u00fcnl\u00fckleri Artan Temposuyla Yepyeni Bir Macerada Devam Ediyor.<\/p>\n","protected":false},"featured_media":0,"template":"","meta":{"_monsterinsights_skip_tracking":false,"_monsterinsights_sitenote_active":false,"_monsterinsights_sitenote_note":"","_monsterinsights_sitenote_category":0},"product_brand":[],"product_cat":[12291,14777],"product_tag":[],"class_list":{"0":"post-692279","1":"product","2":"type-product","3":"status-publish","5":"product_cat-edebiyat","6":"product_cat-fantastik","7":"pa_tur-kitap","8":"pa_yayinevi-pegasus-yayinlari","9":"pa_yazar-suzanne-collins","11":"first","12":"instock","13":"sale","14":"shipping-taxable","15":"purchasable","16":"product-type-simple"},"_links":{"self":[{"href":"https:\/\/roveyayinevi.com.tr\/index.php\/wp-json\/wp\/v2\/product\/692279","targetHints":{"allow":["GET"]}}],"collection":[{"href":"https:\/\/roveyayinevi.com.tr\/index.php\/wp-json\/wp\/v2\/product"}],"about":[{"href":"https:\/\/roveyayinevi.com.tr\/index.php\/wp-json\/wp\/v2\/types\/product"}],"wp:attachment":[{"href":"https:\/\/roveyayinevi.com.tr\/index.php\/wp-json\/wp\/v2\/media?parent=692279"}],"wp:term":[{"taxonomy":"product_brand","embeddable":true,"href":"https:\/\/roveyayinevi.com.tr\/index.php\/wp-json\/wp\/v2\/product_brand?post=692279"},{"taxonomy":"product_cat","embeddable":true,"href":"https:\/\/roveyayinevi.com.tr\/index.php\/wp-json\/wp\/v2\/product_cat?post=692279"},{"taxonomy":"product_tag","embeddable":true,"href":"https:\/\/roveyayinevi.com.tr\/index.php\/wp-json\/wp\/v2\/product_tag?post=692279"}],"curies":[{"name":"wp","href":"https:\/\/api.w.org\/{rel}","templated":true}]}}