{"id":692273,"date":"2025-08-27T14:05:53","date_gmt":"2025-08-27T11:05:53","guid":{"rendered":"https:\/\/roveyayinevi.com.tr\/index.php\/urun\/sov-ve-mahrem\/"},"modified":"2026-04-16T02:02:13","modified_gmt":"2026-04-15T23:02:13","slug":"sov-ve-mahrem","status":"publish","type":"product","link":"https:\/\/roveyayinevi.com.tr\/index.php\/urun\/sov-ve-mahrem\/","title":{"rendered":"\u015eov ve Mahrem"},"content":{"rendered":"<p>Anlam d\u00fcnyas\u0131n\u0131n farkl\u0131 u\u00e7lar\u0131nda yer alan iki kavram; \u015fov ve mahrem. Postmodern d\u00f6nemde,  mahrem  olan\u0131n s\u0131n\u0131rlar\u0131  \u015fov  taraf\u0131ndan a\u015f\u0131nd\u0131r\u0131l\u0131yor ve \u015fov, mahremi esir al\u0131yor. Kitle k\u00fclt\u00fcr\u00fcn\u00fcn i\u00e7ine s\u0131k\u0131\u015fm\u0131\u015f insan, varolman\u0131n yolunu  fark edilmekte  bulduk\u00e7a g\u00f6r\u00fcnt\u00fclere s\u0131\u011f\u0131n\u0131yor. Kimlikler imajlar \u00fczerinde in\u015fa edilirken din\u00ee\/ahlak\u00ee normlar\u0131n yerini modan\u0131n lokomotifli\u011finde t\u00fcketim kriterleri al\u0131yor. Art\u0131k sokaklar sahne, insanlar oyuncu. Oyunu yazanlarsa  kamusal alan\u0131n m\u00fcbarekleri  yani modac\u0131lar. Kutsal\u0131n\u0131n kaybeden d\u00fcnya, yeni kutsallar aray\u0131\u015f\u0131nda modac\u0131lara teslim oluyor. Mahremiyet s\u0131n\u0131rlar\u0131nda kalmas\u0131 gerekenlerin teker teker  \u015fov  malzemesine d\u00f6n\u00fc\u015ft\u00fcr\u00fcld\u00fc\u011f\u00fcne bir d\u00f6nemde Sosyolog Fatma Karab\u0131y\u0131k Barbaroso\u011flu, \u00e7a\u011f\u0131m\u0131z\u0131n \u00e7eli\u015fki \u00fczerie yazd\u0131; \u015eov ve Mahrem. <\/p>\n","protected":false},"excerpt":{"rendered":"<p>Anlam d\u00fcnyas\u0131n\u0131n farkl\u0131 u\u00e7lar\u0131nda yer alan iki kavram; \u015fov ve mahrem. Postmodern d\u00f6nemde, mahrem olan\u0131n s\u0131n\u0131rlar\u0131 \u015fov taraf\u0131ndan a\u015f\u0131nd\u0131r\u0131l\u0131yor ve \u015fov, mahremi esir al\u0131yor. Kitle k\u00fclt\u00fcr\u00fcn\u00fcn<span class=\"excerpt-hellip\"> [\u2026]<\/span><\/p>\n","protected":false},"featured_media":0,"template":"","meta":{"_monsterinsights_skip_tracking":false,"_monsterinsights_sitenote_active":false,"_monsterinsights_sitenote_note":"","_monsterinsights_sitenote_category":0},"product_brand":[],"product_cat":[12835,12324],"product_tag":[],"class_list":{"0":"post-692273","1":"product","2":"type-product","3":"status-publish","5":"product_cat-genel-sosyoloji","6":"product_cat-sosyoloji","7":"pa_tur-kitap","8":"pa_yayinevi-profil-kitap","9":"pa_yazar-fatma-barbarosoglu","11":"first","12":"instock","13":"sale","14":"shipping-taxable","15":"purchasable","16":"product-type-simple"},"_links":{"self":[{"href":"https:\/\/roveyayinevi.com.tr\/index.php\/wp-json\/wp\/v2\/product\/692273","targetHints":{"allow":["GET"]}}],"collection":[{"href":"https:\/\/roveyayinevi.com.tr\/index.php\/wp-json\/wp\/v2\/product"}],"about":[{"href":"https:\/\/roveyayinevi.com.tr\/index.php\/wp-json\/wp\/v2\/types\/product"}],"wp:attachment":[{"href":"https:\/\/roveyayinevi.com.tr\/index.php\/wp-json\/wp\/v2\/media?parent=692273"}],"wp:term":[{"taxonomy":"product_brand","embeddable":true,"href":"https:\/\/roveyayinevi.com.tr\/index.php\/wp-json\/wp\/v2\/product_brand?post=692273"},{"taxonomy":"product_cat","embeddable":true,"href":"https:\/\/roveyayinevi.com.tr\/index.php\/wp-json\/wp\/v2\/product_cat?post=692273"},{"taxonomy":"product_tag","embeddable":true,"href":"https:\/\/roveyayinevi.com.tr\/index.php\/wp-json\/wp\/v2\/product_tag?post=692273"}],"curies":[{"name":"wp","href":"https:\/\/api.w.org\/{rel}","templated":true}]}}