{"id":692270,"date":"2025-08-27T14:05:53","date_gmt":"2025-08-27T11:05:53","guid":{"rendered":"https:\/\/roveyayinevi.com.tr\/index.php\/urun\/son-duzluk\/"},"modified":"2026-04-16T02:02:13","modified_gmt":"2026-04-15T23:02:13","slug":"son-duzluk","status":"publish","type":"product","link":"https:\/\/roveyayinevi.com.tr\/index.php\/urun\/son-duzluk\/","title":{"rendered":"Son D\u00fczl\u00fck"},"content":{"rendered":"<p>Ni\u00e7in \u0130brahim Tenekeci&#8217;nin \u015fiirlerini okuyoruz? Birincisi, ba\u015far\u0131l\u0131 ve benzersiz bir \u015fair. \u0130kincisi, samimi. Tenekeci, hem s\u00f6zden taviz vermeyen, hem de ses ve m\u00fczikaliteyi \u00f6nceleyen bir \u015fair. S\u00fcrprizli \u00dc\u00e7 K\u00f6p\u00fck \u00e7\u0131k\u0131\u015f\u0131ndan sonra \u015fiir dilini daha da geli\u015ftirdi ve i\u015fte budur diyebilece\u011fimiz birses tonu yakalad\u0131. \u0130yi bir \u015fairin yazd\u0131\u011f\u0131 iyi bir nesri okudu\u011funuzda da bu ses tonunu duyars\u0131n\u0131z. Elimde \u015fimdi, \u0130brahim Tenekeci&#8217;ni Son D\u00fczl\u00fck kitab\u0131 var. \u015eunu rahatl\u0131kla s\u00f6yleyebiliriz art\u0131k: Kar\u015f\u0131m\u0131zda sadece iyi bir \u015fair de\u011fil, ayn\u0131 zamanda usta bir denemeci var. Meselesi olan bir denemeci&#8230; En g\u00fczel taraf\u0131 da \u015fu: Tenekeci yaz\u0131lar\u0131n\u0131, deneme t\u00fcr\u00fcn\u00fcn \u00e7at\u0131k ka\u015fl\u0131 ciddiyetinden uzak tutuyor. Hem co\u015fkulu, hem olabildi\u011fince muzip. Daha da \u00f6nemlisi, ilgin\u00e7. \u0130lgin\u00e7 olmaya \u00e7al\u0131\u015fmayan bir ilgin\u00e7lik bu. Sahici bir taraf\u0131 var yani&#8230; \u0130yi bir kitap okumak isterseniz, size, deneme t\u00fcr\u00fcne itibar\u0131n\u0131 iade eden Son D\u00fczl\u00fck&#8217;\u00fc \u00f6neririm. Ahmet Keke\u00e7 Yeni \u015eafak Kitap 29 Aral\u0131k 2005 \ufffcTan\u0131t\u0131m Metni<\/p>\n","protected":false},"excerpt":{"rendered":"<p>Ni\u00e7in \u0130brahim Tenekeci&#8217;nin \u015fiirlerini okuyoruz? Birincisi, ba\u015far\u0131l\u0131 ve benzersiz bir \u015fair. \u0130kincisi, samimi. Tenekeci, hem s\u00f6zden taviz vermeyen, hem de ses ve m\u00fczikaliteyi \u00f6nceleyen bir \u015fair.<span class=\"excerpt-hellip\"> [\u2026]<\/span><\/p>\n","protected":false},"featured_media":0,"template":"","meta":{"_monsterinsights_skip_tracking":false,"_monsterinsights_sitenote_active":false,"_monsterinsights_sitenote_note":"","_monsterinsights_sitenote_category":0},"product_brand":[],"product_cat":[12777,12291],"product_tag":[],"class_list":{"0":"post-692270","1":"product","2":"type-product","3":"status-publish","5":"product_cat-deneme","6":"product_cat-edebiyat","7":"pa_cilt-ciltsiz","8":"pa_tur-kitap","9":"pa_yayinevi-profil-kitap","10":"pa_yazar-ibrahim-tenekeci","12":"first","13":"instock","14":"sale","15":"shipping-taxable","16":"purchasable","17":"product-type-simple"},"_links":{"self":[{"href":"https:\/\/roveyayinevi.com.tr\/index.php\/wp-json\/wp\/v2\/product\/692270","targetHints":{"allow":["GET"]}}],"collection":[{"href":"https:\/\/roveyayinevi.com.tr\/index.php\/wp-json\/wp\/v2\/product"}],"about":[{"href":"https:\/\/roveyayinevi.com.tr\/index.php\/wp-json\/wp\/v2\/types\/product"}],"wp:attachment":[{"href":"https:\/\/roveyayinevi.com.tr\/index.php\/wp-json\/wp\/v2\/media?parent=692270"}],"wp:term":[{"taxonomy":"product_brand","embeddable":true,"href":"https:\/\/roveyayinevi.com.tr\/index.php\/wp-json\/wp\/v2\/product_brand?post=692270"},{"taxonomy":"product_cat","embeddable":true,"href":"https:\/\/roveyayinevi.com.tr\/index.php\/wp-json\/wp\/v2\/product_cat?post=692270"},{"taxonomy":"product_tag","embeddable":true,"href":"https:\/\/roveyayinevi.com.tr\/index.php\/wp-json\/wp\/v2\/product_tag?post=692270"}],"curies":[{"name":"wp","href":"https:\/\/api.w.org\/{rel}","templated":true}]}}