{"id":692267,"date":"2025-08-27T14:05:52","date_gmt":"2025-08-27T11:05:52","guid":{"rendered":"https:\/\/roveyayinevi.com.tr\/index.php\/urun\/sizofren\/"},"modified":"2026-04-16T02:02:13","modified_gmt":"2026-04-15T23:02:13","slug":"sizofren","status":"publish","type":"product","link":"https:\/\/roveyayinevi.com.tr\/index.php\/urun\/sizofren\/","title":{"rendered":"\u015eizofren"},"content":{"rendered":"<p>Ne kadar zaman ge\u00e7ti\u011fi \u00f6nemli de\u011fil Ne kadar de\u011fi\u015fti\u011fin \u00f6nemli de\u011fil Sessizlik seni \u00e7\u0131ld\u0131rtmaya devam edecek Ve deh\u015fetin so\u011fuk pen\u00e7esini hissedeceksin. <\/p>\n","protected":false},"excerpt":{"rendered":"<p>Ne kadar zaman ge\u00e7ti\u011fi \u00f6nemli de\u011fil Ne kadar de\u011fi\u015fti\u011fin \u00f6nemli de\u011fil Sessizlik seni \u00e7\u0131ld\u0131rtmaya devam edecek Ve deh\u015fetin so\u011fuk pen\u00e7esini hissedeceksin.<\/p>\n","protected":false},"featured_media":0,"template":"","meta":{"_monsterinsights_skip_tracking":false,"_monsterinsights_sitenote_active":false,"_monsterinsights_sitenote_note":"","_monsterinsights_sitenote_category":0},"product_brand":[],"product_cat":[12291,17033],"product_tag":[],"class_list":{"0":"post-692267","1":"product","2":"type-product","3":"status-publish","5":"product_cat-edebiyat","6":"product_cat-korku-gerilim","7":"pa_tur-kitap","8":"pa_yayinevi-pegasus-yayinlari","9":"pa_yazar-wulf-dorn","11":"first","12":"instock","13":"sale","14":"shipping-taxable","15":"purchasable","16":"product-type-simple"},"_links":{"self":[{"href":"https:\/\/roveyayinevi.com.tr\/index.php\/wp-json\/wp\/v2\/product\/692267","targetHints":{"allow":["GET"]}}],"collection":[{"href":"https:\/\/roveyayinevi.com.tr\/index.php\/wp-json\/wp\/v2\/product"}],"about":[{"href":"https:\/\/roveyayinevi.com.tr\/index.php\/wp-json\/wp\/v2\/types\/product"}],"wp:attachment":[{"href":"https:\/\/roveyayinevi.com.tr\/index.php\/wp-json\/wp\/v2\/media?parent=692267"}],"wp:term":[{"taxonomy":"product_brand","embeddable":true,"href":"https:\/\/roveyayinevi.com.tr\/index.php\/wp-json\/wp\/v2\/product_brand?post=692267"},{"taxonomy":"product_cat","embeddable":true,"href":"https:\/\/roveyayinevi.com.tr\/index.php\/wp-json\/wp\/v2\/product_cat?post=692267"},{"taxonomy":"product_tag","embeddable":true,"href":"https:\/\/roveyayinevi.com.tr\/index.php\/wp-json\/wp\/v2\/product_tag?post=692267"}],"curies":[{"name":"wp","href":"https:\/\/api.w.org\/{rel}","templated":true}]}}