{"id":692265,"date":"2025-08-27T14:05:52","date_gmt":"2025-08-27T11:05:52","guid":{"rendered":"https:\/\/roveyayinevi.com.tr\/index.php\/urun\/modern-dunya-tarihi-cep-boy\/"},"modified":"2026-04-16T02:02:13","modified_gmt":"2026-04-15T23:02:13","slug":"modern-dunya-tarihi-cep-boy","status":"publish","type":"product","link":"https:\/\/roveyayinevi.com.tr\/index.php\/urun\/modern-dunya-tarihi-cep-boy\/","title":{"rendered":"Modern D\u00fcnya Tarihi &#8211; Cep Boy"},"content":{"rendered":"<p>Yaz\u0131lan tarihi kitaplar genelde Bat\u0131 hakimiyetine ve \u00fcst\u00fcnl\u00fc\u011f\u00fcne vurgu yaparlar. Ba\u015fka medeniyetleri, milletleri hi\u00e7e sayarlar. \u00d6nemli icatlar\u0131, d\u00fcnyay\u0131 etkileyen ekonomik ve bilimsel olaylar\u0131 neredeyse g\u00f6rmezden gelirler. \ufffcTan\u0131t\u0131m Metni<\/p>\n","protected":false},"excerpt":{"rendered":"<p>Yaz\u0131lan tarihi kitaplar genelde Bat\u0131 hakimiyetine ve \u00fcst\u00fcnl\u00fc\u011f\u00fcne vurgu yaparlar. Ba\u015fka medeniyetleri, milletleri hi\u00e7e sayarlar. \u00d6nemli icatlar\u0131, d\u00fcnyay\u0131 etkileyen ekonomik ve bilimsel olaylar\u0131 neredeyse g\u00f6rmezden gelirler.<span class=\"excerpt-hellip\"> [\u2026]<\/span><\/p>\n","protected":false},"featured_media":0,"template":"","meta":{"_monsterinsights_skip_tracking":false,"_monsterinsights_sitenote_active":false,"_monsterinsights_sitenote_note":"","_monsterinsights_sitenote_category":0},"product_brand":[],"product_cat":[12305,12304],"product_tag":[],"class_list":{"0":"post-692265","1":"product","2":"type-product","3":"status-publish","5":"product_cat-dunya-tarihi","6":"product_cat-tarih","7":"pa_cilt-ciltsiz","8":"pa_tur-kitap","9":"pa_yayinevi-pozitif-yayinlari","10":"pa_yazar-william-woodruff","12":"first","13":"instock","14":"sale","15":"shipping-taxable","16":"purchasable","17":"product-type-simple"},"_links":{"self":[{"href":"https:\/\/roveyayinevi.com.tr\/index.php\/wp-json\/wp\/v2\/product\/692265","targetHints":{"allow":["GET"]}}],"collection":[{"href":"https:\/\/roveyayinevi.com.tr\/index.php\/wp-json\/wp\/v2\/product"}],"about":[{"href":"https:\/\/roveyayinevi.com.tr\/index.php\/wp-json\/wp\/v2\/types\/product"}],"wp:attachment":[{"href":"https:\/\/roveyayinevi.com.tr\/index.php\/wp-json\/wp\/v2\/media?parent=692265"}],"wp:term":[{"taxonomy":"product_brand","embeddable":true,"href":"https:\/\/roveyayinevi.com.tr\/index.php\/wp-json\/wp\/v2\/product_brand?post=692265"},{"taxonomy":"product_cat","embeddable":true,"href":"https:\/\/roveyayinevi.com.tr\/index.php\/wp-json\/wp\/v2\/product_cat?post=692265"},{"taxonomy":"product_tag","embeddable":true,"href":"https:\/\/roveyayinevi.com.tr\/index.php\/wp-json\/wp\/v2\/product_tag?post=692265"}],"curies":[{"name":"wp","href":"https:\/\/api.w.org\/{rel}","templated":true}]}}