{"id":692264,"date":"2025-08-27T14:05:51","date_gmt":"2025-08-27T11:05:51","guid":{"rendered":"https:\/\/roveyayinevi.com.tr\/index.php\/urun\/kostebek\/"},"modified":"2026-04-16T02:02:13","modified_gmt":"2026-04-15T23:02:13","slug":"kostebek","status":"publish","type":"product","link":"https:\/\/roveyayinevi.com.tr\/index.php\/urun\/kostebek\/","title":{"rendered":"K\u00f6stebek"},"content":{"rendered":"<p>Ba\u015fka T\u00fcrkiye yok diyerek yola \u00e7\u0131km\u0131\u015f ve bunun bedelini can\u0131yla \u00f6demi\u015f ger\u00e7ek bir vatansever Necip Hablemito\u011flu, K\u00f6stebek kitab\u0131nda devlet kademelerindeki \u00f6rg\u00fctlenmeleri, devletin nas\u0131l ele ge\u00e7irildi\u011fini, devlet-paralel devlet \u00e7eki\u015fmelerini ve a\u00e7aca\u011f\u0131 sonu\u00e7lar\u0131 ku\u015fkuya yer b\u0131rakmadan belgelerle ispatl\u0131yor. \ufffcTan\u0131t\u0131m Metni<\/p>\n","protected":false},"excerpt":{"rendered":"<p>Ba\u015fka T\u00fcrkiye yok diyerek yola \u00e7\u0131km\u0131\u015f ve bunun bedelini can\u0131yla \u00f6demi\u015f ger\u00e7ek bir vatansever Necip Hablemito\u011flu, K\u00f6stebek kitab\u0131nda devlet kademelerindeki \u00f6rg\u00fctlenmeleri, devletin nas\u0131l ele ge\u00e7irildi\u011fini, devlet-paralel<span class=\"excerpt-hellip\"> [\u2026]<\/span><\/p>\n","protected":false},"featured_media":0,"template":"","meta":{"_monsterinsights_skip_tracking":false,"_monsterinsights_sitenote_active":false,"_monsterinsights_sitenote_note":"","_monsterinsights_sitenote_category":0},"product_brand":[],"product_cat":[12304,13493],"product_tag":[],"class_list":{"0":"post-692264","1":"product","2":"type-product","3":"status-publish","5":"product_cat-tarih","6":"product_cat-turkiye-ve-cumhuriyet-tarihi","7":"pa_cilt-ciltsiz","8":"pa_tur-kitap","9":"pa_yayinevi-pozitif-yayinlari","10":"pa_yazar-necip-hablemitoglu","12":"first","13":"instock","14":"sale","15":"shipping-taxable","16":"purchasable","17":"product-type-simple"},"_links":{"self":[{"href":"https:\/\/roveyayinevi.com.tr\/index.php\/wp-json\/wp\/v2\/product\/692264","targetHints":{"allow":["GET"]}}],"collection":[{"href":"https:\/\/roveyayinevi.com.tr\/index.php\/wp-json\/wp\/v2\/product"}],"about":[{"href":"https:\/\/roveyayinevi.com.tr\/index.php\/wp-json\/wp\/v2\/types\/product"}],"wp:attachment":[{"href":"https:\/\/roveyayinevi.com.tr\/index.php\/wp-json\/wp\/v2\/media?parent=692264"}],"wp:term":[{"taxonomy":"product_brand","embeddable":true,"href":"https:\/\/roveyayinevi.com.tr\/index.php\/wp-json\/wp\/v2\/product_brand?post=692264"},{"taxonomy":"product_cat","embeddable":true,"href":"https:\/\/roveyayinevi.com.tr\/index.php\/wp-json\/wp\/v2\/product_cat?post=692264"},{"taxonomy":"product_tag","embeddable":true,"href":"https:\/\/roveyayinevi.com.tr\/index.php\/wp-json\/wp\/v2\/product_tag?post=692264"}],"curies":[{"name":"wp","href":"https:\/\/api.w.org\/{rel}","templated":true}]}}