{"id":692263,"date":"2025-08-27T14:05:51","date_gmt":"2025-08-27T11:05:51","guid":{"rendered":"https:\/\/roveyayinevi.com.tr\/index.php\/urun\/cocuklarin-sevdigi-365-yaratici-oyun\/"},"modified":"2026-04-16T02:02:13","modified_gmt":"2026-04-15T23:02:13","slug":"cocuklarin-sevdigi-365-yaratici-oyun","status":"publish","type":"product","link":"https:\/\/roveyayinevi.com.tr\/index.php\/urun\/cocuklarin-sevdigi-365-yaratici-oyun\/","title":{"rendered":"\u00c7ocuklar\u0131n Sevdi\u011fi 365 Yarat\u0131c\u0131 Oyun"},"content":{"rendered":"<p>Sakin, Yarat\u0131c\u0131 ve E\u011flenceli Saatler Bu Kitapta..!\u201cYarat\u0131c\u0131 ve sa\u011fl\u0131kl\u0131 \u00e7ocuklar yeti\u015ftirmenin yollar\u0131 bu kitapta.\u201d- Healty Kids\u201c\u00c7ocuklar\u0131 i\u00e7in yeni oyunlar arayan anne-babalar bu kitab\u0131 g\u00f6r\u00fcnce rahatlayacaklar. Art\u0131k her g\u00fcne bir oyun var. &#8211; Parenting MagazineErken ya\u015flar \u00e7ocu\u011funuzun geli\u015fimini b\u00fcy\u00fck oranda etkiler: D\u00fcnya ile nas\u0131l etkile\u015fim kuracak, problemleri nas\u0131l \u00e7\u00f6zecek ve kendisini nas\u0131l tan\u0131yacak? \u00c7ocu\u011funuzun oynamay\u0131 \u00f6\u011frenmesi, y\u00fcr\u00fcmeyi, konu\u015fmay\u0131 ve okumay\u0131 \u00f6\u011frenmesi kadar \u00f6nemlidir. \u00c7\u00fcnk\u00fc oyun, her \u015fekli ile \u00e7ocuklar ve ebeveynlerine e\u011flenceli, etkile\u015fimli, olumlu tecr\u00fcbeler kazand\u0131r\u0131r.Yarat\u0131c\u0131 oyun hayal g\u00fcc\u00fcn\u00fcn geli\u015fmesine olanak sa\u011flar, ebeveyn-\u00e7ocuk ili\u015fkilerini alabildi\u011fine geli\u015ftirir ve aktif kat\u0131l\u0131m sayesinde hayata dair \u00e7e\u015fitli yetenekler ve \u00f6zellikler kazand\u0131r\u0131r.Bu kitap \u00e7ocuklar\u0131n\u0131zla birlikte b\u00fcy\u00fcl\u00fc bir vakit ge\u00e7irmeniz i\u00e7in size \u00e7e\u015fitli fikirler sunacak. Bu fikirler aras\u0131nda sanat, yap\u0131, zanaat, dans, e\u011fitim, \u00e7evre, aile, besin ve yemek, oyunlar, \u00e7i\u00e7ek\u00e7ilik, hayalcilik, m\u00fczik ve do\u011fa vard\u0131r.D\u00fcnya \u00e7ap\u0131ndaki iki de\u011ferli uzman Sheila Ellison ve Judith Gray pedagoglardan da yard\u0131m alarak \u00e7ocuklar\u0131 gelece\u011fe haz\u0131rlayacak yarat\u0131c\u0131 oyunlar\u0131n listesini \u00e7\u0131kard\u0131lar. Bu oyunlar \u00e7ocuklar\u0131 zaman\u0131n k\u00f6t\u00fc al\u0131\u015fkanl\u0131klar\u0131ndan kurtaracak ve gelece\u011fe g\u00fcvenli bir ad\u0131m atmalar\u0131n\u0131 sa\u011flayacak. <\/p>\n","protected":false},"excerpt":{"rendered":"<p>Sakin, Yarat\u0131c\u0131 ve E\u011flenceli Saatler Bu Kitapta..!\u201cYarat\u0131c\u0131 ve sa\u011fl\u0131kl\u0131 \u00e7ocuklar yeti\u015ftirmenin yollar\u0131 bu kitapta.\u201d- Healty Kids\u201c\u00c7ocuklar\u0131 i\u00e7in yeni oyunlar arayan anne-babalar bu kitab\u0131 g\u00f6r\u00fcnce rahatlayacaklar. Art\u0131k<span class=\"excerpt-hellip\"> [\u2026]<\/span><\/p>\n","protected":false},"featured_media":0,"template":"","meta":{"_monsterinsights_skip_tracking":false,"_monsterinsights_sitenote_active":false,"_monsterinsights_sitenote_note":"","_monsterinsights_sitenote_category":0},"product_brand":[],"product_cat":[14902,13365],"product_tag":[],"class_list":{"0":"post-692263","1":"product","2":"type-product","3":"status-publish","5":"product_cat-annelik-ve-cocuk-bakimi","6":"product_cat-saglik","7":"pa_cilt-ciltsiz","8":"pa_tur-kitap","9":"pa_yayinevi-pozitif-yayinlari","10":"pa_yazar-sheila-ellison-judith-gray","12":"first","13":"instock","14":"sale","15":"shipping-taxable","16":"purchasable","17":"product-type-simple"},"_links":{"self":[{"href":"https:\/\/roveyayinevi.com.tr\/index.php\/wp-json\/wp\/v2\/product\/692263","targetHints":{"allow":["GET"]}}],"collection":[{"href":"https:\/\/roveyayinevi.com.tr\/index.php\/wp-json\/wp\/v2\/product"}],"about":[{"href":"https:\/\/roveyayinevi.com.tr\/index.php\/wp-json\/wp\/v2\/types\/product"}],"wp:attachment":[{"href":"https:\/\/roveyayinevi.com.tr\/index.php\/wp-json\/wp\/v2\/media?parent=692263"}],"wp:term":[{"taxonomy":"product_brand","embeddable":true,"href":"https:\/\/roveyayinevi.com.tr\/index.php\/wp-json\/wp\/v2\/product_brand?post=692263"},{"taxonomy":"product_cat","embeddable":true,"href":"https:\/\/roveyayinevi.com.tr\/index.php\/wp-json\/wp\/v2\/product_cat?post=692263"},{"taxonomy":"product_tag","embeddable":true,"href":"https:\/\/roveyayinevi.com.tr\/index.php\/wp-json\/wp\/v2\/product_tag?post=692263"}],"curies":[{"name":"wp","href":"https:\/\/api.w.org\/{rel}","templated":true}]}}