{"id":692259,"date":"2025-08-27T14:05:50","date_gmt":"2025-08-27T11:05:50","guid":{"rendered":"https:\/\/roveyayinevi.com.tr\/index.php\/urun\/tarihimizle-hesaplasmak\/"},"modified":"2026-04-16T02:02:13","modified_gmt":"2026-04-15T23:02:13","slug":"tarihimizle-hesaplasmak","status":"publish","type":"product","link":"https:\/\/roveyayinevi.com.tr\/index.php\/urun\/tarihimizle-hesaplasmak\/","title":{"rendered":"Tarihimizle Hesapla\u015fmak"},"content":{"rendered":"<p>Fatih R\u0131fk\u0131 Atay neden.  Ke\u015fke Atat\u00fcrk Nutuk&#8217;u hi\u00e7 yazmasayd\u0131  dedi? Mizanc\u0131 Murad&#8217;\u0131n  Gen\u00e7 T\u00fcrkler  i\u00e7in imal ve icad etti\u011fi Gen\u00e7 Osman&#8217;\u0131n, tarihte ya\u015fam\u0131\u015f olan Sultan 2. Osman&#8217;la tan\u0131\u015f\u0131p tan\u0131\u015fmad\u0131klar\u0131, ciddi olarak cevaplamas\u0131 gereken bir sorudur. B\u00fct\u00fcn bir muhte\u015fem 17. y\u00fczy\u0131l, musikimizin \u015fehr\u00e2yinleriyle doldurdu\u011fu bir 18. y\u00fczy\u0131l ve emperyalistler kar\u015f\u0131s\u0131ndaki inan\u0131lmaz direni\u015fiyle bir 19. y\u00fczy\u0131l karanl\u0131\u011fa terk edilince, ba\u015fl\u0131yor as\u0131l dram\u0131m\u0131z. Nereden geldi\u011fini bilmeyen bir tak\u0131m varl\u0131klara benziyoruz giderek&#8230; H\u00fcrrem Sultan&#8217;dan sonra de\u011fi\u015fen ne oldu? Nas\u0131l oldu da ilk defa bir padi\u015fah k\u0131z\u0131 Mihrimah Sultan bu kadar \u00f6ne \u00e7\u0131kt\u0131, g\u00f6r\u00fcn\u00fcrl\u00fck kazand\u0131 ve \u00fcstelik \u0130stanbul&#8217;daki iki camiye birden ismi verildi? \u0130kinci Me\u015frutiyet d\u00f6neminde ilk b\u00fcy\u00fck travmay\u0131, Cumhuriyet&#8217;ten sonra ise ikinci b\u00fcy\u00fck travmay\u0131 ya\u015fad\u0131k. Yani tarihi iki kat buzlu cam\u0131n arkas\u0131ndan g\u00f6rmeye \u00e7al\u0131\u015f\u0131yoruz. Bu tarihin sa\u011fl\u0131kl\u0131 olabilmesi m\u00fcmk\u00fcn m\u00fcd\u00fcr? O y\u00fczden  y\u00fczs\u00fcz  bir tarih bu&#8230; Fetihler asl\u0131nda birer iddiayd\u0131; buray\u0131 biz sizden daha iyi y\u00f6netiriz iddias\u0131. Biz as\u0131l iddiam\u0131z\u0131 kaybettik. Hayatta hi\u00e7bir iddias\u0131 kalmam\u0131\u015f nesillerin o fetihleri anlamas\u0131n\u0131 beklemek Van G\u00f6l\u00fc&#8217;ne okyanusu doldurmak gibi bir \u015fey olurdu. Mustafa Arma\u011fan bilinmeyenleri g\u00fcn y\u00fcz\u00fcne \u00e7\u0131kartmaya devam ediyor ve ekliyor:  Hesapla\u015fma ka\u00e7\u0131n\u0131lmaz g\u00f6r\u00fcn\u00fcyor&#8230; Er ya da ge\u00e7. <\/p>\n","protected":false},"excerpt":{"rendered":"<p>Fatih R\u0131fk\u0131 Atay neden. Ke\u015fke Atat\u00fcrk Nutuk&#8217;u hi\u00e7 yazmasayd\u0131 dedi? Mizanc\u0131 Murad&#8217;\u0131n Gen\u00e7 T\u00fcrkler i\u00e7in imal ve icad etti\u011fi Gen\u00e7 Osman&#8217;\u0131n, tarihte ya\u015fam\u0131\u015f olan Sultan 2.<span class=\"excerpt-hellip\"> [\u2026]<\/span><\/p>\n","protected":false},"featured_media":0,"template":"","meta":{"_monsterinsights_skip_tracking":false,"_monsterinsights_sitenote_active":false,"_monsterinsights_sitenote_note":"","_monsterinsights_sitenote_category":0},"product_brand":[],"product_cat":[13517,12304],"product_tag":[],"class_list":{"0":"post-692259","1":"product","2":"type-product","3":"status-publish","5":"product_cat-osmanli-tarihi","6":"product_cat-tarih","7":"pa_cilt-ciltsiz","8":"pa_tur-kitap","9":"pa_yayinevi-profil-kitap","10":"pa_yazar-mustafa-armagan","12":"first","13":"instock","14":"sale","15":"shipping-taxable","16":"purchasable","17":"product-type-simple"},"_links":{"self":[{"href":"https:\/\/roveyayinevi.com.tr\/index.php\/wp-json\/wp\/v2\/product\/692259","targetHints":{"allow":["GET"]}}],"collection":[{"href":"https:\/\/roveyayinevi.com.tr\/index.php\/wp-json\/wp\/v2\/product"}],"about":[{"href":"https:\/\/roveyayinevi.com.tr\/index.php\/wp-json\/wp\/v2\/types\/product"}],"wp:attachment":[{"href":"https:\/\/roveyayinevi.com.tr\/index.php\/wp-json\/wp\/v2\/media?parent=692259"}],"wp:term":[{"taxonomy":"product_brand","embeddable":true,"href":"https:\/\/roveyayinevi.com.tr\/index.php\/wp-json\/wp\/v2\/product_brand?post=692259"},{"taxonomy":"product_cat","embeddable":true,"href":"https:\/\/roveyayinevi.com.tr\/index.php\/wp-json\/wp\/v2\/product_cat?post=692259"},{"taxonomy":"product_tag","embeddable":true,"href":"https:\/\/roveyayinevi.com.tr\/index.php\/wp-json\/wp\/v2\/product_tag?post=692259"}],"curies":[{"name":"wp","href":"https:\/\/api.w.org\/{rel}","templated":true}]}}