{"id":692258,"date":"2025-08-27T14:05:50","date_gmt":"2025-08-27T11:05:50","guid":{"rendered":"https:\/\/roveyayinevi.com.tr\/index.php\/urun\/yeni-dunya-duzeni\/"},"modified":"2026-04-16T02:02:13","modified_gmt":"2026-04-15T23:02:13","slug":"yeni-dunya-duzeni","status":"publish","type":"product","link":"https:\/\/roveyayinevi.com.tr\/index.php\/urun\/yeni-dunya-duzeni\/","title":{"rendered":"Yeni D\u00fcnya D\u00fczeni"},"content":{"rendered":"<p>11 Eyl\u00fcl olay\u0131n\u0131n perde arkas\u0131nda Amerikan devleti mi var? ABD&#8217;nin Afganistan ve Irak operasyonlar\u0131ndaki ger\u00e7ek amac\u0131 neydi ve nas\u0131l oldu da ABD hi\u00e7bir g\u00fc\u00e7l\u00fckle kar\u015f\u0131la\u015fmadan Irak&#8217;\u0131 i\u015fgal etti? S\u00f6ylenildi\u011fi gibi ABD ve \u0130ngiltere, Irak&#8217;ta bata\u011fa m\u0131 sapland\u0131 yoksa bu da ba\u015fka bir plan\u0131n a\u015famas\u0131 m\u0131? \u0130srail t\u00fcm bu karma\u015fadan nasl\u0131 bir sonu\u00e7la \u00e7\u0131kmak istiyor? Yeni Ortado\u011fu haritas\u0131yla yeni d\u00fcnya d\u00fczeni kuruldu mu? Yeni d\u00fcnya d\u00fczeni nas\u0131l bir ekonomik yap\u0131y\u0131 model al\u0131yor? D\u00fcnya bir tarafta, ABD ve Avrupa Birli\u011fi, di\u011fer tarafta; Rusya ve \u00c7in diye bloklara m\u0131 ayr\u0131l\u0131yor? T\u00fcrkiye&#8217;nin yeni Ortado\u011fu haritas\u0131 ve yeni d\u00fcnya d\u00fczeninde yeri neresi? Akl\u0131n\u0131z\u0131 kurcalayan t\u00fcm bu sorulara, s\u0131rad\u0131\u015f\u0131 bir ak\u0131l y\u00fcr\u00fctme ve kusursuz bir mant\u0131kla \u00fcnl\u00fc stratejist Mahir Kaynak cevap veriyor.<\/p>\n","protected":false},"excerpt":{"rendered":"<p>11 Eyl\u00fcl olay\u0131n\u0131n perde arkas\u0131nda Amerikan devleti mi var? ABD&#8217;nin Afganistan ve Irak operasyonlar\u0131ndaki ger\u00e7ek amac\u0131 neydi ve nas\u0131l oldu da ABD hi\u00e7bir g\u00fc\u00e7l\u00fckle kar\u015f\u0131la\u015fmadan Irak&#8217;\u0131<span class=\"excerpt-hellip\"> [\u2026]<\/span><\/p>\n","protected":false},"featured_media":0,"template":"","meta":{"_monsterinsights_skip_tracking":false,"_monsterinsights_sitenote_active":false,"_monsterinsights_sitenote_note":"","_monsterinsights_sitenote_category":0},"product_brand":[],"product_cat":[13596,12337],"product_tag":[],"class_list":{"0":"post-692258","1":"product","2":"type-product","3":"status-publish","5":"product_cat-avrupa-birligi","6":"product_cat-politika-siyaset","7":"pa_cilt-ciltsiz","8":"pa_tur-kitap","9":"pa_yayinevi-profil-kitap","10":"pa_yazar-mahir-kaynak","12":"first","13":"instock","14":"sale","15":"shipping-taxable","16":"purchasable","17":"product-type-simple"},"_links":{"self":[{"href":"https:\/\/roveyayinevi.com.tr\/index.php\/wp-json\/wp\/v2\/product\/692258","targetHints":{"allow":["GET"]}}],"collection":[{"href":"https:\/\/roveyayinevi.com.tr\/index.php\/wp-json\/wp\/v2\/product"}],"about":[{"href":"https:\/\/roveyayinevi.com.tr\/index.php\/wp-json\/wp\/v2\/types\/product"}],"wp:attachment":[{"href":"https:\/\/roveyayinevi.com.tr\/index.php\/wp-json\/wp\/v2\/media?parent=692258"}],"wp:term":[{"taxonomy":"product_brand","embeddable":true,"href":"https:\/\/roveyayinevi.com.tr\/index.php\/wp-json\/wp\/v2\/product_brand?post=692258"},{"taxonomy":"product_cat","embeddable":true,"href":"https:\/\/roveyayinevi.com.tr\/index.php\/wp-json\/wp\/v2\/product_cat?post=692258"},{"taxonomy":"product_tag","embeddable":true,"href":"https:\/\/roveyayinevi.com.tr\/index.php\/wp-json\/wp\/v2\/product_tag?post=692258"}],"curies":[{"name":"wp","href":"https:\/\/api.w.org\/{rel}","templated":true}]}}