{"id":692257,"date":"2025-08-27T14:05:50","date_gmt":"2025-08-27T11:05:50","guid":{"rendered":"https:\/\/roveyayinevi.com.tr\/index.php\/urun\/tufeksiz-hareketler\/"},"modified":"2026-04-16T02:02:13","modified_gmt":"2026-04-15T23:02:13","slug":"tufeksiz-hareketler","status":"publish","type":"product","link":"https:\/\/roveyayinevi.com.tr\/index.php\/urun\/tufeksiz-hareketler\/","title":{"rendered":"T\u00fcfeksiz Hareketler"},"content":{"rendered":"<p>Madem \u015fu \u00e7i\u011fdemin bir fikri; \u015fu ser\u00e7enin \u00f6zel e\u015fyas\u0131; \u015fu ta\u015f\u0131n yar\u0131na kalma kayg\u0131s\u0131 yok, Bunlar\u0131n hi\u00e7biri bende de olmas\u0131n \u2026 Diye \u00e7ok d\u00fc\u015f\u00fcnd\u00fcm. Hatta kendimce birtak\u0131m kararlar bile ald\u0131m.Ama olmuyor. Bir yandan yazd\u0131klar\u0131m vas\u0131tas\u0131yla fikir beyan ediyor, bir yandan olmad\u0131k \u015feylerin koleksiyonunu yap\u0131yor, bir yandan da yar\u0131na daha fazla kalabilmek i\u00e7in t\u00fcm g\u00fcc\u00fcmle \u015fiire aban\u0131yorum. \u00d6zledi\u011fim veya heves etti\u011fim d\u00fcnya ile i\u00e7inde bulundu\u011fum d\u00fcnya aras\u0131nda, kabul etmek gerekir ki, d\u00fcnya kadar fark var .Do\u011frudur, bir otun bile iddias\u0131 vard\u0131r. Fakat bunu asla dile getirmez. Do\u011frudur, havaya att\u0131\u011f\u0131m\u0131z ta\u015f bile tekrara d\u00fc\u015fmez. Bir kar tanesi bile kendini asla tekrar etmez. Ama biz ederiz. <\/p>\n","protected":false},"excerpt":{"rendered":"<p>Madem \u015fu \u00e7i\u011fdemin bir fikri; \u015fu ser\u00e7enin \u00f6zel e\u015fyas\u0131; \u015fu ta\u015f\u0131n yar\u0131na kalma kayg\u0131s\u0131 yok, Bunlar\u0131n hi\u00e7biri bende de olmas\u0131n \u2026 Diye \u00e7ok d\u00fc\u015f\u00fcnd\u00fcm. Hatta kendimce<span class=\"excerpt-hellip\"> [\u2026]<\/span><\/p>\n","protected":false},"featured_media":0,"template":"","meta":{"_monsterinsights_skip_tracking":false,"_monsterinsights_sitenote_active":false,"_monsterinsights_sitenote_note":"","_monsterinsights_sitenote_category":0},"product_brand":[],"product_cat":[12777,12291],"product_tag":[],"class_list":{"0":"post-692257","1":"product","2":"type-product","3":"status-publish","5":"product_cat-deneme","6":"product_cat-edebiyat","7":"pa_cilt-ciltsiz","8":"pa_tur-kitap","9":"pa_yayinevi-profil-kitap","10":"pa_yazar-ibrahim-tenekeci","12":"first","13":"instock","14":"sale","15":"shipping-taxable","16":"purchasable","17":"product-type-simple"},"_links":{"self":[{"href":"https:\/\/roveyayinevi.com.tr\/index.php\/wp-json\/wp\/v2\/product\/692257","targetHints":{"allow":["GET"]}}],"collection":[{"href":"https:\/\/roveyayinevi.com.tr\/index.php\/wp-json\/wp\/v2\/product"}],"about":[{"href":"https:\/\/roveyayinevi.com.tr\/index.php\/wp-json\/wp\/v2\/types\/product"}],"wp:attachment":[{"href":"https:\/\/roveyayinevi.com.tr\/index.php\/wp-json\/wp\/v2\/media?parent=692257"}],"wp:term":[{"taxonomy":"product_brand","embeddable":true,"href":"https:\/\/roveyayinevi.com.tr\/index.php\/wp-json\/wp\/v2\/product_brand?post=692257"},{"taxonomy":"product_cat","embeddable":true,"href":"https:\/\/roveyayinevi.com.tr\/index.php\/wp-json\/wp\/v2\/product_cat?post=692257"},{"taxonomy":"product_tag","embeddable":true,"href":"https:\/\/roveyayinevi.com.tr\/index.php\/wp-json\/wp\/v2\/product_tag?post=692257"}],"curies":[{"name":"wp","href":"https:\/\/api.w.org\/{rel}","templated":true}]}}