{"id":692255,"date":"2025-08-27T14:05:50","date_gmt":"2025-08-27T11:05:50","guid":{"rendered":"https:\/\/roveyayinevi.com.tr\/index.php\/urun\/intihar\/"},"modified":"2026-04-16T02:02:13","modified_gmt":"2026-04-15T23:02:13","slug":"intihar","status":"publish","type":"product","link":"https:\/\/roveyayinevi.com.tr\/index.php\/urun\/intihar\/","title":{"rendered":"\u0130ntihar"},"content":{"rendered":"<p>Modern sosyolojinin kurucusu olarak kabul edilen Emile Durkheim, sosyolojiyi \u00f6zellikle ba\u011f\u0131ms\u0131z akademik bir disiplin haline getirmeye \u00e7al\u0131\u015fm\u0131\u015f bu alandaki k\u00fcrs\u00fc sahibi ilk ki\u015fidir. Modern sosyolojideki temel perspektiflerden biri olan yap\u0131sal i\u015flevselcili\u011fin kurulmas\u0131na katk\u0131da bulunmu\u015ftur. Sosyolojik bir ba\u015fyap\u0131t olan bu kitab\u0131nda Durkheim, \u201c\u00d6len ki\u015fi taraf\u0131ndan \u00f6l\u00fcmle sonu\u00e7lanaca\u011f\u0131n\u0131 bilerek olumlu veya olumsuz bir edimin do\u011frudan ya da dolayl\u0131 sonucu olan her \u00f6l\u00fcm olay\u0131na intihar denir\u201d der. Durkheim intihar olay\u0131n\u0131 a\u00e7\u0131klamak \u00fczere \u00f6nce o zamana de\u011fin bu konuda \u00f6ne s\u00fcr\u00fclm\u00fc\u015f b\u00fct\u00fcn belli ba\u015fl\u0131 g\u00f6r\u00fc\u015fleri irdelemekle i\u015fe ba\u015flad\u0131\u011f\u0131 bu kitab\u0131nda, bunlar\u0131n ge\u00e7ersizli\u011fini ve yetersizli\u011fini birer birer kan\u0131tlad\u0131ktan sonra kendi \u00f6nerisini ortaya koyuyor. Durkheim&#8217;in sosyolog olmas\u0131 konulara daha toplumsal bir g\u00f6zle bakmas\u0131n\u0131 sa\u011flarken kitaptaki her ele\u015ftirisini bilimsel verilere dayand\u0131r\u0131yor. Onun kuram\u0131na dayanarak y\u00fczy\u0131l\u0131 a\u015fk\u0131n s\u00fcredir y\u00fczlerce \u00e7al\u0131\u015fma yap\u0131lmas\u0131na ra\u011fmen, De\u011ferli Hocam\u0131z Z\u00fchre \u0130lkgelen\u2019in Frans\u0131zca asl\u0131ndan T\u00fcrk\u00e7eye kazand\u0131rd\u0131\u011f\u0131  Durkheim\u2019\u0131n bu kitab\u0131, intihar \u00fczerine yaz\u0131lm\u0131\u015f en kapsaml\u0131, en ger\u00e7ek\u00e7i ve en ba\u015far\u0131l\u0131 kitap olmaya devam ediyor.<\/p>\n","protected":false},"excerpt":{"rendered":"<p>Modern sosyolojinin kurucusu olarak kabul edilen Emile Durkheim, sosyolojiyi \u00f6zellikle ba\u011f\u0131ms\u0131z akademik bir disiplin haline getirmeye \u00e7al\u0131\u015fm\u0131\u015f bu alandaki k\u00fcrs\u00fc sahibi ilk ki\u015fidir. Modern sosyolojideki temel<span class=\"excerpt-hellip\"> [\u2026]<\/span><\/p>\n","protected":false},"featured_media":0,"template":"","meta":{"_monsterinsights_skip_tracking":false,"_monsterinsights_sitenote_active":false,"_monsterinsights_sitenote_note":"","_monsterinsights_sitenote_category":0},"product_brand":[],"product_cat":[12325,12324],"product_tag":[],"class_list":{"0":"post-692255","1":"product","2":"type-product","3":"status-publish","5":"product_cat-diger-sosyoloji","6":"product_cat-sosyoloji","7":"pa_cilt-ciltsiz","8":"pa_tur-kitap","9":"pa_yayinevi-pozitif-yayinlari","10":"pa_yazar-emile-durkheim","12":"first","13":"instock","14":"sale","15":"shipping-taxable","16":"purchasable","17":"product-type-simple"},"_links":{"self":[{"href":"https:\/\/roveyayinevi.com.tr\/index.php\/wp-json\/wp\/v2\/product\/692255","targetHints":{"allow":["GET"]}}],"collection":[{"href":"https:\/\/roveyayinevi.com.tr\/index.php\/wp-json\/wp\/v2\/product"}],"about":[{"href":"https:\/\/roveyayinevi.com.tr\/index.php\/wp-json\/wp\/v2\/types\/product"}],"wp:attachment":[{"href":"https:\/\/roveyayinevi.com.tr\/index.php\/wp-json\/wp\/v2\/media?parent=692255"}],"wp:term":[{"taxonomy":"product_brand","embeddable":true,"href":"https:\/\/roveyayinevi.com.tr\/index.php\/wp-json\/wp\/v2\/product_brand?post=692255"},{"taxonomy":"product_cat","embeddable":true,"href":"https:\/\/roveyayinevi.com.tr\/index.php\/wp-json\/wp\/v2\/product_cat?post=692255"},{"taxonomy":"product_tag","embeddable":true,"href":"https:\/\/roveyayinevi.com.tr\/index.php\/wp-json\/wp\/v2\/product_tag?post=692255"}],"curies":[{"name":"wp","href":"https:\/\/api.w.org\/{rel}","templated":true}]}}