{"id":692252,"date":"2025-08-27T14:05:49","date_gmt":"2025-08-27T11:05:49","guid":{"rendered":"https:\/\/roveyayinevi.com.tr\/index.php\/urun\/bir-psikologun-itiraflari\/"},"modified":"2026-04-16T02:02:12","modified_gmt":"2026-04-15T23:02:12","slug":"bir-psikologun-itiraflari","status":"publish","type":"product","link":"https:\/\/roveyayinevi.com.tr\/index.php\/urun\/bir-psikologun-itiraflari\/","title":{"rendered":"Bir Psikolo\u011fun \u0130tiraflar\u0131"},"content":{"rendered":"<p>Kitab\u0131mda yaz\u0131lanlar bir psikolog olarak sadece beni ba\u011flar.   Bu kitap, tamamen ger\u00e7ek ya\u015famlara ve deneyimlere dayanmaktad\u0131r. Bu kitapta ger\u00e7ek ya\u015fam \u00f6yk\u00fclerinden kesitleri ve ki\u015filik \u00e7\u00f6z\u00fcmlemelerini bulacaks\u0131n\u0131z. T\u00fcrkiye&#8217;nin psiko-sosyolojik yap\u0131s\u0131yla ilgili yap\u0131c\u0131 ele\u015ftiriler yine ger\u00e7ek olaylar\u0131n, sahici ki\u015filiklerin ve kurumlar\u0131n incelemeleriyle ele al\u0131n\u0131yor. \u00dclkenin beyninden y\u00fcre\u011finden eksik olmayan dertlerin, ac\u0131lar\u0131n, adaletsizliklerin \u00f6yk\u00fcleri psikolojinin savunma mekanizmalar\u0131yla ve vaka \u00e7\u00f6z\u00fcmlemeleriyle i\u00e7 i\u00e7e anlat\u0131yor. Bu milletin ba\u015f\u0131na ne geliyor ise psikoloji bilmeyi\u015finden geliyor. Toplum olarak ya\u015fad\u0131\u011f\u0131m\u0131z \u00e7at\u0131\u015fmalar, \u00e7o\u011falan davran\u0131\u015f bozukluklar\u0131n\u0131n psikodinamiklerinin neler oldu\u011funu bilmememizden kaynaklan\u0131yor.   Psikolog Nur Yayc\u0131o\u011flu (Elmas) 1964 TED Ankara Koleji, 1972 \u0130stanbul \u00dcniversitesi Psikoloji b\u00f6l\u00fcm\u00fc mezunudur. 20 y\u0131l s\u00fcreyle devlet hastanelerinde klinik psikolog olarak g\u00f6rev yapm\u0131\u015ft\u0131r.  <\/p>\n","protected":false},"excerpt":{"rendered":"<p>Kitab\u0131mda yaz\u0131lanlar bir psikolog olarak sadece beni ba\u011flar. Bu kitap, tamamen ger\u00e7ek ya\u015famlara ve deneyimlere dayanmaktad\u0131r. Bu kitapta ger\u00e7ek ya\u015fam \u00f6yk\u00fclerinden kesitleri ve ki\u015filik \u00e7\u00f6z\u00fcmlemelerini bulacaks\u0131n\u0131z.<span class=\"excerpt-hellip\"> [\u2026]<\/span><\/p>\n","protected":false},"featured_media":0,"template":"","meta":{"_monsterinsights_skip_tracking":false,"_monsterinsights_sitenote_active":false,"_monsterinsights_sitenote_note":"","_monsterinsights_sitenote_category":0},"product_brand":[],"product_cat":[13701,12291],"product_tag":[],"class_list":{"0":"post-692252","1":"product","2":"type-product","3":"status-publish","5":"product_cat-ani-mektup-gunluk","6":"product_cat-edebiyat","7":"pa_cilt-ciltsiz","8":"pa_tur-kitap","9":"pa_yayinevi-pozitif-yayinlari","10":"pa_yazar-nur-yaycioglu","12":"first","13":"instock","14":"sale","15":"shipping-taxable","16":"purchasable","17":"product-type-simple"},"_links":{"self":[{"href":"https:\/\/roveyayinevi.com.tr\/index.php\/wp-json\/wp\/v2\/product\/692252","targetHints":{"allow":["GET"]}}],"collection":[{"href":"https:\/\/roveyayinevi.com.tr\/index.php\/wp-json\/wp\/v2\/product"}],"about":[{"href":"https:\/\/roveyayinevi.com.tr\/index.php\/wp-json\/wp\/v2\/types\/product"}],"wp:attachment":[{"href":"https:\/\/roveyayinevi.com.tr\/index.php\/wp-json\/wp\/v2\/media?parent=692252"}],"wp:term":[{"taxonomy":"product_brand","embeddable":true,"href":"https:\/\/roveyayinevi.com.tr\/index.php\/wp-json\/wp\/v2\/product_brand?post=692252"},{"taxonomy":"product_cat","embeddable":true,"href":"https:\/\/roveyayinevi.com.tr\/index.php\/wp-json\/wp\/v2\/product_cat?post=692252"},{"taxonomy":"product_tag","embeddable":true,"href":"https:\/\/roveyayinevi.com.tr\/index.php\/wp-json\/wp\/v2\/product_tag?post=692252"}],"curies":[{"name":"wp","href":"https:\/\/api.w.org\/{rel}","templated":true}]}}