{"id":692250,"date":"2025-08-27T14:05:49","date_gmt":"2025-08-27T11:05:49","guid":{"rendered":"https:\/\/roveyayinevi.com.tr\/index.php\/urun\/olum-hukmu\/"},"modified":"2026-04-16T02:02:12","modified_gmt":"2026-04-15T23:02:12","slug":"olum-hukmu","status":"publish","type":"product","link":"https:\/\/roveyayinevi.com.tr\/index.php\/urun\/olum-hukmu\/","title":{"rendered":"\u00d6l\u00fcm H\u00fckm\u00fc"},"content":{"rendered":"<p>Sovyet devrine siyasi, iktisadi ve sosyal bak\u0131mdan \u0131\u015f\u0131k tutan \u00e7ok y\u00f6nl\u00fc bir eserdir. Azerbaycan&#8217;daki 70 y\u0131ll\u0131k Sovyet rejiminin ne kadar zalim, ne kadar adaletsiz, ne kadar ahlaks\u0131z oldu\u011funu b\u00fct\u00fcn somutlu\u011fuyla g\u00f6zler \u00f6n\u00fcne serer. Zengin \u015fuuralt\u0131na sahip kahramanlar\u0131yla psikolojik olgular\u0131 gayet g\u00fczel bir \u015fekilde aksettirmekte, bu tahakk\u00fcm\u00fcn h\u00fcviyetinin anla\u015f\u0131lmas\u0131n\u0131 sa\u011flayan felsef\u00ee d\u00fc\u015f\u00fcncelere de yer vermektedir. \u0130lgin\u00e7 olan hususlardan biri: hacimli eserde anlat\u0131lan hadiselerin Nisan ay\u0131n\u0131n \u00fc\u00e7 g\u00fcn\u00fcnde ge\u00e7mesidir. Yazar\u0131n  Her \u015eey Ge\u00e7ip Gidiyor hik\u00e2yesi de bu roman\u0131n bir b\u00f6l\u00fcm\u00fcd\u00fcr. <\/p>\n","protected":false},"excerpt":{"rendered":"<p>Sovyet devrine siyasi, iktisadi ve sosyal bak\u0131mdan \u0131\u015f\u0131k tutan \u00e7ok y\u00f6nl\u00fc bir eserdir. Azerbaycan&#8217;daki 70 y\u0131ll\u0131k Sovyet rejiminin ne kadar zalim, ne kadar adaletsiz, ne kadar<span class=\"excerpt-hellip\"> [\u2026]<\/span><\/p>\n","protected":false},"featured_media":0,"template":"","meta":{"_monsterinsights_skip_tracking":false,"_monsterinsights_sitenote_active":false,"_monsterinsights_sitenote_note":"","_monsterinsights_sitenote_category":0},"product_brand":[],"product_cat":[12291,13570],"product_tag":[],"class_list":{"0":"post-692250","1":"product","2":"type-product","3":"status-publish","5":"product_cat-edebiyat","6":"product_cat-rus-edebiyati","7":"pa_tur-kitap","8":"pa_yayinevi-otuken-nesriyat","9":"pa_yazar-elcin-efendiyef","11":"first","12":"instock","13":"sale","14":"shipping-taxable","15":"purchasable","16":"product-type-simple"},"_links":{"self":[{"href":"https:\/\/roveyayinevi.com.tr\/index.php\/wp-json\/wp\/v2\/product\/692250","targetHints":{"allow":["GET"]}}],"collection":[{"href":"https:\/\/roveyayinevi.com.tr\/index.php\/wp-json\/wp\/v2\/product"}],"about":[{"href":"https:\/\/roveyayinevi.com.tr\/index.php\/wp-json\/wp\/v2\/types\/product"}],"wp:attachment":[{"href":"https:\/\/roveyayinevi.com.tr\/index.php\/wp-json\/wp\/v2\/media?parent=692250"}],"wp:term":[{"taxonomy":"product_brand","embeddable":true,"href":"https:\/\/roveyayinevi.com.tr\/index.php\/wp-json\/wp\/v2\/product_brand?post=692250"},{"taxonomy":"product_cat","embeddable":true,"href":"https:\/\/roveyayinevi.com.tr\/index.php\/wp-json\/wp\/v2\/product_cat?post=692250"},{"taxonomy":"product_tag","embeddable":true,"href":"https:\/\/roveyayinevi.com.tr\/index.php\/wp-json\/wp\/v2\/product_tag?post=692250"}],"curies":[{"name":"wp","href":"https:\/\/api.w.org\/{rel}","templated":true}]}}