{"id":692249,"date":"2025-08-27T14:05:49","date_gmt":"2025-08-27T11:05:49","guid":{"rendered":"https:\/\/roveyayinevi.com.tr\/index.php\/urun\/osmanlidan-cumhuriyete-portre-denemeleri\/"},"modified":"2026-04-16T02:02:12","modified_gmt":"2026-04-15T23:02:12","slug":"osmanlidan-cumhuriyete-portre-denemeleri","status":"publish","type":"product","link":"https:\/\/roveyayinevi.com.tr\/index.php\/urun\/osmanlidan-cumhuriyete-portre-denemeleri\/","title":{"rendered":"Osmanl\u0131\u2019dan Cumhuriyet&#8217;e Portre Denemeleri"},"content":{"rendered":"<p>Bu kitapta portreleri \u00e7izilmeye \u00e7al\u0131\u015f\u0131lan isimlerden \u00e7o\u011fu Osmanl\u0131\u2019n\u0131n son demlerini ya\u015fay\u0131p Cumhuriyet\u2019i idrak eden insanlara aittir. Ancak onlar\u0131n yeti\u015fmekte olan ku\u015faklar\u0131n malumu olmad\u0131\u011f\u0131 da ac\u0131 bir ger\u00e7ektir. D\u00fcnden bug\u00fcne, T\u00fcrk toplumunun \u00fcretti\u011fi insan malzemesinin boyutlar\u0131n\u0131n yeterince g\u00fcn\u0131\u015f\u0131\u011f\u0131na \u00e7ekilememi\u015f olu\u015fu tarihimizin s\u00fcreklili\u011fine mani bir vurdumduymazl\u0131k \u00f6rne\u011fidir. Bug\u00fcn nice cevherli insan\u0131m\u0131z\u0131 nisyan bulutlar\u0131n\u0131n arkas\u0131na terketti\u011fimiz bir hakikattir. \u0130simler \u00e7o\u011falt\u0131labilir, tahliller derinle\u015ftirilebilirse bin y\u0131ld\u0131r bu topraklarda devam eden heyecan\u0131m\u0131z\u0131n, varl\u0131\u011f\u0131m\u0131z\u0131n bekas\u0131 i\u00e7in esasl\u0131 bir ivmeyi sa\u011flayaca\u011f\u0131ndan \u015f\u00fcphe edilmemelidir. \ufffc<\/p>\n","protected":false},"excerpt":{"rendered":"<p>Bu kitapta portreleri \u00e7izilmeye \u00e7al\u0131\u015f\u0131lan isimlerden \u00e7o\u011fu Osmanl\u0131\u2019n\u0131n son demlerini ya\u015fay\u0131p Cumhuriyet\u2019i idrak eden insanlara aittir. Ancak onlar\u0131n yeti\u015fmekte olan ku\u015faklar\u0131n malumu olmad\u0131\u011f\u0131 da ac\u0131 bir<span class=\"excerpt-hellip\"> [\u2026]<\/span><\/p>\n","protected":false},"featured_media":0,"template":"","meta":{"_monsterinsights_skip_tracking":false,"_monsterinsights_sitenote_active":false,"_monsterinsights_sitenote_note":"","_monsterinsights_sitenote_category":0},"product_brand":[],"product_cat":[13517,12304],"product_tag":[],"class_list":{"0":"post-692249","1":"product","2":"type-product","3":"status-publish","5":"product_cat-osmanli-tarihi","6":"product_cat-tarih","7":"pa_tur-kitap","8":"pa_yayinevi-otuken-nesriyat","9":"pa_yazar-ahmed-guner-sayar","11":"first","12":"instock","13":"sale","14":"shipping-taxable","15":"purchasable","16":"product-type-simple"},"_links":{"self":[{"href":"https:\/\/roveyayinevi.com.tr\/index.php\/wp-json\/wp\/v2\/product\/692249","targetHints":{"allow":["GET"]}}],"collection":[{"href":"https:\/\/roveyayinevi.com.tr\/index.php\/wp-json\/wp\/v2\/product"}],"about":[{"href":"https:\/\/roveyayinevi.com.tr\/index.php\/wp-json\/wp\/v2\/types\/product"}],"wp:attachment":[{"href":"https:\/\/roveyayinevi.com.tr\/index.php\/wp-json\/wp\/v2\/media?parent=692249"}],"wp:term":[{"taxonomy":"product_brand","embeddable":true,"href":"https:\/\/roveyayinevi.com.tr\/index.php\/wp-json\/wp\/v2\/product_brand?post=692249"},{"taxonomy":"product_cat","embeddable":true,"href":"https:\/\/roveyayinevi.com.tr\/index.php\/wp-json\/wp\/v2\/product_cat?post=692249"},{"taxonomy":"product_tag","embeddable":true,"href":"https:\/\/roveyayinevi.com.tr\/index.php\/wp-json\/wp\/v2\/product_tag?post=692249"}],"curies":[{"name":"wp","href":"https:\/\/api.w.org\/{rel}","templated":true}]}}